{"id":5133,"date":"2019-12-30T20:22:02","date_gmt":"2019-12-30T20:22:02","guid":{"rendered":"https:\/\/tropicseasspas.com\/?page_id=5133"},"modified":"2022-08-08T17:10:44","modified_gmt":"2022-08-08T17:10:44","slug":"weather-guard-covers","status":"publish","type":"page","link":"https:\/\/tropicseasspas.com\/fr\/features\/weather-guard-covers\/","title":{"rendered":"Housses de protection contre les intemp\u00e9ries"},"content":{"rendered":"<h1>COUVERTURES DE PROTECTION CONTRE LES INTEMP\u00c9RIES<\/p>\n<\/h1>\n<h6><strong style=\"font-family: Arial, sans-serif;\">&nbsp;<\/strong><\/h6>\n<h1 style=\"text-align: left;\"><strong style=\"font-family: Arial, sans-serif;\">Housses de protection contre les intemp\u00e9ries de Tropic Seas Spas<\/strong><\/h1>\n<h4 style=\"text-align: left;\">Investir dans une bonne couverture, c&#039;est investir dans la long\u00e9vit\u00e9 de votre spa !<\/h4>\n<\/p>\n<p style=\"text-align: left;\">Les couvertures de spa jouent un r\u00f4le important dans la prolongation de la dur\u00e9e de vie de votre spa en le prot\u00e9geant des d\u00e9bris et des conditions m\u00e9t\u00e9orologiques extr\u00eames. <strong>Les housses Weather Guard sont une am\u00e9lioration de la housse en vinyle standard.<\/strong> Ces couvertures offrent un look mis \u00e0 jour, une dur\u00e9e de vie accrue et <b>p\u00e8sent 25% de moins qu&#039;une couverture standard.<\/b><\/p>\n<p>\t\t\t\t\t\t\t\t\t\t\t\t<img decoding=\"async\" width=\"1024\" height=\"730\" src=\"https:\/\/tropicseasspas.com\/wp-content\/uploads\/2019\/12\/WeatherGuard_PinotSpa-1024x730.jpg\" alt=\"Weather Guard Hot Tub Cover\" loading=\"lazy\" srcset=\"https:\/\/tropicseasspas.com\/wp-content\/uploads\/2019\/12\/WeatherGuard_PinotSpa-1024x730.jpg 1024w, https:\/\/tropicseasspas.com\/wp-content\/uploads\/2019\/12\/WeatherGuard_PinotSpa-300x214.jpg 300w, https:\/\/tropicseasspas.com\/wp-content\/uploads\/2019\/12\/WeatherGuard_PinotSpa-768x548.jpg 768w, https:\/\/tropicseasspas.com\/wp-content\/uploads\/2019\/12\/WeatherGuard_PinotSpa-1536x1096.jpg 1536w, https:\/\/tropicseasspas.com\/wp-content\/uploads\/2019\/12\/WeatherGuard_PinotSpa-2048x1461.jpg 2048w, https:\/\/tropicseasspas.com\/wp-content\/uploads\/2019\/12\/WeatherGuard_PinotSpa-830x592.jpg 830w, https:\/\/tropicseasspas.com\/wp-content\/uploads\/2019\/12\/WeatherGuard_PinotSpa-230x164.jpg 230w, https:\/\/tropicseasspas.com\/wp-content\/uploads\/2019\/12\/WeatherGuard_PinotSpa-350x250.jpg 350w, https:\/\/tropicseasspas.com\/wp-content\/uploads\/2019\/12\/WeatherGuard_PinotSpa-480x342.jpg 480w\" sizes=\"(max-width: 1024px) 100vw, 1024px\" \/><br \/>\n\t\t\t\t\t\t\tPr\u00e9c\u00e9dent<br \/>\n\t\t\t\t\t\t\tSuivant<\/p>\n<p>M\u00e9t\u00e9o<strong> Couvertures de protection<\/strong> sont fabriqu\u00e9s \u00e0 partir de fibres de polyester et tiss\u00e9s pour former un tissu. Ces fibres restent solides \u00e0 mesure que les coutures les traversent, contrairement \u00e0 la fa\u00e7on dont le vinyle est perfor\u00e9 par une aiguille et donc affaibli au niveau des coutures. Ce processus de couture rend la housse Weather Guard deux fois plus r\u00e9sistante l\u00e0 o\u00f9 les coutures se rejoignent et conduit \u00e0 une meilleure long\u00e9vit\u00e9 et durabilit\u00e9.<\/p>\n<p>Pour prot\u00e9ger les housses de l&#039;humidit\u00e9 et des conditions m\u00e9t\u00e9orologiques difficiles, elles sont construites avec un support en ur\u00e9thane. Le support donne aux housses le soutien n\u00e9cessaire pour offrir une r\u00e9sistance accrue \u00e0 la d\u00e9chirure et \u00e0 l&#039;abrasion.<\/p>\n<p><strong>Couleurs disponibles : Pierre, Pinot, Minuit et Avoine de Mer.<\/strong><\/p>\n<h2>\n<h3 style=\"white-space: normal; text-align: center;\">PR\u00caT \u00c0 CR\u00c9ER VOTRE PROPRE OASIS TROPICALE\u00a0?<\/h3>\n<\/h2>\n<p>\t\t\t<a href=\"\/fr\/locate-a-dealer\/\" role=\"button\"><br \/>\n\t\t\t\t\t\tTROUVEZ UN REVENDEUR PR\u00c8S DE CHEZ VOUS<br \/>\n\t\t\t\t\t<\/a><\/p>","protected":false},"excerpt":{"rendered":"<p>WEATHER GUARD COVERS &nbsp; Weather Guard Covers by Tropic Seas Spas Investing in a good cover is investing in the longevity of your hot tub! Hot tub covers are an important part of extending the lifespan of your spa by protecting it from debris and severe weather conditions. Weather Guard Covers are an improvement to [&hellip;]<\/p>\n","protected":false},"author":3,"featured_media":5131,"parent":3212,"menu_order":0,"comment_status":"closed","ping_status":"closed","template":"elementor_header_footer","meta":{"_acf_changed":false,"_et_pb_use_builder":"","_et_pb_old_content":"","_et_gb_content_width":"","footnotes":""},"wf_page_folders":[],"class_list":["post-5133","page","type-page","status-publish","has-post-thumbnail","hentry"],"acf":[],"yoast_head":"<!-- This site is optimized with the Yoast SEO plugin v27.4 - https:\/\/yoast.com\/product\/yoast-seo-wordpress\/ -->\n<title>Weather Guard Covers Spa - Tropic Seas Spas<\/title>\n<meta name=\"description\" content=\"Weather Guard Covers for spa is an improvement over vinyl cover. They provide an updated look, an increased lifespan, less weight than a standard cover.\" \/>\n<meta name=\"robots\" content=\"index, follow, max-snippet:-1, max-image-preview:large, max-video-preview:-1\" \/>\n<link rel=\"canonical\" href=\"https:\/\/tropicseasspas.com\/fr\/features\/weather-guard-covers\/\" \/>\n<meta property=\"og:locale\" content=\"fr_FR\" \/>\n<meta property=\"og:type\" content=\"article\" \/>\n<meta property=\"og:title\" content=\"Weather Guard Covers Spa - Tropic Seas Spas\" \/>\n<meta property=\"og:description\" content=\"Weather Guard Covers for spa is an improvement over vinyl cover. They provide an updated look, an increased lifespan, less weight than a standard cover.\" \/>\n<meta property=\"og:url\" content=\"https:\/\/tropicseasspas.com\/fr\/features\/weather-guard-covers\/\" \/>\n<meta property=\"og:site_name\" content=\"Tropic Seas Spas\" \/>\n<meta property=\"article:modified_time\" content=\"2022-08-08T17:10:44+00:00\" \/>\n<meta property=\"og:image\" content=\"https:\/\/tropicseasspas.com\/wp-content\/uploads\/2019\/12\/WeatherGuard_Lifestyle_Pinot-scaled.jpg\" \/>\n\t<meta property=\"og:image:width\" content=\"2560\" \/>\n\t<meta property=\"og:image:height\" content=\"1711\" \/>\n\t<meta property=\"og:image:type\" content=\"image\/jpeg\" \/>\n<meta name=\"twitter:card\" content=\"summary_large_image\" \/>\n<meta name=\"twitter:label1\" content=\"Dur\u00e9e de lecture estim\u00e9e\" \/>\n\t<meta name=\"twitter:data1\" content=\"2 minutes\" \/>\n<script type=\"application\/ld+json\" class=\"yoast-schema-graph\">{\"@context\":\"https:\\\/\\\/schema.org\",\"@graph\":[{\"@type\":\"WebPage\",\"@id\":\"https:\\\/\\\/tropicseasspas.com\\\/features\\\/weather-guard-covers\\\/\",\"url\":\"https:\\\/\\\/tropicseasspas.com\\\/features\\\/weather-guard-covers\\\/\",\"name\":\"Weather Guard Covers Spa - Tropic Seas Spas\",\"isPartOf\":{\"@id\":\"https:\\\/\\\/tropicseasspas.com\\\/#website\"},\"primaryImageOfPage\":{\"@id\":\"https:\\\/\\\/tropicseasspas.com\\\/features\\\/weather-guard-covers\\\/#primaryimage\"},\"image\":{\"@id\":\"https:\\\/\\\/tropicseasspas.com\\\/features\\\/weather-guard-covers\\\/#primaryimage\"},\"thumbnailUrl\":\"https:\\\/\\\/tropicseasspas.com\\\/wp-content\\\/uploads\\\/2019\\\/12\\\/WeatherGuard_Lifestyle_Pinot-scaled.jpg\",\"datePublished\":\"2019-12-30T20:22:02+00:00\",\"dateModified\":\"2022-08-08T17:10:44+00:00\",\"description\":\"Weather Guard Covers for spa is an improvement over vinyl cover. They provide an updated look, an increased lifespan, less weight than a standard cover.\",\"breadcrumb\":{\"@id\":\"https:\\\/\\\/tropicseasspas.com\\\/features\\\/weather-guard-covers\\\/#breadcrumb\"},\"inLanguage\":\"fr-FR\",\"potentialAction\":[{\"@type\":\"ReadAction\",\"target\":[\"https:\\\/\\\/tropicseasspas.com\\\/features\\\/weather-guard-covers\\\/\"]}]},{\"@type\":\"ImageObject\",\"inLanguage\":\"fr-FR\",\"@id\":\"https:\\\/\\\/tropicseasspas.com\\\/features\\\/weather-guard-covers\\\/#primaryimage\",\"url\":\"https:\\\/\\\/tropicseasspas.com\\\/wp-content\\\/uploads\\\/2019\\\/12\\\/WeatherGuard_Lifestyle_Pinot-scaled.jpg\",\"contentUrl\":\"https:\\\/\\\/tropicseasspas.com\\\/wp-content\\\/uploads\\\/2019\\\/12\\\/WeatherGuard_Lifestyle_Pinot-scaled.jpg\",\"width\":2560,\"height\":1711,\"caption\":\"Weather Guard Cover\"},{\"@type\":\"BreadcrumbList\",\"@id\":\"https:\\\/\\\/tropicseasspas.com\\\/features\\\/weather-guard-covers\\\/#breadcrumb\",\"itemListElement\":[{\"@type\":\"ListItem\",\"position\":1,\"name\":\"Home\",\"item\":\"https:\\\/\\\/tropicseasspas.com\\\/\"},{\"@type\":\"ListItem\",\"position\":2,\"name\":\"Features\",\"item\":\"https:\\\/\\\/tropicseasspas.com\\\/features\\\/\"},{\"@type\":\"ListItem\",\"position\":3,\"name\":\"Weather Guard Covers\"}]},{\"@type\":\"WebSite\",\"@id\":\"https:\\\/\\\/tropicseasspas.com\\\/#website\",\"url\":\"https:\\\/\\\/tropicseasspas.com\\\/\",\"name\":\"Tropic Seas Spas\",\"description\":\"Hot tubs handcrafted with artistry and ergonomic design.\",\"publisher\":{\"@id\":\"https:\\\/\\\/tropicseasspas.com\\\/#organization\"},\"potentialAction\":[{\"@type\":\"SearchAction\",\"target\":{\"@type\":\"EntryPoint\",\"urlTemplate\":\"https:\\\/\\\/tropicseasspas.com\\\/?s={search_term_string}\"},\"query-input\":{\"@type\":\"PropertyValueSpecification\",\"valueRequired\":true,\"valueName\":\"search_term_string\"}}],\"inLanguage\":\"fr-FR\"},{\"@type\":\"Organization\",\"@id\":\"https:\\\/\\\/tropicseasspas.com\\\/#organization\",\"name\":\"South Seas Spas\",\"url\":\"https:\\\/\\\/tropicseasspas.com\\\/\",\"logo\":{\"@type\":\"ImageObject\",\"inLanguage\":\"fr-FR\",\"@id\":\"https:\\\/\\\/tropicseasspas.com\\\/#\\\/schema\\\/logo\\\/image\\\/\",\"url\":\"https:\\\/\\\/tropicseasspas.com\\\/wp-content\\\/uploads\\\/2019\\\/02\\\/SouthSeas_AS_Logo_vertical_blue-1.png\",\"contentUrl\":\"https:\\\/\\\/tropicseasspas.com\\\/wp-content\\\/uploads\\\/2019\\\/02\\\/SouthSeas_AS_Logo_vertical_blue-1.png\",\"width\":379,\"height\":184,\"caption\":\"South Seas Spas\"},\"image\":{\"@id\":\"https:\\\/\\\/tropicseasspas.com\\\/#\\\/schema\\\/logo\\\/image\\\/\"}}]}<\/script>\n<!-- \/ Yoast SEO plugin. -->","yoast_head_json":{"title":"Weather Guard Covers Spa - Tropic Seas Spas","description":"Weather Guard Covers for spa is an improvement over vinyl cover. They provide an updated look, an increased lifespan, less weight than a standard cover.","robots":{"index":"index","follow":"follow","max-snippet":"max-snippet:-1","max-image-preview":"max-image-preview:large","max-video-preview":"max-video-preview:-1"},"canonical":"https:\/\/tropicseasspas.com\/fr\/features\/weather-guard-covers\/","og_locale":"fr_FR","og_type":"article","og_title":"Weather Guard Covers Spa - Tropic Seas Spas","og_description":"Weather Guard Covers for spa is an improvement over vinyl cover. They provide an updated look, an increased lifespan, less weight than a standard cover.","og_url":"https:\/\/tropicseasspas.com\/fr\/features\/weather-guard-covers\/","og_site_name":"Tropic Seas Spas","article_modified_time":"2022-08-08T17:10:44+00:00","og_image":[{"width":2560,"height":1711,"url":"https:\/\/tropicseasspas.com\/wp-content\/uploads\/2019\/12\/WeatherGuard_Lifestyle_Pinot-scaled.jpg","type":"image\/jpeg"}],"twitter_card":"summary_large_image","twitter_misc":{"Dur\u00e9e de lecture estim\u00e9e":"2 minutes"},"schema":{"@context":"https:\/\/schema.org","@graph":[{"@type":"WebPage","@id":"https:\/\/tropicseasspas.com\/features\/weather-guard-covers\/","url":"https:\/\/tropicseasspas.com\/features\/weather-guard-covers\/","name":"Weather Guard Covers Spa - Tropic Seas Spas","isPartOf":{"@id":"https:\/\/tropicseasspas.com\/#website"},"primaryImageOfPage":{"@id":"https:\/\/tropicseasspas.com\/features\/weather-guard-covers\/#primaryimage"},"image":{"@id":"https:\/\/tropicseasspas.com\/features\/weather-guard-covers\/#primaryimage"},"thumbnailUrl":"https:\/\/tropicseasspas.com\/wp-content\/uploads\/2019\/12\/WeatherGuard_Lifestyle_Pinot-scaled.jpg","datePublished":"2019-12-30T20:22:02+00:00","dateModified":"2022-08-08T17:10:44+00:00","description":"Weather Guard Covers for spa is an improvement over vinyl cover. They provide an updated look, an increased lifespan, less weight than a standard cover.","breadcrumb":{"@id":"https:\/\/tropicseasspas.com\/features\/weather-guard-covers\/#breadcrumb"},"inLanguage":"fr-FR","potentialAction":[{"@type":"ReadAction","target":["https:\/\/tropicseasspas.com\/features\/weather-guard-covers\/"]}]},{"@type":"ImageObject","inLanguage":"fr-FR","@id":"https:\/\/tropicseasspas.com\/features\/weather-guard-covers\/#primaryimage","url":"https:\/\/tropicseasspas.com\/wp-content\/uploads\/2019\/12\/WeatherGuard_Lifestyle_Pinot-scaled.jpg","contentUrl":"https:\/\/tropicseasspas.com\/wp-content\/uploads\/2019\/12\/WeatherGuard_Lifestyle_Pinot-scaled.jpg","width":2560,"height":1711,"caption":"Weather Guard Cover"},{"@type":"BreadcrumbList","@id":"https:\/\/tropicseasspas.com\/features\/weather-guard-covers\/#breadcrumb","itemListElement":[{"@type":"ListItem","position":1,"name":"Home","item":"https:\/\/tropicseasspas.com\/"},{"@type":"ListItem","position":2,"name":"Features","item":"https:\/\/tropicseasspas.com\/features\/"},{"@type":"ListItem","position":3,"name":"Weather Guard Covers"}]},{"@type":"WebSite","@id":"https:\/\/tropicseasspas.com\/#website","url":"https:\/\/tropicseasspas.com\/","name":"Spas des mers tropicales","description":"Spas fabriqu\u00e9s \u00e0 la main avec un design artistique et ergonomique.","publisher":{"@id":"https:\/\/tropicseasspas.com\/#organization"},"potentialAction":[{"@type":"SearchAction","target":{"@type":"EntryPoint","urlTemplate":"https:\/\/tropicseasspas.com\/?s={search_term_string}"},"query-input":{"@type":"PropertyValueSpecification","valueRequired":true,"valueName":"search_term_string"}}],"inLanguage":"fr-FR"},{"@type":"Organization","@id":"https:\/\/tropicseasspas.com\/#organization","name":"Spas des mers du Sud","url":"https:\/\/tropicseasspas.com\/","logo":{"@type":"ImageObject","inLanguage":"fr-FR","@id":"https:\/\/tropicseasspas.com\/#\/schema\/logo\/image\/","url":"https:\/\/tropicseasspas.com\/wp-content\/uploads\/2019\/02\/SouthSeas_AS_Logo_vertical_blue-1.png","contentUrl":"https:\/\/tropicseasspas.com\/wp-content\/uploads\/2019\/02\/SouthSeas_AS_Logo_vertical_blue-1.png","width":379,"height":184,"caption":"South Seas Spas"},"image":{"@id":"https:\/\/tropicseasspas.com\/#\/schema\/logo\/image\/"}}]}},"_links":{"self":[{"href":"https:\/\/tropicseasspas.com\/fr\/wp-json\/wp\/v2\/pages\/5133","targetHints":{"allow":["GET"]}}],"collection":[{"href":"https:\/\/tropicseasspas.com\/fr\/wp-json\/wp\/v2\/pages"}],"about":[{"href":"https:\/\/tropicseasspas.com\/fr\/wp-json\/wp\/v2\/types\/page"}],"author":[{"embeddable":true,"href":"https:\/\/tropicseasspas.com\/fr\/wp-json\/wp\/v2\/users\/3"}],"replies":[{"embeddable":true,"href":"https:\/\/tropicseasspas.com\/fr\/wp-json\/wp\/v2\/comments?post=5133"}],"version-history":[{"count":0,"href":"https:\/\/tropicseasspas.com\/fr\/wp-json\/wp\/v2\/pages\/5133\/revisions"}],"up":[{"embeddable":true,"href":"https:\/\/tropicseasspas.com\/fr\/wp-json\/wp\/v2\/pages\/3212"}],"wp:featuredmedia":[{"embeddable":true,"href":"https:\/\/tropicseasspas.com\/fr\/wp-json\/wp\/v2\/media\/5131"}],"wp:attachment":[{"href":"https:\/\/tropicseasspas.com\/fr\/wp-json\/wp\/v2\/media?parent=5133"}],"wp:term":[{"taxonomy":"wf_page_folders","embeddable":true,"href":"https:\/\/tropicseasspas.com\/fr\/wp-json\/wp\/v2\/wf_page_folders?post=5133"}],"curies":[{"name":"wp","href":"https:\/\/api.w.org\/{rel}","templated":true}]}}