{"id":5079,"date":"2019-12-27T22:26:19","date_gmt":"2019-12-27T22:26:19","guid":{"rendered":"https:\/\/tropicseasspas.com\/?page_id=5079"},"modified":"2022-10-17T22:02:25","modified_gmt":"2022-10-17T22:02:25","slug":"led-lighting","status":"publish","type":"page","link":"https:\/\/tropicseasspas.com\/fr\/features\/led-lighting\/","title":{"rendered":"\u00c9clairage LED"},"content":{"rendered":"<h1>\u00c9CLAIRAGE LED<\/h1>\n<h6 style=\"text-align: left;\"><strong style=\"font-family: Arial, sans-serif;\">\u00a0<\/strong><\/h6>\n<h1 style=\"text-align: left;\"><strong style=\"font-family: Arial, sans-serif;\">\u00c9clairage LED par Tropic Seas Spas<\/strong><\/h1>\n<p style=\"text-align: left;\">L&#039;\u00e9clairage LED offre une source constante de tranquillit\u00e9 visuelle. L\u2019\u00e9clairage et la couleur jouent tous deux un r\u00f4le tr\u00e8s important dans nos vies, que nous en soyons conscients ou non. Avec de nombreuses options parmi lesquelles choisir, vous pouvez explorer les combinaisons d\u2019\u00e9clairage et de couleurs qui correspondent le mieux \u00e0 vos envies.\u00a0\u00a0<\/p>\n<p>\t\t\t\t\t\t\t\t\t\t\t\t<img decoding=\"async\" width=\"500\" height=\"313\" src=\"https:\/\/tropicseasspas.com\/wp-content\/uploads\/2020\/01\/pacific-aqua-glow.gif\" alt=\"Pacific Aqua Glow\" loading=\"lazy\" \/><br \/>\n\t\t\t\t\t\t\tPr\u00e9c\u00e9dent<br \/>\n\t\t\t\t\t\t\tSuivant<\/p>\n<h5>\u00c9CLAIRAGE LED PACIFIC AQUA GLOW<\/h5>\n<h5><i style=\"font-size: 16px; color: #ffffff; font-family: Cabin, Arial;\">Cet \u00e9clairage Kick Rail ajoute un tout nouvel \u00e9l\u00e9ment \u00e0 votre exp\u00e9rience de spa\u00a0!<\/i><\/h5>\n<h6>La superbe lueur des lumi\u00e8res LED illuminera votre spa et apportera un effet \u00ab wow \u00bb \u00e0 votre jardin. Que vous choisissiez de faire tourner les lumi\u00e8res selon les couleurs de l&#039;arc-en-ciel ou de rester sur une seule couleur, vous appr\u00e9cierez de vous d\u00e9tendre dans la lueur pendant que vos muscles sont mass\u00e9s par les jets. Depuis de nombreuses ann\u00e9es, les gens croient que les couleurs peuvent affecter les \u00e9motions et m\u00eame la sant\u00e9 d\u2019un individu. Voyez par vous-m\u00eame si vous vous sentez plus calme lorsque vous \u00eates assis dans la lumi\u00e8re bleue ou plus optimiste dans la lumi\u00e8re jaune. Peu importe ce que,<i> vous appr\u00e9cierez de voir les LED Pacific Aqua Glow illuminer la nuit\u00a0!<\/i><\/h6>\n<h5>LUMI\u00c8RES LED TROPICSTAR<\/h5>\n<h5>Le magnifique syst\u00e8me d&#039;\u00e9clairage LED illumine la texture et les d\u00e9tails de l&#039;int\u00e9rieur du spa. Ce syst\u00e8me d&#039;\u00e9clairage LED peut \u00eatre r\u00e9gl\u00e9 sur une couleur pr\u00e9f\u00e9r\u00e9e, ou les couleurs peuvent s&#039;estomper lentement de l&#039;une \u00e0 l&#039;autre, cr\u00e9ant ainsi un spectacle de lumi\u00e8re vraiment spectaculaire. Ces lumi\u00e8res mettent en valeur sans effort les caract\u00e9ristiques de l\u2019eau.<\/h5>\n<p>\t\t\t\t\t\t\t\t\t\t\t\t<img decoding=\"async\" width=\"768\" height=\"553\" src=\"https:\/\/tropicseasspas.com\/wp-content\/uploads\/2019\/12\/TropicFallLighting.jpg\" alt=\"TropicFall LED Lighting\" loading=\"lazy\" srcset=\"https:\/\/tropicseasspas.com\/wp-content\/uploads\/2019\/12\/TropicFallLighting.jpg 768w, https:\/\/tropicseasspas.com\/wp-content\/uploads\/2019\/12\/TropicFallLighting-300x216.jpg 300w, https:\/\/tropicseasspas.com\/wp-content\/uploads\/2019\/12\/TropicFallLighting-230x166.jpg 230w, https:\/\/tropicseasspas.com\/wp-content\/uploads\/2019\/12\/TropicFallLighting-350x252.jpg 350w, https:\/\/tropicseasspas.com\/wp-content\/uploads\/2019\/12\/TropicFallLighting-480x346.jpg 480w\" sizes=\"(max-width: 768px) 100vw, 768px\" \/>\t\t\t\t\t\t\t\t\t\t\t\t\t\t<\/p>\n<h5>12\u2033 CHUTE TROPICALE\u00a0<\/h5>\n<h5>De jour comme de nuit, cette cascade paisible offre une th\u00e9rapie par les couleurs et les sons apaisants de l&#039;eau qui tombe. Cela cr\u00e9e un environnement relaxant dont vous et vos invit\u00e9s pourrez profiter.<\/h5>\n<h3 style=\"text-align: center;\">Que fait votre <em><strong>Spa de r\u00eave<\/strong><\/em> Ressembler?<\/h3>\n<p>\t\t\t<a href=\"\/fr\/design-your-spa\/\" role=\"button\"><br \/>\n\t\t\t\t\t\tCONCEVEZ VOTRE SPA AUJOURD&#039;HUI<br \/>\n\t\t\t\t\t<\/a><\/p>","protected":false},"excerpt":{"rendered":"<p>LED LIGHTING \u00a0 LED Lighting by Tropic Seas Spas LED Lighting\u00a0 provides a constant source of visual tranquility. Lighting and Color both play very important roles in our lives, whether we realize it or not. With many options to choose from, you can explore the lighting and color combinations that best fit your desires.\u00a0\u00a0 Previous [&hellip;]<\/p>\n","protected":false},"author":3,"featured_media":5118,"parent":3212,"menu_order":0,"comment_status":"closed","ping_status":"closed","template":"elementor_header_footer","meta":{"_acf_changed":false,"_et_pb_use_builder":"","_et_pb_old_content":"","_et_gb_content_width":"","footnotes":""},"wf_page_folders":[],"class_list":["post-5079","page","type-page","status-publish","has-post-thumbnail","hentry"],"acf":[],"yoast_head":"<!-- This site is optimized with the Yoast SEO plugin v27.4 - https:\/\/yoast.com\/product\/yoast-seo-wordpress\/ -->\n<title>LED Lighting in Spa - Brighten Your HotTub Experience - Tropic Seas Spas<\/title>\n<meta name=\"description\" content=\"LED Lighting in Spa by Tropic Seas Spas, a constant source of visual tranquility. Set the environment of your luxury hottub with LED illuminating water.\" \/>\n<meta name=\"robots\" content=\"index, follow, max-snippet:-1, max-image-preview:large, max-video-preview:-1\" \/>\n<link rel=\"canonical\" href=\"https:\/\/tropicseasspas.com\/fr\/features\/led-lighting\/\" \/>\n<meta property=\"og:locale\" content=\"fr_FR\" \/>\n<meta property=\"og:type\" content=\"article\" \/>\n<meta property=\"og:title\" content=\"LED Lighting in Spa - Brighten Your HotTub Experience - Tropic Seas Spas\" \/>\n<meta property=\"og:description\" content=\"LED Lighting in Spa by Tropic Seas Spas, a constant source of visual tranquility. Set the environment of your luxury hottub with LED illuminating water.\" \/>\n<meta property=\"og:url\" content=\"https:\/\/tropicseasspas.com\/fr\/features\/led-lighting\/\" \/>\n<meta property=\"og:site_name\" content=\"Tropic Seas Spas\" \/>\n<meta property=\"article:modified_time\" content=\"2022-10-17T22:02:25+00:00\" \/>\n<meta property=\"og:image\" content=\"https:\/\/tropicseasspas.com\/wp-content\/uploads\/2019\/12\/TropicFallLighting.jpg\" \/>\n\t<meta property=\"og:image:width\" content=\"768\" \/>\n\t<meta property=\"og:image:height\" content=\"553\" \/>\n\t<meta property=\"og:image:type\" content=\"image\/jpeg\" \/>\n<meta name=\"twitter:card\" content=\"summary_large_image\" \/>\n<meta name=\"twitter:label1\" content=\"Dur\u00e9e de lecture estim\u00e9e\" \/>\n\t<meta name=\"twitter:data1\" content=\"2 minutes\" \/>\n<script type=\"application\/ld+json\" class=\"yoast-schema-graph\">{\"@context\":\"https:\\\/\\\/schema.org\",\"@graph\":[{\"@type\":\"WebPage\",\"@id\":\"https:\\\/\\\/tropicseasspas.com\\\/features\\\/led-lighting\\\/\",\"url\":\"https:\\\/\\\/tropicseasspas.com\\\/features\\\/led-lighting\\\/\",\"name\":\"LED Lighting in Spa - Brighten Your HotTub Experience - Tropic Seas Spas\",\"isPartOf\":{\"@id\":\"https:\\\/\\\/tropicseasspas.com\\\/#website\"},\"primaryImageOfPage\":{\"@id\":\"https:\\\/\\\/tropicseasspas.com\\\/features\\\/led-lighting\\\/#primaryimage\"},\"image\":{\"@id\":\"https:\\\/\\\/tropicseasspas.com\\\/features\\\/led-lighting\\\/#primaryimage\"},\"thumbnailUrl\":\"https:\\\/\\\/tropicseasspas.com\\\/wp-content\\\/uploads\\\/2019\\\/12\\\/TropicFallLighting.jpg\",\"datePublished\":\"2019-12-27T22:26:19+00:00\",\"dateModified\":\"2022-10-17T22:02:25+00:00\",\"description\":\"LED Lighting in Spa by Tropic Seas Spas, a constant source of visual tranquility. Set the environment of your luxury hottub with LED illuminating water.\",\"breadcrumb\":{\"@id\":\"https:\\\/\\\/tropicseasspas.com\\\/features\\\/led-lighting\\\/#breadcrumb\"},\"inLanguage\":\"fr-FR\",\"potentialAction\":[{\"@type\":\"ReadAction\",\"target\":[\"https:\\\/\\\/tropicseasspas.com\\\/features\\\/led-lighting\\\/\"]}]},{\"@type\":\"ImageObject\",\"inLanguage\":\"fr-FR\",\"@id\":\"https:\\\/\\\/tropicseasspas.com\\\/features\\\/led-lighting\\\/#primaryimage\",\"url\":\"https:\\\/\\\/tropicseasspas.com\\\/wp-content\\\/uploads\\\/2019\\\/12\\\/TropicFallLighting.jpg\",\"contentUrl\":\"https:\\\/\\\/tropicseasspas.com\\\/wp-content\\\/uploads\\\/2019\\\/12\\\/TropicFallLighting.jpg\",\"width\":768,\"height\":553,\"caption\":\"TropicFall LED Lighting\"},{\"@type\":\"BreadcrumbList\",\"@id\":\"https:\\\/\\\/tropicseasspas.com\\\/features\\\/led-lighting\\\/#breadcrumb\",\"itemListElement\":[{\"@type\":\"ListItem\",\"position\":1,\"name\":\"Home\",\"item\":\"https:\\\/\\\/tropicseasspas.com\\\/\"},{\"@type\":\"ListItem\",\"position\":2,\"name\":\"Features\",\"item\":\"https:\\\/\\\/tropicseasspas.com\\\/features\\\/\"},{\"@type\":\"ListItem\",\"position\":3,\"name\":\"LED Lighting\"}]},{\"@type\":\"WebSite\",\"@id\":\"https:\\\/\\\/tropicseasspas.com\\\/#website\",\"url\":\"https:\\\/\\\/tropicseasspas.com\\\/\",\"name\":\"Tropic Seas Spas\",\"description\":\"Hot tubs handcrafted with artistry and ergonomic design.\",\"publisher\":{\"@id\":\"https:\\\/\\\/tropicseasspas.com\\\/#organization\"},\"potentialAction\":[{\"@type\":\"SearchAction\",\"target\":{\"@type\":\"EntryPoint\",\"urlTemplate\":\"https:\\\/\\\/tropicseasspas.com\\\/?s={search_term_string}\"},\"query-input\":{\"@type\":\"PropertyValueSpecification\",\"valueRequired\":true,\"valueName\":\"search_term_string\"}}],\"inLanguage\":\"fr-FR\"},{\"@type\":\"Organization\",\"@id\":\"https:\\\/\\\/tropicseasspas.com\\\/#organization\",\"name\":\"South Seas Spas\",\"url\":\"https:\\\/\\\/tropicseasspas.com\\\/\",\"logo\":{\"@type\":\"ImageObject\",\"inLanguage\":\"fr-FR\",\"@id\":\"https:\\\/\\\/tropicseasspas.com\\\/#\\\/schema\\\/logo\\\/image\\\/\",\"url\":\"https:\\\/\\\/tropicseasspas.com\\\/wp-content\\\/uploads\\\/2019\\\/02\\\/SouthSeas_AS_Logo_vertical_blue-1.png\",\"contentUrl\":\"https:\\\/\\\/tropicseasspas.com\\\/wp-content\\\/uploads\\\/2019\\\/02\\\/SouthSeas_AS_Logo_vertical_blue-1.png\",\"width\":379,\"height\":184,\"caption\":\"South Seas Spas\"},\"image\":{\"@id\":\"https:\\\/\\\/tropicseasspas.com\\\/#\\\/schema\\\/logo\\\/image\\\/\"}}]}<\/script>\n<!-- \/ Yoast SEO plugin. -->","yoast_head_json":{"title":"\u00c9clairage LED pour spas - Illuminez votre exp\u00e9rience de spa - Tropic Seas Spas","description":"\u00c9clairage LED pour spas Tropic Seas\u00a0: une source constante de s\u00e9r\u00e9nit\u00e9 visuelle. Cr\u00e9ez l\u2019ambiance de votre spa de luxe gr\u00e2ce \u00e0 l\u2019\u00e9clairage LED de l\u2019eau.","robots":{"index":"index","follow":"follow","max-snippet":"max-snippet:-1","max-image-preview":"max-image-preview:large","max-video-preview":"max-video-preview:-1"},"canonical":"https:\/\/tropicseasspas.com\/fr\/features\/led-lighting\/","og_locale":"fr_FR","og_type":"article","og_title":"LED Lighting in Spa - Brighten Your HotTub Experience - Tropic Seas Spas","og_description":"LED Lighting in Spa by Tropic Seas Spas, a constant source of visual tranquility. Set the environment of your luxury hottub with LED illuminating water.","og_url":"https:\/\/tropicseasspas.com\/fr\/features\/led-lighting\/","og_site_name":"Tropic Seas Spas","article_modified_time":"2022-10-17T22:02:25+00:00","og_image":[{"width":768,"height":553,"url":"https:\/\/tropicseasspas.com\/wp-content\/uploads\/2019\/12\/TropicFallLighting.jpg","type":"image\/jpeg"}],"twitter_card":"summary_large_image","twitter_misc":{"Dur\u00e9e de lecture estim\u00e9e":"2 minutes"},"schema":{"@context":"https:\/\/schema.org","@graph":[{"@type":"WebPage","@id":"https:\/\/tropicseasspas.com\/features\/led-lighting\/","url":"https:\/\/tropicseasspas.com\/features\/led-lighting\/","name":"\u00c9clairage LED pour spas - Illuminez votre exp\u00e9rience de spa - Tropic Seas Spas","isPartOf":{"@id":"https:\/\/tropicseasspas.com\/#website"},"primaryImageOfPage":{"@id":"https:\/\/tropicseasspas.com\/features\/led-lighting\/#primaryimage"},"image":{"@id":"https:\/\/tropicseasspas.com\/features\/led-lighting\/#primaryimage"},"thumbnailUrl":"https:\/\/tropicseasspas.com\/wp-content\/uploads\/2019\/12\/TropicFallLighting.jpg","datePublished":"2019-12-27T22:26:19+00:00","dateModified":"2022-10-17T22:02:25+00:00","description":"\u00c9clairage LED pour spas Tropic Seas\u00a0: une source constante de s\u00e9r\u00e9nit\u00e9 visuelle. Cr\u00e9ez l\u2019ambiance de votre spa de luxe gr\u00e2ce \u00e0 l\u2019\u00e9clairage LED de l\u2019eau.","breadcrumb":{"@id":"https:\/\/tropicseasspas.com\/features\/led-lighting\/#breadcrumb"},"inLanguage":"fr-FR","potentialAction":[{"@type":"ReadAction","target":["https:\/\/tropicseasspas.com\/features\/led-lighting\/"]}]},{"@type":"ImageObject","inLanguage":"fr-FR","@id":"https:\/\/tropicseasspas.com\/features\/led-lighting\/#primaryimage","url":"https:\/\/tropicseasspas.com\/wp-content\/uploads\/2019\/12\/TropicFallLighting.jpg","contentUrl":"https:\/\/tropicseasspas.com\/wp-content\/uploads\/2019\/12\/TropicFallLighting.jpg","width":768,"height":553,"caption":"TropicFall LED Lighting"},{"@type":"BreadcrumbList","@id":"https:\/\/tropicseasspas.com\/features\/led-lighting\/#breadcrumb","itemListElement":[{"@type":"ListItem","position":1,"name":"Home","item":"https:\/\/tropicseasspas.com\/"},{"@type":"ListItem","position":2,"name":"Features","item":"https:\/\/tropicseasspas.com\/features\/"},{"@type":"ListItem","position":3,"name":"LED Lighting"}]},{"@type":"WebSite","@id":"https:\/\/tropicseasspas.com\/#website","url":"https:\/\/tropicseasspas.com\/","name":"Spas des mers tropicales","description":"Spas fabriqu\u00e9s \u00e0 la main avec un design artistique et ergonomique.","publisher":{"@id":"https:\/\/tropicseasspas.com\/#organization"},"potentialAction":[{"@type":"SearchAction","target":{"@type":"EntryPoint","urlTemplate":"https:\/\/tropicseasspas.com\/?s={search_term_string}"},"query-input":{"@type":"PropertyValueSpecification","valueRequired":true,"valueName":"search_term_string"}}],"inLanguage":"fr-FR"},{"@type":"Organization","@id":"https:\/\/tropicseasspas.com\/#organization","name":"Spas des mers du Sud","url":"https:\/\/tropicseasspas.com\/","logo":{"@type":"ImageObject","inLanguage":"fr-FR","@id":"https:\/\/tropicseasspas.com\/#\/schema\/logo\/image\/","url":"https:\/\/tropicseasspas.com\/wp-content\/uploads\/2019\/02\/SouthSeas_AS_Logo_vertical_blue-1.png","contentUrl":"https:\/\/tropicseasspas.com\/wp-content\/uploads\/2019\/02\/SouthSeas_AS_Logo_vertical_blue-1.png","width":379,"height":184,"caption":"South Seas Spas"},"image":{"@id":"https:\/\/tropicseasspas.com\/#\/schema\/logo\/image\/"}}]}},"_links":{"self":[{"href":"https:\/\/tropicseasspas.com\/fr\/wp-json\/wp\/v2\/pages\/5079","targetHints":{"allow":["GET"]}}],"collection":[{"href":"https:\/\/tropicseasspas.com\/fr\/wp-json\/wp\/v2\/pages"}],"about":[{"href":"https:\/\/tropicseasspas.com\/fr\/wp-json\/wp\/v2\/types\/page"}],"author":[{"embeddable":true,"href":"https:\/\/tropicseasspas.com\/fr\/wp-json\/wp\/v2\/users\/3"}],"replies":[{"embeddable":true,"href":"https:\/\/tropicseasspas.com\/fr\/wp-json\/wp\/v2\/comments?post=5079"}],"version-history":[{"count":0,"href":"https:\/\/tropicseasspas.com\/fr\/wp-json\/wp\/v2\/pages\/5079\/revisions"}],"up":[{"embeddable":true,"href":"https:\/\/tropicseasspas.com\/fr\/wp-json\/wp\/v2\/pages\/3212"}],"wp:featuredmedia":[{"embeddable":true,"href":"https:\/\/tropicseasspas.com\/fr\/wp-json\/wp\/v2\/media\/5118"}],"wp:attachment":[{"href":"https:\/\/tropicseasspas.com\/fr\/wp-json\/wp\/v2\/media?parent=5079"}],"wp:term":[{"taxonomy":"wf_page_folders","embeddable":true,"href":"https:\/\/tropicseasspas.com\/fr\/wp-json\/wp\/v2\/wf_page_folders?post=5079"}],"curies":[{"name":"wp","href":"https:\/\/api.w.org\/{rel}","templated":true}]}}