{"id":3704,"date":"2019-08-14T15:57:42","date_gmt":"2019-08-14T15:57:42","guid":{"rendered":"https:\/\/tropicseasspas.com\/?page_id=3704"},"modified":"2020-01-29T21:51:33","modified_gmt":"2020-01-29T21:51:33","slug":"owners-manual","status":"publish","type":"page","link":"https:\/\/tropicseasspas.com\/fr\/features\/owners-manual\/","title":{"rendered":"Le manuel du propri\u00e9taire"},"content":{"rendered":"<h1>MANUELS DU PROPRI\u00c9TAIRE<\/h1>\n<h3 style=\"text-align: center;\">T\u00e9l\u00e9chargez les manuels du propri\u00e9taire des spas Tropic Seas<\/h3>\n<p><a data-elementor-open-lightbox=\"\" href=\"\/manual\/TropicSeasSpas-OwnersManual.pdf\"><br \/>\n<img loading=\"lazy\" decoding=\"async\" width=\"232\" height=\"300\" src=\"https:\/\/tropicseasspas.com\/wp-content\/uploads\/2019\/12\/TropicSeas_OwnersManual-232x300.jpg\" alt=\"Tropic Seas Spas Owner's Manual\" srcset=\"https:\/\/tropicseasspas.com\/wp-content\/uploads\/2019\/12\/TropicSeas_OwnersManual-232x300.jpg 232w, https:\/\/tropicseasspas.com\/wp-content\/uploads\/2019\/12\/TropicSeas_OwnersManual-230x298.jpg 230w, https:\/\/tropicseasspas.com\/wp-content\/uploads\/2019\/12\/TropicSeas_OwnersManual-350x453.jpg 350w, https:\/\/tropicseasspas.com\/wp-content\/uploads\/2019\/12\/TropicSeas_OwnersManual-480x622.jpg 480w, https:\/\/tropicseasspas.com\/wp-content\/uploads\/2019\/12\/TropicSeas_OwnersManual.jpg 606w\" sizes=\"(max-width: 232px) 100vw, 232px\">\t\t\t\t\t\t\t\t<\/a><br \/>\n<a data-elementor-open-lightbox=\"\" href=\"\/manual\/TropicSeasSpas-TongaManual.pdf\"><br \/>\n<img loading=\"lazy\" decoding=\"async\" width=\"232\" height=\"300\" src=\"https:\/\/tropicseasspas.com\/wp-content\/uploads\/2019\/12\/Tonga_OwnersManual-232x300.jpg\" alt=\"Tropic Seas Spas Tonga Owner's Manual\" srcset=\"https:\/\/tropicseasspas.com\/wp-content\/uploads\/2019\/12\/Tonga_OwnersManual-232x300.jpg 232w, https:\/\/tropicseasspas.com\/wp-content\/uploads\/2019\/12\/Tonga_OwnersManual-230x298.jpg 230w, https:\/\/tropicseasspas.com\/wp-content\/uploads\/2019\/12\/Tonga_OwnersManual-350x453.jpg 350w, https:\/\/tropicseasspas.com\/wp-content\/uploads\/2019\/12\/Tonga_OwnersManual-480x622.jpg 480w, https:\/\/tropicseasspas.com\/wp-content\/uploads\/2019\/12\/Tonga_OwnersManual.jpg 606w\" sizes=\"(max-width: 232px) 100vw, 232px\">\t\t\t\t\t\t\t\t<\/a><br \/>\n<a data-elementor-open-lightbox=\"\" href=\"\/manual\/TropicSeasSpas-TropicPoolManual.pdf\"><br \/>\n<img loading=\"lazy\" decoding=\"async\" width=\"232\" height=\"300\" src=\"https:\/\/tropicseasspas.com\/wp-content\/uploads\/2019\/12\/TropicPool_OwnersManual-232x300.jpg\" alt=\"Tropic Pool Owner's Manual\" srcset=\"https:\/\/tropicseasspas.com\/wp-content\/uploads\/2019\/12\/TropicPool_OwnersManual-232x300.jpg 232w, https:\/\/tropicseasspas.com\/wp-content\/uploads\/2019\/12\/TropicPool_OwnersManual-230x298.jpg 230w, https:\/\/tropicseasspas.com\/wp-content\/uploads\/2019\/12\/TropicPool_OwnersManual-350x453.jpg 350w, https:\/\/tropicseasspas.com\/wp-content\/uploads\/2019\/12\/TropicPool_OwnersManual-480x622.jpg 480w, https:\/\/tropicseasspas.com\/wp-content\/uploads\/2019\/12\/TropicPool_OwnersManual.jpg 606w\" sizes=\"(max-width: 232px) 100vw, 232px\">\t\t\t\t\t\t\t\t<\/a><br \/>\n<a data-elementor-open-lightbox=\"\" href=\"https:\/\/tropicseasspas.com\/fr\/manual\/GardenSpas-OwnersManual.pdf\/\" target=\"_blank\" rel=\"noopener noreferrer\"><br \/>\n<img decoding=\"async\" src=\"https:\/\/tropicseasspas.com\/wp-content\/uploads\/2019\/12\/OwnersManual4.jpg\" title=\"\" alt=\"\">\t\t\t\t\t\t\t\t<\/a><\/p>","protected":false},"excerpt":{"rendered":"<p>MANUELS DU PROPRI\u00c9TAIRE T\u00e9l\u00e9chargez les manuels du propri\u00e9taire des Tropic Seas Spas<\/p>","protected":false},"author":3,"featured_media":0,"parent":3212,"menu_order":0,"comment_status":"closed","ping_status":"closed","template":"elementor_header_footer","meta":{"_acf_changed":false,"_et_pb_use_builder":"","_et_pb_old_content":"","_et_gb_content_width":"","footnotes":""},"wf_page_folders":[],"class_list":["post-3704","page","type-page","status-publish","hentry"],"acf":[],"yoast_head":"<!-- This site is optimized with the Yoast SEO plugin v27.4 - https:\/\/yoast.com\/product\/yoast-seo-wordpress\/ -->\n<title>Owners Manual Tropic Seas Spas - Luxury Hottub Relaxtion Relief<\/title>\n<meta name=\"description\" content=\"Owners Manual Tropic Seas Spas, Tropic Pool and Tonga luxury spas and hottubs. Download Owners Manual, enjoy stress relief and relaxation water benefits.\" \/>\n<meta name=\"robots\" content=\"index, follow, max-snippet:-1, max-image-preview:large, max-video-preview:-1\" \/>\n<link rel=\"canonical\" href=\"https:\/\/tropicseasspas.com\/fr\/features\/owners-manual\/\" \/>\n<meta property=\"og:locale\" content=\"fr_FR\" \/>\n<meta property=\"og:type\" content=\"article\" \/>\n<meta property=\"og:title\" content=\"Owners Manual Tropic Seas Spas - Luxury Hottub Relaxtion Relief\" \/>\n<meta property=\"og:description\" content=\"Owners Manual Tropic Seas Spas, Tropic Pool and Tonga luxury spas and hottubs. Download Owners Manual, enjoy stress relief and relaxation water benefits.\" \/>\n<meta property=\"og:url\" content=\"https:\/\/tropicseasspas.com\/fr\/features\/owners-manual\/\" \/>\n<meta property=\"og:site_name\" content=\"Tropic Seas Spas\" \/>\n<meta property=\"article:modified_time\" content=\"2020-01-29T21:51:33+00:00\" \/>\n<meta property=\"og:image\" content=\"https:\/\/tropicseasspas.com\/wp-content\/uploads\/2019\/12\/TropicSeas_OwnersManual-232x300.jpg\" \/>\n<meta name=\"twitter:card\" content=\"summary_large_image\" \/>\n<script type=\"application\/ld+json\" class=\"yoast-schema-graph\">{\"@context\":\"https:\\\/\\\/schema.org\",\"@graph\":[{\"@type\":\"WebPage\",\"@id\":\"https:\\\/\\\/tropicseasspas.com\\\/features\\\/owners-manual\\\/\",\"url\":\"https:\\\/\\\/tropicseasspas.com\\\/features\\\/owners-manual\\\/\",\"name\":\"Owners Manual Tropic Seas Spas - Luxury Hottub Relaxtion Relief\",\"isPartOf\":{\"@id\":\"https:\\\/\\\/tropicseasspas.com\\\/#website\"},\"primaryImageOfPage\":{\"@id\":\"https:\\\/\\\/tropicseasspas.com\\\/features\\\/owners-manual\\\/#primaryimage\"},\"image\":{\"@id\":\"https:\\\/\\\/tropicseasspas.com\\\/features\\\/owners-manual\\\/#primaryimage\"},\"thumbnailUrl\":\"https:\\\/\\\/tropicseasspas.com\\\/wp-content\\\/uploads\\\/2019\\\/12\\\/TropicSeas_OwnersManual-232x300.jpg\",\"datePublished\":\"2019-08-14T15:57:42+00:00\",\"dateModified\":\"2020-01-29T21:51:33+00:00\",\"description\":\"Owners Manual Tropic Seas Spas, Tropic Pool and Tonga luxury spas and hottubs. Download Owners Manual, enjoy stress relief and relaxation water benefits.\",\"breadcrumb\":{\"@id\":\"https:\\\/\\\/tropicseasspas.com\\\/features\\\/owners-manual\\\/#breadcrumb\"},\"inLanguage\":\"fr-FR\",\"potentialAction\":[{\"@type\":\"ReadAction\",\"target\":[\"https:\\\/\\\/tropicseasspas.com\\\/features\\\/owners-manual\\\/\"]}]},{\"@type\":\"ImageObject\",\"inLanguage\":\"fr-FR\",\"@id\":\"https:\\\/\\\/tropicseasspas.com\\\/features\\\/owners-manual\\\/#primaryimage\",\"url\":\"https:\\\/\\\/tropicseasspas.com\\\/wp-content\\\/uploads\\\/2019\\\/12\\\/TropicSeas_OwnersManual-232x300.jpg\",\"contentUrl\":\"https:\\\/\\\/tropicseasspas.com\\\/wp-content\\\/uploads\\\/2019\\\/12\\\/TropicSeas_OwnersManual-232x300.jpg\"},{\"@type\":\"BreadcrumbList\",\"@id\":\"https:\\\/\\\/tropicseasspas.com\\\/features\\\/owners-manual\\\/#breadcrumb\",\"itemListElement\":[{\"@type\":\"ListItem\",\"position\":1,\"name\":\"Home\",\"item\":\"https:\\\/\\\/tropicseasspas.com\\\/\"},{\"@type\":\"ListItem\",\"position\":2,\"name\":\"Features\",\"item\":\"https:\\\/\\\/tropicseasspas.com\\\/features\\\/\"},{\"@type\":\"ListItem\",\"position\":3,\"name\":\"Owner&#8217;s Manual\"}]},{\"@type\":\"WebSite\",\"@id\":\"https:\\\/\\\/tropicseasspas.com\\\/#website\",\"url\":\"https:\\\/\\\/tropicseasspas.com\\\/\",\"name\":\"Tropic Seas Spas\",\"description\":\"Hot tubs handcrafted with artistry and ergonomic design.\",\"publisher\":{\"@id\":\"https:\\\/\\\/tropicseasspas.com\\\/#organization\"},\"potentialAction\":[{\"@type\":\"SearchAction\",\"target\":{\"@type\":\"EntryPoint\",\"urlTemplate\":\"https:\\\/\\\/tropicseasspas.com\\\/?s={search_term_string}\"},\"query-input\":{\"@type\":\"PropertyValueSpecification\",\"valueRequired\":true,\"valueName\":\"search_term_string\"}}],\"inLanguage\":\"fr-FR\"},{\"@type\":\"Organization\",\"@id\":\"https:\\\/\\\/tropicseasspas.com\\\/#organization\",\"name\":\"South Seas Spas\",\"url\":\"https:\\\/\\\/tropicseasspas.com\\\/\",\"logo\":{\"@type\":\"ImageObject\",\"inLanguage\":\"fr-FR\",\"@id\":\"https:\\\/\\\/tropicseasspas.com\\\/#\\\/schema\\\/logo\\\/image\\\/\",\"url\":\"https:\\\/\\\/tropicseasspas.com\\\/wp-content\\\/uploads\\\/2019\\\/02\\\/SouthSeas_AS_Logo_vertical_blue-1.png\",\"contentUrl\":\"https:\\\/\\\/tropicseasspas.com\\\/wp-content\\\/uploads\\\/2019\\\/02\\\/SouthSeas_AS_Logo_vertical_blue-1.png\",\"width\":379,\"height\":184,\"caption\":\"South Seas Spas\"},\"image\":{\"@id\":\"https:\\\/\\\/tropicseasspas.com\\\/#\\\/schema\\\/logo\\\/image\\\/\"}}]}<\/script>\n<!-- \/ Yoast SEO plugin. -->","yoast_head_json":{"title":"Owners Manual Tropic Seas Spas - Luxury Hottub Relaxtion Relief","description":"Owners Manual Tropic Seas Spas, Tropic Pool and Tonga luxury spas and hottubs. Download Owners Manual, enjoy stress relief and relaxation water benefits.","robots":{"index":"index","follow":"follow","max-snippet":"max-snippet:-1","max-image-preview":"max-image-preview:large","max-video-preview":"max-video-preview:-1"},"canonical":"https:\/\/tropicseasspas.com\/fr\/features\/owners-manual\/","og_locale":"fr_FR","og_type":"article","og_title":"Owners Manual Tropic Seas Spas - Luxury Hottub Relaxtion Relief","og_description":"Owners Manual Tropic Seas Spas, Tropic Pool and Tonga luxury spas and hottubs. Download Owners Manual, enjoy stress relief and relaxation water benefits.","og_url":"https:\/\/tropicseasspas.com\/fr\/features\/owners-manual\/","og_site_name":"Tropic Seas Spas","article_modified_time":"2020-01-29T21:51:33+00:00","og_image":[{"url":"https:\/\/tropicseasspas.com\/wp-content\/uploads\/2019\/12\/TropicSeas_OwnersManual-232x300.jpg","type":"","width":"","height":""}],"twitter_card":"summary_large_image","schema":{"@context":"https:\/\/schema.org","@graph":[{"@type":"WebPage","@id":"https:\/\/tropicseasspas.com\/features\/owners-manual\/","url":"https:\/\/tropicseasspas.com\/features\/owners-manual\/","name":"Owners Manual Tropic Seas Spas - Luxury Hottub Relaxtion Relief","isPartOf":{"@id":"https:\/\/tropicseasspas.com\/#website"},"primaryImageOfPage":{"@id":"https:\/\/tropicseasspas.com\/features\/owners-manual\/#primaryimage"},"image":{"@id":"https:\/\/tropicseasspas.com\/features\/owners-manual\/#primaryimage"},"thumbnailUrl":"https:\/\/tropicseasspas.com\/wp-content\/uploads\/2019\/12\/TropicSeas_OwnersManual-232x300.jpg","datePublished":"2019-08-14T15:57:42+00:00","dateModified":"2020-01-29T21:51:33+00:00","description":"Owners Manual Tropic Seas Spas, Tropic Pool and Tonga luxury spas and hottubs. Download Owners Manual, enjoy stress relief and relaxation water benefits.","breadcrumb":{"@id":"https:\/\/tropicseasspas.com\/features\/owners-manual\/#breadcrumb"},"inLanguage":"fr-FR","potentialAction":[{"@type":"ReadAction","target":["https:\/\/tropicseasspas.com\/features\/owners-manual\/"]}]},{"@type":"ImageObject","inLanguage":"fr-FR","@id":"https:\/\/tropicseasspas.com\/features\/owners-manual\/#primaryimage","url":"https:\/\/tropicseasspas.com\/wp-content\/uploads\/2019\/12\/TropicSeas_OwnersManual-232x300.jpg","contentUrl":"https:\/\/tropicseasspas.com\/wp-content\/uploads\/2019\/12\/TropicSeas_OwnersManual-232x300.jpg"},{"@type":"BreadcrumbList","@id":"https:\/\/tropicseasspas.com\/features\/owners-manual\/#breadcrumb","itemListElement":[{"@type":"ListItem","position":1,"name":"Home","item":"https:\/\/tropicseasspas.com\/"},{"@type":"ListItem","position":2,"name":"Features","item":"https:\/\/tropicseasspas.com\/features\/"},{"@type":"ListItem","position":3,"name":"Owner&#8217;s Manual"}]},{"@type":"WebSite","@id":"https:\/\/tropicseasspas.com\/#website","url":"https:\/\/tropicseasspas.com\/","name":"Spas des mers tropicales","description":"Spas fabriqu\u00e9s \u00e0 la main avec un design artistique et ergonomique.","publisher":{"@id":"https:\/\/tropicseasspas.com\/#organization"},"potentialAction":[{"@type":"SearchAction","target":{"@type":"EntryPoint","urlTemplate":"https:\/\/tropicseasspas.com\/?s={search_term_string}"},"query-input":{"@type":"PropertyValueSpecification","valueRequired":true,"valueName":"search_term_string"}}],"inLanguage":"fr-FR"},{"@type":"Organization","@id":"https:\/\/tropicseasspas.com\/#organization","name":"Spas des mers du Sud","url":"https:\/\/tropicseasspas.com\/","logo":{"@type":"ImageObject","inLanguage":"fr-FR","@id":"https:\/\/tropicseasspas.com\/#\/schema\/logo\/image\/","url":"https:\/\/tropicseasspas.com\/wp-content\/uploads\/2019\/02\/SouthSeas_AS_Logo_vertical_blue-1.png","contentUrl":"https:\/\/tropicseasspas.com\/wp-content\/uploads\/2019\/02\/SouthSeas_AS_Logo_vertical_blue-1.png","width":379,"height":184,"caption":"South Seas Spas"},"image":{"@id":"https:\/\/tropicseasspas.com\/#\/schema\/logo\/image\/"}}]}},"_links":{"self":[{"href":"https:\/\/tropicseasspas.com\/fr\/wp-json\/wp\/v2\/pages\/3704","targetHints":{"allow":["GET"]}}],"collection":[{"href":"https:\/\/tropicseasspas.com\/fr\/wp-json\/wp\/v2\/pages"}],"about":[{"href":"https:\/\/tropicseasspas.com\/fr\/wp-json\/wp\/v2\/types\/page"}],"author":[{"embeddable":true,"href":"https:\/\/tropicseasspas.com\/fr\/wp-json\/wp\/v2\/users\/3"}],"replies":[{"embeddable":true,"href":"https:\/\/tropicseasspas.com\/fr\/wp-json\/wp\/v2\/comments?post=3704"}],"version-history":[{"count":0,"href":"https:\/\/tropicseasspas.com\/fr\/wp-json\/wp\/v2\/pages\/3704\/revisions"}],"up":[{"embeddable":true,"href":"https:\/\/tropicseasspas.com\/fr\/wp-json\/wp\/v2\/pages\/3212"}],"wp:attachment":[{"href":"https:\/\/tropicseasspas.com\/fr\/wp-json\/wp\/v2\/media?parent=3704"}],"wp:term":[{"taxonomy":"wf_page_folders","embeddable":true,"href":"https:\/\/tropicseasspas.com\/fr\/wp-json\/wp\/v2\/wf_page_folders?post=3704"}],"curies":[{"name":"wp","href":"https:\/\/api.w.org\/{rel}","templated":true}]}}