{"id":3506,"date":"2019-08-05T22:14:02","date_gmt":"2019-08-05T22:14:02","guid":{"rendered":"https:\/\/tropicseasspas.com\/?page_id=3506"},"modified":"2020-01-31T21:41:21","modified_gmt":"2020-01-31T21:41:21","slug":"health-wellness","status":"publish","type":"page","link":"https:\/\/tropicseasspas.com\/fr\/features\/health-wellness\/","title":{"rendered":"Sant\u00e9"},"content":{"rendered":"<h1>\n<p>SANT\u00c9 <br \/>&amp; BIEN-\u00caTRE<\/p>\n<\/h1>\n<h5 style=\"text-align: center;\"><strong>Votre sant\u00e9 et votre bien-\u00eatre sont ce qui compte le plus pour nous.\u00a0\u00a0<\/strong><\/h5>\n<p style=\"text-align: center;\"><em>Bien-\u00eatre<\/em>\u00a0est un choix actif pour cr\u00e9er et vivre une vie saine et \u00e9panouissante. C&#039;est un \u00e9tat de bien-\u00eatre physique et mental. Se baigner dans un spa Tropic Seas peut vous \u00eatre b\u00e9n\u00e9fique \u00e0 plus d&#039;un titre.<\/p>\n<p>\t\t\t\t\t\t\t\t\t\t<img loading=\"lazy\" decoding=\"async\" width=\"734\" height=\"598\" src=\"https:\/\/tropicseasspas.com\/wp-content\/uploads\/2019\/12\/Relax.jpg\" alt=\"\" srcset=\"https:\/\/tropicseasspas.com\/wp-content\/uploads\/2019\/12\/Relax.jpg 734w, https:\/\/tropicseasspas.com\/wp-content\/uploads\/2019\/12\/Relax-300x244.jpg 300w, https:\/\/tropicseasspas.com\/wp-content\/uploads\/2019\/12\/Relax-230x187.jpg 230w, https:\/\/tropicseasspas.com\/wp-content\/uploads\/2019\/12\/Relax-350x285.jpg 350w, https:\/\/tropicseasspas.com\/wp-content\/uploads\/2019\/12\/Relax-480x391.jpg 480w\" sizes=\"(max-width: 734px) 100vw, 734px\" \/>\t\t\t\t\t\t\t\t\t\t\t<\/p>\n<h5>HYDROTH\u00c9RAPIE<\/h5>\n<p>Nos spas disposent de jets d&#039;eau sp\u00e9cifiquement dirig\u00e9s qui peuvent b\u00e9n\u00e9ficier \u00e0 toutes les parties du corps, y compris les syst\u00e8mes squelettique, respiratoire, circulatoire, neuromusculaire et digestif.<\/p>\n<p>\t\t\t\t\t\t\t\t\t\t<img loading=\"lazy\" decoding=\"async\" width=\"734\" height=\"598\" src=\"https:\/\/tropicseasspas.com\/wp-content\/uploads\/2019\/12\/RestfulSleep2.jpg\" alt=\"\" srcset=\"https:\/\/tropicseasspas.com\/wp-content\/uploads\/2019\/12\/RestfulSleep2.jpg 734w, https:\/\/tropicseasspas.com\/wp-content\/uploads\/2019\/12\/RestfulSleep2-300x244.jpg 300w, https:\/\/tropicseasspas.com\/wp-content\/uploads\/2019\/12\/RestfulSleep2-230x187.jpg 230w, https:\/\/tropicseasspas.com\/wp-content\/uploads\/2019\/12\/RestfulSleep2-350x285.jpg 350w, https:\/\/tropicseasspas.com\/wp-content\/uploads\/2019\/12\/RestfulSleep2-480x391.jpg 480w\" sizes=\"(max-width: 734px) 100vw, 734px\" \/>\t\t\t\t\t\t\t\t\t\t\t<\/p>\n<h5>SOMMEIL R\u00c9PARATEUR<\/h5>\n<p>Contrairement \u00e0 l&#039;utilisation de m\u00e9dicaments et de somnif\u00e8res sur ordonnance, la circulation et la chaleur de chaque spa Tropic Seas peuvent aider \u00e0 encourager le corps \u00e0 se d\u00e9tendre et \u00e0 se relaxer par lui-m\u00eame. Cela peut conduire \u00e0 un meilleur sommeil r\u00e9parateur.<\/p>\n<p>\t\t\t\t\t\t\t\t\t\t<img loading=\"lazy\" decoding=\"async\" width=\"734\" height=\"598\" src=\"https:\/\/tropicseasspas.com\/wp-content\/uploads\/2019\/12\/Jets.jpg\" alt=\"Tropic Seas Spas Hot Tub Jets\" srcset=\"https:\/\/tropicseasspas.com\/wp-content\/uploads\/2019\/12\/Jets.jpg 734w, https:\/\/tropicseasspas.com\/wp-content\/uploads\/2019\/12\/Jets-300x244.jpg 300w, https:\/\/tropicseasspas.com\/wp-content\/uploads\/2019\/12\/Jets-230x187.jpg 230w, https:\/\/tropicseasspas.com\/wp-content\/uploads\/2019\/12\/Jets-350x285.jpg 350w, https:\/\/tropicseasspas.com\/wp-content\/uploads\/2019\/12\/Jets-480x391.jpg 480w\" sizes=\"(max-width: 734px) 100vw, 734px\" \/>\t\t\t\t\t\t\t\t\t\t\t<\/p>\n<h5>SOULAGEMENT DU STRESS<\/h5>\n<p>Les jets de chacun de nos spas sont sp\u00e9cialement plac\u00e9s pour masser les principaux points de pression pour une massoth\u00e9rapie ultime. Laissez le massage puissant apaiser vos muscles endoloris et vous aider \u00e0 soulager votre stress.<\/p>\n<p>\t\t\t\t\t\t\t\t\t\t<img loading=\"lazy\" decoding=\"async\" width=\"734\" height=\"598\" src=\"https:\/\/tropicseasspas.com\/wp-content\/uploads\/2019\/12\/NeckJets.jpg\" alt=\"\" srcset=\"https:\/\/tropicseasspas.com\/wp-content\/uploads\/2019\/12\/NeckJets.jpg 734w, https:\/\/tropicseasspas.com\/wp-content\/uploads\/2019\/12\/NeckJets-300x244.jpg 300w, https:\/\/tropicseasspas.com\/wp-content\/uploads\/2019\/12\/NeckJets-230x187.jpg 230w, https:\/\/tropicseasspas.com\/wp-content\/uploads\/2019\/12\/NeckJets-350x285.jpg 350w, https:\/\/tropicseasspas.com\/wp-content\/uploads\/2019\/12\/NeckJets-480x391.jpg 480w\" sizes=\"(max-width: 734px) 100vw, 734px\" \/>\t\t\t\t\t\t\t\t\t\t\t<\/p>\n<h5>SOULAGEMENT DE L&#039;ARTHRITE<\/h5>\n<p>Un spa Tropic Seas peut vous aider dans le traitement de l&#039;arthrite et de la fibromyalgie. L&#039;eau chauff\u00e9e peut am\u00e9liorer la circulation sanguine, tandis que la flottabilit\u00e9 peut aider \u00e0 soulager la pression de la gravit\u00e9 sur votre corps.<\/p>\n<p>\t\t\t\t\t\t\t\t\t\t<img loading=\"lazy\" decoding=\"async\" width=\"734\" height=\"598\" src=\"https:\/\/tropicseasspas.com\/wp-content\/uploads\/2019\/12\/Woman.jpg\" alt=\"Woman in Hot Tub\" srcset=\"https:\/\/tropicseasspas.com\/wp-content\/uploads\/2019\/12\/Woman.jpg 734w, https:\/\/tropicseasspas.com\/wp-content\/uploads\/2019\/12\/Woman-300x244.jpg 300w, https:\/\/tropicseasspas.com\/wp-content\/uploads\/2019\/12\/Woman-230x187.jpg 230w, https:\/\/tropicseasspas.com\/wp-content\/uploads\/2019\/12\/Woman-350x285.jpg 350w, https:\/\/tropicseasspas.com\/wp-content\/uploads\/2019\/12\/Woman-480x391.jpg 480w\" sizes=\"(max-width: 734px) 100vw, 734px\" \/>\t\t\t\t\t\t\t\t\t\t\t<\/p>\n<h5>DIAB\u00c8TE DE TYPE 2<\/h5>\n<p>Une \u00e9tude r\u00e9cente a r\u00e9v\u00e9l\u00e9 que les personnes atteintes de diab\u00e8te de type 2 ont connu une diminution significative de leur taux de sucre dans le sang et une am\u00e9lioration de leur sommeil apr\u00e8s avoir pass\u00e9 30 minutes par jour dans un spa. Pour ceux qui vivent avec l\u2019inconfort et les inconv\u00e9nients quotidiens du diab\u00e8te, un spa peut \u00eatre la porte d\u2019entr\u00e9e vers une vie plus remplie et plus agr\u00e9able.<\/p>\n<p style=\"text-align: center;\">Ces informations g\u00e9n\u00e9rales ne sont pas destin\u00e9es \u00e0 diagnostiquer ou traiter un probl\u00e8me m\u00e9dical ou \u00e0 remplacer votre professionnel de la sant\u00e9.<\/p>\n<h4 style=\"text-align: center;\">Commencez \u00e0 am\u00e9liorer votre sant\u00e9 et votre bien-\u00eatre d\u00e8s aujourd&#039;hui en visitant votre<\/h4>\n<p>\t\t\t<a href=\"\/fr\/locate-a-dealer\/\" role=\"button\"><br \/>\n\t\t\t\t\t\tREVENDEUR LOCAL<br \/>\n\t\t\t\t\t<\/a><\/p>","protected":false},"excerpt":{"rendered":"<p>HEALTH &amp; WELLNESS Your Health &amp; Wellness is what matters to us the most.\u00a0\u00a0 Wellness\u00a0is an active choice to create and live a healthy and fulfilling life.\u00a0 It\u2019s a state of physical and mental well-being. Soaking in a Tropic Seas Spa can help benefit you in more ways than one. HYDROTHERAPY Our Spas have specifically [&hellip;]<\/p>\n","protected":false},"author":3,"featured_media":0,"parent":3212,"menu_order":0,"comment_status":"closed","ping_status":"closed","template":"elementor_header_footer","meta":{"_acf_changed":false,"_et_pb_use_builder":"","_et_pb_old_content":"","_et_gb_content_width":"","footnotes":""},"wf_page_folders":[],"class_list":["post-3506","page","type-page","status-publish","hentry"],"acf":[],"yoast_head":"<!-- This site is optimized with the Yoast SEO plugin v27.5 - https:\/\/yoast.com\/product\/yoast-seo-wordpress\/ -->\n<title>Live a Healthy and Fulfilling Life - Health Wellness - Tropic Seas Spas<\/title>\n<meta name=\"description\" content=\"Health and wellness is a choice to live a healthy, relaxing and fulfilling life. Soak in a Tropic Seas Spa hydrotherapy benefits relax, stress, muscle ache.\" \/>\n<meta name=\"robots\" content=\"index, follow, max-snippet:-1, max-image-preview:large, max-video-preview:-1\" \/>\n<link rel=\"canonical\" href=\"https:\/\/tropicseasspas.com\/fr\/features\/health-wellness\/\" \/>\n<meta property=\"og:locale\" content=\"fr_FR\" \/>\n<meta property=\"og:type\" content=\"article\" \/>\n<meta property=\"og:title\" content=\"Live a Healthy and Fulfilling Life - Health Wellness - Tropic Seas Spas\" \/>\n<meta property=\"og:description\" content=\"Health and wellness is a choice to live a healthy, relaxing and fulfilling life. Soak in a Tropic Seas Spa hydrotherapy benefits relax, stress, muscle ache.\" \/>\n<meta property=\"og:url\" content=\"https:\/\/tropicseasspas.com\/fr\/features\/health-wellness\/\" \/>\n<meta property=\"og:site_name\" content=\"Tropic Seas Spas\" \/>\n<meta property=\"article:modified_time\" content=\"2020-01-31T21:41:21+00:00\" \/>\n<meta property=\"og:image\" content=\"https:\/\/tropicseasspas.com\/wp-content\/uploads\/2019\/12\/Relax.jpg\" \/>\n<meta name=\"twitter:card\" content=\"summary_large_image\" \/>\n<meta name=\"twitter:label1\" content=\"Dur\u00e9e de lecture estim\u00e9e\" \/>\n\t<meta name=\"twitter:data1\" content=\"1 minute\" \/>\n<script type=\"application\/ld+json\" class=\"yoast-schema-graph\">{\"@context\":\"https:\\\/\\\/schema.org\",\"@graph\":[{\"@type\":\"WebPage\",\"@id\":\"https:\\\/\\\/tropicseasspas.com\\\/features\\\/health-wellness\\\/\",\"url\":\"https:\\\/\\\/tropicseasspas.com\\\/features\\\/health-wellness\\\/\",\"name\":\"Live a Healthy and Fulfilling Life - Health Wellness - Tropic Seas Spas\",\"isPartOf\":{\"@id\":\"https:\\\/\\\/tropicseasspas.com\\\/#website\"},\"primaryImageOfPage\":{\"@id\":\"https:\\\/\\\/tropicseasspas.com\\\/features\\\/health-wellness\\\/#primaryimage\"},\"image\":{\"@id\":\"https:\\\/\\\/tropicseasspas.com\\\/features\\\/health-wellness\\\/#primaryimage\"},\"thumbnailUrl\":\"https:\\\/\\\/tropicseasspas.com\\\/wp-content\\\/uploads\\\/2019\\\/12\\\/Relax.jpg\",\"datePublished\":\"2019-08-05T22:14:02+00:00\",\"dateModified\":\"2020-01-31T21:41:21+00:00\",\"description\":\"Health and wellness is a choice to live a healthy, relaxing and fulfilling life. Soak in a Tropic Seas Spa hydrotherapy benefits relax, stress, muscle ache.\",\"breadcrumb\":{\"@id\":\"https:\\\/\\\/tropicseasspas.com\\\/features\\\/health-wellness\\\/#breadcrumb\"},\"inLanguage\":\"fr-FR\",\"potentialAction\":[{\"@type\":\"ReadAction\",\"target\":[\"https:\\\/\\\/tropicseasspas.com\\\/features\\\/health-wellness\\\/\"]}]},{\"@type\":\"ImageObject\",\"inLanguage\":\"fr-FR\",\"@id\":\"https:\\\/\\\/tropicseasspas.com\\\/features\\\/health-wellness\\\/#primaryimage\",\"url\":\"https:\\\/\\\/tropicseasspas.com\\\/wp-content\\\/uploads\\\/2019\\\/12\\\/Relax.jpg\",\"contentUrl\":\"https:\\\/\\\/tropicseasspas.com\\\/wp-content\\\/uploads\\\/2019\\\/12\\\/Relax.jpg\"},{\"@type\":\"BreadcrumbList\",\"@id\":\"https:\\\/\\\/tropicseasspas.com\\\/features\\\/health-wellness\\\/#breadcrumb\",\"itemListElement\":[{\"@type\":\"ListItem\",\"position\":1,\"name\":\"Home\",\"item\":\"https:\\\/\\\/tropicseasspas.com\\\/\"},{\"@type\":\"ListItem\",\"position\":2,\"name\":\"Features\",\"item\":\"https:\\\/\\\/tropicseasspas.com\\\/features\\\/\"},{\"@type\":\"ListItem\",\"position\":3,\"name\":\"Health &#038; Wellness\"}]},{\"@type\":\"WebSite\",\"@id\":\"https:\\\/\\\/tropicseasspas.com\\\/#website\",\"url\":\"https:\\\/\\\/tropicseasspas.com\\\/\",\"name\":\"Tropic Seas Spas\",\"description\":\"Hot tubs handcrafted with artistry and ergonomic design.\",\"publisher\":{\"@id\":\"https:\\\/\\\/tropicseasspas.com\\\/#organization\"},\"potentialAction\":[{\"@type\":\"SearchAction\",\"target\":{\"@type\":\"EntryPoint\",\"urlTemplate\":\"https:\\\/\\\/tropicseasspas.com\\\/?s={search_term_string}\"},\"query-input\":{\"@type\":\"PropertyValueSpecification\",\"valueRequired\":true,\"valueName\":\"search_term_string\"}}],\"inLanguage\":\"fr-FR\"},{\"@type\":\"Organization\",\"@id\":\"https:\\\/\\\/tropicseasspas.com\\\/#organization\",\"name\":\"South Seas Spas\",\"url\":\"https:\\\/\\\/tropicseasspas.com\\\/\",\"logo\":{\"@type\":\"ImageObject\",\"inLanguage\":\"fr-FR\",\"@id\":\"https:\\\/\\\/tropicseasspas.com\\\/#\\\/schema\\\/logo\\\/image\\\/\",\"url\":\"https:\\\/\\\/tropicseasspas.com\\\/wp-content\\\/uploads\\\/2019\\\/02\\\/SouthSeas_AS_Logo_vertical_blue-1.png\",\"contentUrl\":\"https:\\\/\\\/tropicseasspas.com\\\/wp-content\\\/uploads\\\/2019\\\/02\\\/SouthSeas_AS_Logo_vertical_blue-1.png\",\"width\":379,\"height\":184,\"caption\":\"South Seas Spas\"},\"image\":{\"@id\":\"https:\\\/\\\/tropicseasspas.com\\\/#\\\/schema\\\/logo\\\/image\\\/\"}}]}<\/script>\n<!-- \/ Yoast SEO plugin. -->","yoast_head_json":{"title":"Vivez une vie saine et \u00e9panouissante - Sant\u00e9 et bien-\u00eatre - Spas Tropic Seas","description":"Le bien-\u00eatre est un choix pour vivre une vie saine, relaxante et \u00e9panouissante. Profitez des bienfaits de l&#039;hydroth\u00e9rapie au spa Tropic Seas pour vous d\u00e9tendre, soulager le stress et les douleurs musculaires.","robots":{"index":"index","follow":"follow","max-snippet":"max-snippet:-1","max-image-preview":"max-image-preview:large","max-video-preview":"max-video-preview:-1"},"canonical":"https:\/\/tropicseasspas.com\/fr\/features\/health-wellness\/","og_locale":"fr_FR","og_type":"article","og_title":"Live a Healthy and Fulfilling Life - Health Wellness - Tropic Seas Spas","og_description":"Health and wellness is a choice to live a healthy, relaxing and fulfilling life. Soak in a Tropic Seas Spa hydrotherapy benefits relax, stress, muscle ache.","og_url":"https:\/\/tropicseasspas.com\/fr\/features\/health-wellness\/","og_site_name":"Tropic Seas Spas","article_modified_time":"2020-01-31T21:41:21+00:00","og_image":[{"url":"https:\/\/tropicseasspas.com\/wp-content\/uploads\/2019\/12\/Relax.jpg","type":"","width":"","height":""}],"twitter_card":"summary_large_image","twitter_misc":{"Dur\u00e9e de lecture estim\u00e9e":"1 minute"},"schema":{"@context":"https:\/\/schema.org","@graph":[{"@type":"WebPage","@id":"https:\/\/tropicseasspas.com\/features\/health-wellness\/","url":"https:\/\/tropicseasspas.com\/features\/health-wellness\/","name":"Vivez une vie saine et \u00e9panouissante - Sant\u00e9 et bien-\u00eatre - Spas Tropic Seas","isPartOf":{"@id":"https:\/\/tropicseasspas.com\/#website"},"primaryImageOfPage":{"@id":"https:\/\/tropicseasspas.com\/features\/health-wellness\/#primaryimage"},"image":{"@id":"https:\/\/tropicseasspas.com\/features\/health-wellness\/#primaryimage"},"thumbnailUrl":"https:\/\/tropicseasspas.com\/wp-content\/uploads\/2019\/12\/Relax.jpg","datePublished":"2019-08-05T22:14:02+00:00","dateModified":"2020-01-31T21:41:21+00:00","description":"Le bien-\u00eatre est un choix pour vivre une vie saine, relaxante et \u00e9panouissante. Profitez des bienfaits de l&#039;hydroth\u00e9rapie au spa Tropic Seas pour vous d\u00e9tendre, soulager le stress et les douleurs musculaires.","breadcrumb":{"@id":"https:\/\/tropicseasspas.com\/features\/health-wellness\/#breadcrumb"},"inLanguage":"fr-FR","potentialAction":[{"@type":"ReadAction","target":["https:\/\/tropicseasspas.com\/features\/health-wellness\/"]}]},{"@type":"ImageObject","inLanguage":"fr-FR","@id":"https:\/\/tropicseasspas.com\/features\/health-wellness\/#primaryimage","url":"https:\/\/tropicseasspas.com\/wp-content\/uploads\/2019\/12\/Relax.jpg","contentUrl":"https:\/\/tropicseasspas.com\/wp-content\/uploads\/2019\/12\/Relax.jpg"},{"@type":"BreadcrumbList","@id":"https:\/\/tropicseasspas.com\/features\/health-wellness\/#breadcrumb","itemListElement":[{"@type":"ListItem","position":1,"name":"Home","item":"https:\/\/tropicseasspas.com\/"},{"@type":"ListItem","position":2,"name":"Features","item":"https:\/\/tropicseasspas.com\/features\/"},{"@type":"ListItem","position":3,"name":"Health &#038; Wellness"}]},{"@type":"WebSite","@id":"https:\/\/tropicseasspas.com\/#website","url":"https:\/\/tropicseasspas.com\/","name":"Spas des mers tropicales","description":"Spas fabriqu\u00e9s \u00e0 la main avec un design artistique et ergonomique.","publisher":{"@id":"https:\/\/tropicseasspas.com\/#organization"},"potentialAction":[{"@type":"SearchAction","target":{"@type":"EntryPoint","urlTemplate":"https:\/\/tropicseasspas.com\/?s={search_term_string}"},"query-input":{"@type":"PropertyValueSpecification","valueRequired":true,"valueName":"search_term_string"}}],"inLanguage":"fr-FR"},{"@type":"Organization","@id":"https:\/\/tropicseasspas.com\/#organization","name":"Spas des mers du Sud","url":"https:\/\/tropicseasspas.com\/","logo":{"@type":"ImageObject","inLanguage":"fr-FR","@id":"https:\/\/tropicseasspas.com\/#\/schema\/logo\/image\/","url":"https:\/\/tropicseasspas.com\/wp-content\/uploads\/2019\/02\/SouthSeas_AS_Logo_vertical_blue-1.png","contentUrl":"https:\/\/tropicseasspas.com\/wp-content\/uploads\/2019\/02\/SouthSeas_AS_Logo_vertical_blue-1.png","width":379,"height":184,"caption":"South Seas Spas"},"image":{"@id":"https:\/\/tropicseasspas.com\/#\/schema\/logo\/image\/"}}]}},"_links":{"self":[{"href":"https:\/\/tropicseasspas.com\/fr\/wp-json\/wp\/v2\/pages\/3506","targetHints":{"allow":["GET"]}}],"collection":[{"href":"https:\/\/tropicseasspas.com\/fr\/wp-json\/wp\/v2\/pages"}],"about":[{"href":"https:\/\/tropicseasspas.com\/fr\/wp-json\/wp\/v2\/types\/page"}],"author":[{"embeddable":true,"href":"https:\/\/tropicseasspas.com\/fr\/wp-json\/wp\/v2\/users\/3"}],"replies":[{"embeddable":true,"href":"https:\/\/tropicseasspas.com\/fr\/wp-json\/wp\/v2\/comments?post=3506"}],"version-history":[{"count":0,"href":"https:\/\/tropicseasspas.com\/fr\/wp-json\/wp\/v2\/pages\/3506\/revisions"}],"up":[{"embeddable":true,"href":"https:\/\/tropicseasspas.com\/fr\/wp-json\/wp\/v2\/pages\/3212"}],"wp:attachment":[{"href":"https:\/\/tropicseasspas.com\/fr\/wp-json\/wp\/v2\/media?parent=3506"}],"wp:term":[{"taxonomy":"wf_page_folders","embeddable":true,"href":"https:\/\/tropicseasspas.com\/fr\/wp-json\/wp\/v2\/wf_page_folders?post=3506"}],"curies":[{"name":"wp","href":"https:\/\/api.w.org\/{rel}","templated":true}]}}