{"id":342351,"date":"2024-10-15T13:57:44","date_gmt":"2024-10-15T13:57:44","guid":{"rendered":"https:\/\/tropicseasspas.com\/?page_id=342351"},"modified":"2024-10-15T14:25:20","modified_gmt":"2024-10-15T14:25:20","slug":"financing","status":"publish","type":"page","link":"https:\/\/tropicseasspas.com\/fr\/support\/financing\/","title":{"rendered":"Financement"},"content":{"rendered":"\n[et_pb_section fb_built=&#8221;1&#8243; _builder_version=&#8221;4.21.0&#8243; _module_preset=&#8221;default&#8221; background_color=&#8221;#f7931d&#8221; custom_margin=&#8221;0px||0px||true|false&#8221; custom_padding=&#8221;12px||12px||true|false&#8221; sticky_position=&#8221;top&#8221; global_colors_info=&#8221;{}&#8221;][et_pb_row column_structure=&#8221;1_2,1_2&#8243; _builder_version=&#8221;4.21.0&#8243; _module_preset=&#8221;default&#8221; custom_margin=&#8221;0px||0px||true|false&#8221; custom_margin_tablet=&#8221;0px||-31px||false|false&#8221; custom_margin_phone=&#8221;0px||-31px||false|false&#8221; custom_margin_last_edited=&#8221;on|tablet&#8221; custom_padding=&#8221;0px||0px||true|false&#8221; custom_css_main_element=&#8221;display:flex;&#8221; global_colors_info=&#8221;{}&#8221; custom_css_main_element_last_edited=&#8221;on|phone&#8221; custom_css_main_element_tablet=&#8221;display:flex;&#8221; custom_css_main_element_phone=&#8221;display: flex;||flex-wrap: wrap;&#8221;][et_pb_column type=&#8221;1_2&#8243; _builder_version=&#8221;4.21.0&#8243; _module_preset=&#8221;default&#8221; custom_css_main_element=&#8221;order:1;&#8221; global_colors_info=&#8221;{}&#8221; custom_css_main_element_last_edited=&#8221;on|tablet&#8221; custom_css_main_element_tablet=&#8221;order:1;&#8221; custom_css_main_element_phone=&#8221;order:2;&#8221;][et_pb_text disabled_on=&#8221;on|off|off&#8221; _builder_version=&#8221;4.21.0&#8243; _module_preset=&#8221;default&#8221; text_text_color=&#8221;#FFFFFF&#8221; link_text_color=&#8221;#FFFFFF&#8221; width=&#8221;100%&#8221; link_text_color_last_edited=&#8221;off|desktop&#8221; global_colors_info=&#8221;{}&#8221; link_text_color__hover_enabled=&#8221;on|hover&#8221; link_text_color__hover=&#8221;#935405&#8243;]<p><a href=\"https:\/\/my-hottub.com\/\" target=\"_blank\" rel=\"noopener\">Spa Owner Login<\/a>\u00a0 |\u00a0 <a href=\"https:\/\/artesianspas-dealer.com\/\" target=\"_blank\" rel=\"noopener\">Dealer Login<\/a><\/p>[\/et_pb_text][\/et_pb_column][et_pb_column type=&#8221;1_2&#8243; _builder_version=&#8221;4.21.0&#8243; _module_preset=&#8221;default&#8221; custom_css_main_element=&#8221;order:2;&#8221; global_colors_info=&#8221;{}&#8221; custom_css_main_element_last_edited=&#8221;on|phone&#8221; custom_css_main_element_phone=&#8221;order:1;&#8221; custom_css_main_element_tablet=&#8221;order:2;&#8221;][et_pb_text _builder_version=&#8221;4.21.0&#8243; _module_preset=&#8221;default&#8221; text_text_color=&#8221;#FFFFFF&#8221; link_text_color=&#8221;#FFFFFF&#8221; width=&#8221;100%&#8221; global_colors_info=&#8221;{}&#8221; link_text_color__hover_enabled=&#8221;on|hover&#8221; link_text_color__hover=&#8221;#935405&#8243;]<p style=\"text-align: right;\"><a href=\"\/locate-a-dealer\/\">Find a dealer<\/a>\u00a0 |\u00a0 <a href=\"\/design-your-spa\/\">Design Your Spa<\/a><\/p>[\/et_pb_text][\/et_pb_column][\/et_pb_row][\/et_pb_section][et_pb_section fb_built=&#8221;1&#8243; _builder_version=&#8221;4.23.4&#8243; _module_preset=&#8221;default&#8221; background_color=&#8221;RGBA(255,255,255,0)&#8221; custom_padding=&#8221;0px||0px||true|false&#8221; sticky_position=&#8221;top&#8221; box_shadow_style=&#8221;preset3&#8243; box_shadow_blur=&#8221;0px&#8221; box_shadow_color=&#8221;RGBA(255,255,255,0)&#8221; global_colors_info=&#8221;{}&#8221; background__sticky_enabled=&#8221;on|sticky&#8221; background_color__sticky=&#8221;#FFFFFF&#8221; background_enable_color__sticky=&#8221;on&#8221; box_shadow_blur__sticky_enabled=&#8221;on|sticky&#8221; box_shadow_blur__sticky=&#8221;18px&#8221; box_shadow_color__sticky_enabled=&#8221;on|desktop&#8221; box_shadow_color__sticky=&#8221;rgba(0,0,0,0.15)&#8221; use_background_color_gradient__sticky=&#8221;on&#8221; background_color_gradient_stops__sticky=&#8221;rgba(10,0,0,0) 0%|RGBA(255,255,255,0) 100%&#8221;][et_pb_row _builder_version=&#8221;4.21.0&#8243; _module_preset=&#8221;default&#8221; background_color=&#8221;RGBA(255,255,255,0)&#8221; custom_padding=&#8221;10px||10px||true|false&#8221; global_colors_info=&#8221;{}&#8221;][et_pb_column type=&#8221;4_4&#8243; _builder_version=&#8221;4.21.0&#8243; _module_preset=&#8221;default&#8221; background_color=&#8221;RGBA(255,255,255,0)&#8221; global_colors_info=&#8221;{}&#8221;][et_pb_menu submenu_direction=&#8221;downwards&#8221; active_link_color=&#8221;#f7931d&#8221; dropdown_menu_bg_color=&#8221;#FFFFFF&#8221; dropdown_menu_line_color=&#8221;#f7931d&#8221; dropdown_menu_text_color=&#8221;#7e7e7e&#8221; dropdown_menu_active_link_color=&#8221;#f7931d&#8221; mobile_menu_bg_color=&#8221;#FFFFFF&#8221; mobile_menu_text_color=&#8221;#7e7e7e&#8221; logo=&#8221;https:\/\/tropicseasspas.com\/wp-content\/uploads\/2023\/07\/Tropic-Seas-Logo-Landscaped_outlined-text_white.png&#8221; logo_url=&#8221;\/&#8221; logo_max_width=&#8221;260px&#8221; logo_max_width_tablet=&#8221;36%&#8221; logo_max_width_phone=&#8221;70%&#8221; logo_max_width_last_edited=&#8221;on|phone&#8221; admin_label=&#8221;Menu&#8221; _builder_version=&#8221;4.23.4&#8243; _module_preset=&#8221;default&#8221; menu_font=&#8221;||||||||&#8221; menu_text_color=&#8221;#FFFFFF&#8221; background_color=&#8221;RGBA(255,255,255,0)&#8221; text_orientation=&#8221;right&#8221; custom_margin=&#8221;||4px||false|false&#8221; custom_padding=&#8221;||0px|0px|false|false&#8221; custom_padding_tablet=&#8221;||20px||false|false&#8221; custom_padding_phone=&#8221;0px||10px|0px|false|false&#8221; custom_padding_last_edited=&#8221;on|tablet&#8221; global_colors_info=&#8221;{}&#8221; background_layout__hover_enabled=&#8221;off|desktop&#8221; menu_text_color__sticky_enabled=&#8221;on|sticky&#8221; child_filter_invert__sticky_enabled=&#8221;off|desktop&#8221; child_filter_invert__sticky=&#8221;0%&#8221; menu_text_color__sticky=&#8221;#7e7e7e&#8221; mobile_menu_bg_color__sticky_enabled=&#8221;on|desktop&#8221; mobile_menu_bg_color__sticky=&#8221;#FFFFFF&#8221; custom_css_menu_logo__sticky_enabled=&#8221;on|sticky&#8221; custom_css_menu_logo__sticky=&#8221;content: url(\/wp-content\/uploads\/2023\/07\/Tropic-Seas-Logo-Landscaped.png);&#8221;][\/et_pb_menu][et_pb_code disabled_on=&#8221;off|on|on&#8221; _builder_version=&#8221;4.21.0&#8243; _module_preset=&#8221;default&#8221; custom_margin=&#8221;0px||0px||false|false&#8221; custom_padding=&#8221;0px||0px||false|false&#8221; global_colors_info=&#8221;{}&#8221;]<script><!-- [et_pb_line_break_holder] -->jQuery(document).ready(function($){<!-- [et_pb_line_break_holder] -->    function ds_setup_collapsible_submenus_parent_cickable() {<!-- [et_pb_line_break_holder] -->        var top_level_link = '.et_mobile_menu .menu-item-has-children > a';<!-- [et_pb_line_break_holder] -->        $(top_level_link).after('<span class=\"menu-closed\"><\/span>');<!-- [et_pb_line_break_holder] -->        $(top_level_link).each(function () {<!-- [et_pb_line_break_holder] -->            $(this).next().next('.sub-menu').toggleClass('menu-hide', 1000);<!-- [et_pb_line_break_holder] -->        });<!-- [et_pb_line_break_holder] -->        $(top_level_link + '+ span').on('click', function (event) {<!-- [et_pb_line_break_holder] -->                event.preventDefault();<!-- [et_pb_line_break_holder] -->                $(this).toggleClass('menu-open');<!-- [et_pb_line_break_holder] -->                $(this).next('.sub-menu').toggleClass('menu-hide', 1000);<!-- [et_pb_line_break_holder] -->            });<!-- [et_pb_line_break_holder] -->        }<!-- [et_pb_line_break_holder] -->    <!-- [et_pb_line_break_holder] -->        setTimeout(function () {<!-- [et_pb_line_break_holder] -->        ds_setup_collapsible_submenus_parent_cickable();<!-- [et_pb_line_break_holder] -->        }, 300);<!-- [et_pb_line_break_holder] -->});<!-- [et_pb_line_break_holder] --><\/script>[\/et_pb_code][\/et_pb_column][\/et_pb_row][\/et_pb_section][et_pb_section fb_built=&#8221;1&#8243; _builder_version=&#8221;4.25.2&#8243; _module_preset=&#8221;default&#8221; hover_enabled=&#8221;0&#8243; global_colors_info=&#8221;{}&#8221; sticky_enabled=&#8221;0&#8243;][et_pb_row _builder_version=&#8221;4.25.2&#8243; _module_preset=&#8221;default&#8221; hover_enabled=&#8221;0&#8243; global_colors_info=&#8221;{}&#8221; sticky_enabled=&#8221;0&#8243;][et_pb_column type=&#8221;4_4&#8243; _builder_version=&#8221;4.25.2&#8243; _module_preset=&#8221;default&#8221; global_colors_info=&#8221;{}&#8221;][et_pb_text _builder_version=&#8221;4.25.2&#8243; _module_preset=&#8221;default&#8221; text_font=&#8221;|300|||||||&#8221; text_font_size=&#8221;18px&#8221; header_line_height=&#8221;1.2em&#8221; hover_enabled=&#8221;0&#8243; text_font_size_tablet=&#8221;&#8221; text_font_size_phone=&#8221;&#8221; text_font_size_last_edited=&#8221;on|desktop&#8221; global_colors_info=&#8221;{}&#8221; custom_padding=&#8221;||50px||false|false&#8221; sticky_enabled=&#8221;0&#8243;]<h1 style=\"text-align: center;\">Hot Tub Financing<\/h1>\n<p>&nbsp;<\/p>\n<p>Buy today, pay over time with the Wells Fargo Outdoor Solutions Card, issued with approved credit by Wells Fargo Bank, N.A.<\/p>\n<p>With approved credit from Wells Fargo, you\u2019ll enjoy:<\/p>\n<ul>\n<li>Convenient monthly payments<\/li>\n<li>Flexible financing options<\/li>\n<li>Easy online account management<\/li>\n<\/ul>\n<p>Please contact a dealer to find out which financing options are available to you, or to learn about special financing promotions.<\/p>[\/et_pb_text][et_pb_cta title=&#8221;Find a Dealer&#8221; button_url=&#8221;https:\/\/tropicseasspas.com\/locate-a-dealer\/&#8221; url_new_window=&#8221;on&#8221; _builder_version=&#8221;4.25.2&#8243; _module_preset=&#8221;default&#8221; width=&#8221;30%&#8221; module_alignment=&#8221;center&#8221; height=&#8221;112px&#8221; max_height=&#8221;126px&#8221; link_option_url=&#8221;https:\/\/tropicseasspas.com\/locate-a-dealer\/&#8221; link_option_url_new_window=&#8221;on&#8221; hover_enabled=&#8221;0&#8243; global_colors_info=&#8221;{}&#8221; sticky_enabled=&#8221;0&#8243;][\/et_pb_cta][\/et_pb_column][\/et_pb_row][\/et_pb_section][et_pb_section fb_built=&#8221;1&#8243; custom_padding_last_edited=&#8221;on|tablet&#8221; _builder_version=&#8221;4.21.0&#8243; _module_preset=&#8221;default&#8221; background_color=&#8221;#005476&#8243; min_height_tablet=&#8221;&#8221; min_height_phone=&#8221;140px&#8221; min_height_last_edited=&#8221;on|phone&#8221; custom_padding=&#8221;0px||0px||false|false&#8221; custom_padding_tablet=&#8221;20px||||false|false&#8221; custom_padding_phone=&#8221;29px||0px||false|false&#8221; global_colors_info=&#8221;{}&#8221;][et_pb_row column_structure=&#8221;2_5,3_5&#8243; use_custom_gutter=&#8221;on&#8221; gutter_width=&#8221;2&#8243; make_equal=&#8221;on&#8221; custom_padding_last_edited=&#8221;on|tablet&#8221; _builder_version=&#8221;4.21.0&#8243; _module_preset=&#8221;default&#8221; width_tablet=&#8221;&#8221; width_phone=&#8221;100%&#8221; width_last_edited=&#8221;on|phone&#8221; module_alignment=&#8221;center&#8221; min_height=&#8221;100px&#8221; min_height_tablet=&#8221;65px&#8221; min_height_phone=&#8221;65px&#8221; min_height_last_edited=&#8221;on|tablet&#8221; custom_margin=&#8221;0px||0px||true|false&#8221; custom_padding=&#8221;0px||0px||false|false&#8221; custom_padding_tablet=&#8221;0px||0px||false|false&#8221; custom_padding_phone=&#8221;0px|20px|0px|20px|false|true&#8221; global_colors_info=&#8221;{}&#8221;][et_pb_column type=&#8221;2_5&#8243; _builder_version=&#8221;4.21.0&#8243; _module_preset=&#8221;default&#8221; custom_css_main_element=&#8221;margin:auto;&#8221; global_colors_info=&#8221;{}&#8221;][et_pb_image src=&#8221;https:\/\/tropicseasspas.com\/wp-content\/uploads\/2023\/06\/Tropic-Seas-Logo-Landscaped-White.png&#8221; title_text=&#8221;Tropic Seas Logo &#8211; Landscaped &#8211; White&#8221; show_bottom_space=&#8221;off&#8221; align=&#8221;right&#8221; align_tablet=&#8221;center&#8221; align_phone=&#8221;center&#8221; align_last_edited=&#8221;on|tablet&#8221; _builder_version=&#8221;4.21.0&#8243; _module_preset=&#8221;default&#8221; width=&#8221;40%&#8221; width_tablet=&#8221;30%&#8221; width_phone=&#8221;55%&#8221; width_last_edited=&#8221;on|tablet&#8221; custom_margin_tablet=&#8221;&#8221; custom_margin_phone=&#8221;0px||0px||false|false&#8221; custom_margin_last_edited=&#8221;on|phone&#8221; custom_padding=&#8221;||||false|false&#8221; custom_padding_tablet=&#8221;||||false|false&#8221; custom_padding_phone=&#8221;0px||0px||false|false&#8221; custom_padding_last_edited=&#8221;on|phone&#8221; global_colors_info=&#8221;{}&#8221;][\/et_pb_image][\/et_pb_column][et_pb_column type=&#8221;3_5&#8243; _builder_version=&#8221;4.21.0&#8243; _module_preset=&#8221;default&#8221; custom_padding=&#8221;3px||||false|false&#8221; custom_css_main_element=&#8221;margin:auto;&#8221; global_colors_info=&#8221;{}&#8221;][et_pb_text _builder_version=&#8221;4.21.0&#8243; _module_preset=&#8221;default&#8221; text_font=&#8221;|300|||||||&#8221; text_text_color=&#8221;rgba(255,255,255,0.5)&#8221; text_font_size=&#8221;12px&#8221; text_line_height=&#8221;1em&#8221; link_text_color=&#8221;#FFFFFF&#8221; width_tablet=&#8221;&#8221; width_phone=&#8221;100%&#8221; width_last_edited=&#8221;on|phone&#8221; module_alignment=&#8221;left&#8221; custom_margin_tablet=&#8221;&#8221; custom_margin_phone=&#8221;0px||||false|false&#8221; custom_margin_last_edited=&#8221;on|phone&#8221; custom_padding_tablet=&#8221;10px||||false|false&#8221; custom_padding_phone=&#8221;0px||||false|false&#8221; custom_padding_last_edited=&#8221;on|tablet&#8221; text_line_height_tablet=&#8221;1em&#8221; text_line_height_phone=&#8221;1.5em&#8221; text_orientation_tablet=&#8221;&#8221; text_orientation_phone=&#8221;center&#8221; text_orientation_last_edited=&#8221;on|phone&#8221; module_alignment_tablet=&#8221;left&#8221; module_alignment_phone=&#8221;center&#8221; module_alignment_last_edited=&#8221;on|phone&#8221; global_colors_info=&#8221;{}&#8221;]<p>4720 N Lamb Ave, Las Vegas, NV, 89115\u00a0 \u00a0|\u00a0 \u00a0(800) 817-7727\u00a0 \u00a0|\u00a0 \u00a0Privacy Policy\u00a0 \u00a0|\u00a0 \u00a0<span>\u00a9 2023 TROPIC SEAS<\/span><\/p>[\/et_pb_text][\/et_pb_column][\/et_pb_row][\/et_pb_section]\n","protected":false},"excerpt":{"rendered":"<p>Connexion propri\u00e9taire de spa | Connexion revendeurTrouver un revendeur | Concevez votre spaFinancement du spa Achetez aujourd&#039;hui, payez au fil du temps avec la carte Wells Fargo Outdoor Solutions, \u00e9mise avec un cr\u00e9dit approuv\u00e9 par Wells Fargo Bank, NA Avec un cr\u00e9dit approuv\u00e9 par Wells Fargo, vous b\u00e9n\u00e9ficierez de : Paiements mensuels pratiques Options de financement flexibles Gestion de compte en ligne facile Veuillez contacter un revendeur pour conna\u00eetre les options de financement qui vous sont propos\u00e9es ou pour en savoir plus sur les promotions de financement sp\u00e9ciales.4720 N Lamb Ave, Las Vegas, NV, 89115 | (800) 817-7727 | Politique de confidentialit\u00e9 | \u00a9 2023 TROPIC SEAS<\/p>","protected":false},"author":8,"featured_media":0,"parent":2535,"menu_order":0,"comment_status":"closed","ping_status":"closed","template":"page-template-blank.php","meta":{"_acf_changed":false,"_et_pb_use_builder":"on","_et_pb_old_content":"","_et_gb_content_width":"","footnotes":""},"wf_page_folders":[],"class_list":["post-342351","page","type-page","status-publish","hentry"],"acf":[],"yoast_head":"<!-- This site is optimized with the Yoast SEO plugin v27.4 - https:\/\/yoast.com\/product\/yoast-seo-wordpress\/ -->\n<title>Financing - Tropic Seas Spas<\/title>\n<meta name=\"description\" content=\"Tropic Seas Spas Financing south seas spas, las vegas spas, las vegas hottub, hottub manufacturer, deluxe spa, hydrotherapy benefits, mental clairity, stress tension relief, relaxation\" \/>\n<meta name=\"robots\" content=\"index, follow, max-snippet:-1, max-image-preview:large, max-video-preview:-1\" \/>\n<link rel=\"canonical\" href=\"https:\/\/tropicseasspas.com\/fr\/support\/financing\/\" \/>\n<meta property=\"og:locale\" content=\"fr_FR\" \/>\n<meta property=\"og:type\" content=\"article\" \/>\n<meta property=\"og:title\" content=\"Financing - Tropic Seas Spas\" \/>\n<meta property=\"og:description\" content=\"Tropic Seas Spas Financing south seas spas, las vegas spas, las vegas hottub, hottub manufacturer, deluxe spa, hydrotherapy benefits, mental clairity, stress tension relief, relaxation\" \/>\n<meta property=\"og:url\" content=\"https:\/\/tropicseasspas.com\/fr\/support\/financing\/\" \/>\n<meta property=\"og:site_name\" content=\"Tropic Seas Spas\" \/>\n<meta property=\"article:modified_time\" content=\"2024-10-15T14:25:20+00:00\" \/>\n<meta name=\"twitter:card\" content=\"summary_large_image\" \/>\n<meta name=\"twitter:label1\" content=\"Dur\u00e9e de lecture estim\u00e9e\" \/>\n\t<meta name=\"twitter:data1\" content=\"1 minute\" \/>\n<script type=\"application\/ld+json\" class=\"yoast-schema-graph\">{\"@context\":\"https:\\\/\\\/schema.org\",\"@graph\":[{\"@type\":\"WebPage\",\"@id\":\"https:\\\/\\\/tropicseasspas.com\\\/support\\\/financing\\\/\",\"url\":\"https:\\\/\\\/tropicseasspas.com\\\/support\\\/financing\\\/\",\"name\":\"Financing - Tropic Seas Spas\",\"isPartOf\":{\"@id\":\"https:\\\/\\\/tropicseasspas.com\\\/#website\"},\"datePublished\":\"2024-10-15T13:57:44+00:00\",\"dateModified\":\"2024-10-15T14:25:20+00:00\",\"description\":\"Tropic Seas Spas Financing south seas spas, las vegas spas, las vegas hottub, hottub manufacturer, deluxe spa, hydrotherapy benefits, mental clairity, stress tension relief, relaxation\",\"breadcrumb\":{\"@id\":\"https:\\\/\\\/tropicseasspas.com\\\/support\\\/financing\\\/#breadcrumb\"},\"inLanguage\":\"fr-FR\",\"potentialAction\":[{\"@type\":\"ReadAction\",\"target\":[\"https:\\\/\\\/tropicseasspas.com\\\/support\\\/financing\\\/\"]}]},{\"@type\":\"BreadcrumbList\",\"@id\":\"https:\\\/\\\/tropicseasspas.com\\\/support\\\/financing\\\/#breadcrumb\",\"itemListElement\":[{\"@type\":\"ListItem\",\"position\":1,\"name\":\"Home\",\"item\":\"https:\\\/\\\/tropicseasspas.com\\\/\"},{\"@type\":\"ListItem\",\"position\":2,\"name\":\"Support\",\"item\":\"https:\\\/\\\/tropicseasspas.com\\\/support\\\/\"},{\"@type\":\"ListItem\",\"position\":3,\"name\":\"Financing\"}]},{\"@type\":\"WebSite\",\"@id\":\"https:\\\/\\\/tropicseasspas.com\\\/#website\",\"url\":\"https:\\\/\\\/tropicseasspas.com\\\/\",\"name\":\"Tropic Seas Spas\",\"description\":\"Hot tubs handcrafted with artistry and ergonomic design.\",\"publisher\":{\"@id\":\"https:\\\/\\\/tropicseasspas.com\\\/#organization\"},\"potentialAction\":[{\"@type\":\"SearchAction\",\"target\":{\"@type\":\"EntryPoint\",\"urlTemplate\":\"https:\\\/\\\/tropicseasspas.com\\\/?s={search_term_string}\"},\"query-input\":{\"@type\":\"PropertyValueSpecification\",\"valueRequired\":true,\"valueName\":\"search_term_string\"}}],\"inLanguage\":\"fr-FR\"},{\"@type\":\"Organization\",\"@id\":\"https:\\\/\\\/tropicseasspas.com\\\/#organization\",\"name\":\"South Seas Spas\",\"url\":\"https:\\\/\\\/tropicseasspas.com\\\/\",\"logo\":{\"@type\":\"ImageObject\",\"inLanguage\":\"fr-FR\",\"@id\":\"https:\\\/\\\/tropicseasspas.com\\\/#\\\/schema\\\/logo\\\/image\\\/\",\"url\":\"https:\\\/\\\/tropicseasspas.com\\\/wp-content\\\/uploads\\\/2019\\\/02\\\/SouthSeas_AS_Logo_vertical_blue-1.png\",\"contentUrl\":\"https:\\\/\\\/tropicseasspas.com\\\/wp-content\\\/uploads\\\/2019\\\/02\\\/SouthSeas_AS_Logo_vertical_blue-1.png\",\"width\":379,\"height\":184,\"caption\":\"South Seas Spas\"},\"image\":{\"@id\":\"https:\\\/\\\/tropicseasspas.com\\\/#\\\/schema\\\/logo\\\/image\\\/\"}}]}<\/script>\n<!-- \/ Yoast SEO plugin. -->","yoast_head_json":{"title":"Financement - Spas Tropic Seas","description":"Financement de spas Tropic Seas, spas South Seas, spas \u00e0 Las Vegas, jacuzzis \u00e0 Las Vegas, fabricant de jacuzzis, spas de luxe, bienfaits de l&#039;hydroth\u00e9rapie, clart\u00e9 mentale, soulagement du stress et des tensions, relaxation","robots":{"index":"index","follow":"follow","max-snippet":"max-snippet:-1","max-image-preview":"max-image-preview:large","max-video-preview":"max-video-preview:-1"},"canonical":"https:\/\/tropicseasspas.com\/fr\/support\/financing\/","og_locale":"fr_FR","og_type":"article","og_title":"Financing - Tropic Seas Spas","og_description":"Tropic Seas Spas Financing south seas spas, las vegas spas, las vegas hottub, hottub manufacturer, deluxe spa, hydrotherapy benefits, mental clairity, stress tension relief, relaxation","og_url":"https:\/\/tropicseasspas.com\/fr\/support\/financing\/","og_site_name":"Tropic Seas Spas","article_modified_time":"2024-10-15T14:25:20+00:00","twitter_card":"summary_large_image","twitter_misc":{"Dur\u00e9e de lecture estim\u00e9e":"1 minute"},"schema":{"@context":"https:\/\/schema.org","@graph":[{"@type":"WebPage","@id":"https:\/\/tropicseasspas.com\/support\/financing\/","url":"https:\/\/tropicseasspas.com\/support\/financing\/","name":"Financement - Spas Tropic Seas","isPartOf":{"@id":"https:\/\/tropicseasspas.com\/#website"},"datePublished":"2024-10-15T13:57:44+00:00","dateModified":"2024-10-15T14:25:20+00:00","description":"Financement de spas Tropic Seas, spas South Seas, spas \u00e0 Las Vegas, jacuzzis \u00e0 Las Vegas, fabricant de jacuzzis, spas de luxe, bienfaits de l&#039;hydroth\u00e9rapie, clart\u00e9 mentale, soulagement du stress et des tensions, relaxation","breadcrumb":{"@id":"https:\/\/tropicseasspas.com\/support\/financing\/#breadcrumb"},"inLanguage":"fr-FR","potentialAction":[{"@type":"ReadAction","target":["https:\/\/tropicseasspas.com\/support\/financing\/"]}]},{"@type":"BreadcrumbList","@id":"https:\/\/tropicseasspas.com\/support\/financing\/#breadcrumb","itemListElement":[{"@type":"ListItem","position":1,"name":"Home","item":"https:\/\/tropicseasspas.com\/"},{"@type":"ListItem","position":2,"name":"Support","item":"https:\/\/tropicseasspas.com\/support\/"},{"@type":"ListItem","position":3,"name":"Financing"}]},{"@type":"WebSite","@id":"https:\/\/tropicseasspas.com\/#website","url":"https:\/\/tropicseasspas.com\/","name":"Spas des mers tropicales","description":"Spas fabriqu\u00e9s \u00e0 la main avec un design artistique et ergonomique.","publisher":{"@id":"https:\/\/tropicseasspas.com\/#organization"},"potentialAction":[{"@type":"SearchAction","target":{"@type":"EntryPoint","urlTemplate":"https:\/\/tropicseasspas.com\/?s={search_term_string}"},"query-input":{"@type":"PropertyValueSpecification","valueRequired":true,"valueName":"search_term_string"}}],"inLanguage":"fr-FR"},{"@type":"Organization","@id":"https:\/\/tropicseasspas.com\/#organization","name":"Spas des mers du Sud","url":"https:\/\/tropicseasspas.com\/","logo":{"@type":"ImageObject","inLanguage":"fr-FR","@id":"https:\/\/tropicseasspas.com\/#\/schema\/logo\/image\/","url":"https:\/\/tropicseasspas.com\/wp-content\/uploads\/2019\/02\/SouthSeas_AS_Logo_vertical_blue-1.png","contentUrl":"https:\/\/tropicseasspas.com\/wp-content\/uploads\/2019\/02\/SouthSeas_AS_Logo_vertical_blue-1.png","width":379,"height":184,"caption":"South Seas Spas"},"image":{"@id":"https:\/\/tropicseasspas.com\/#\/schema\/logo\/image\/"}}]}},"_links":{"self":[{"href":"https:\/\/tropicseasspas.com\/fr\/wp-json\/wp\/v2\/pages\/342351","targetHints":{"allow":["GET"]}}],"collection":[{"href":"https:\/\/tropicseasspas.com\/fr\/wp-json\/wp\/v2\/pages"}],"about":[{"href":"https:\/\/tropicseasspas.com\/fr\/wp-json\/wp\/v2\/types\/page"}],"author":[{"embeddable":true,"href":"https:\/\/tropicseasspas.com\/fr\/wp-json\/wp\/v2\/users\/8"}],"replies":[{"embeddable":true,"href":"https:\/\/tropicseasspas.com\/fr\/wp-json\/wp\/v2\/comments?post=342351"}],"version-history":[{"count":0,"href":"https:\/\/tropicseasspas.com\/fr\/wp-json\/wp\/v2\/pages\/342351\/revisions"}],"up":[{"embeddable":true,"href":"https:\/\/tropicseasspas.com\/fr\/wp-json\/wp\/v2\/pages\/2535"}],"wp:attachment":[{"href":"https:\/\/tropicseasspas.com\/fr\/wp-json\/wp\/v2\/media?parent=342351"}],"wp:term":[{"taxonomy":"wf_page_folders","embeddable":true,"href":"https:\/\/tropicseasspas.com\/fr\/wp-json\/wp\/v2\/wf_page_folders?post=342351"}],"curies":[{"name":"wp","href":"https:\/\/api.w.org\/{rel}","templated":true}]}}