{"id":341248,"date":"2023-12-14T16:20:41","date_gmt":"2023-12-14T16:20:41","guid":{"rendered":"https:\/\/tropicseasspas.com\/?page_id=341248"},"modified":"2025-08-07T17:41:02","modified_gmt":"2025-08-07T17:41:02","slug":"atlanticcity","status":"publish","type":"page","link":"https:\/\/tropicseasspas.com\/fr\/atlanticcity\/","title":{"rendered":"Atlantic City Show"},"content":{"rendered":"\n[et_pb_section fb_built=&#8221;1&#8243; _builder_version=&#8221;4.25.2&#8243; _module_preset=&#8221;default&#8221; custom_padding=&#8221;0px|||||&#8221; collapsed=&#8221;off&#8221; global_colors_info=&#8221;{}&#8221;][et_pb_row _builder_version=&#8221;4.25.2&#8243; _module_preset=&#8221;default&#8221; background_color=&#8221;RGBA(255,255,255,0)&#8221; background_image=&#8221;https:\/\/tropicseasspas.com\/wp-content\/uploads\/2023\/07\/Web_MG_3824.jpg&#8221; z_index=&#8221;0&#8243; width=&#8221;100%&#8221; max_width=&#8221;none&#8221; height=&#8221;600px&#8221; max_height=&#8221;727px&#8221; custom_margin=&#8221;-100px||||false|false&#8221; custom_padding=&#8221;||||false|false&#8221; global_colors_info=&#8221;{}&#8221;][et_pb_column type=&#8221;4_4&#8243; admin_label=&#8221;Column&#8221; _builder_version=&#8221;4.25.2&#8243; _module_preset=&#8221;default&#8221; custom_padding=&#8221;100px||100px||true|false&#8221; global_colors_info=&#8221;{}&#8221;][et_pb_heading title=&#8221;We\u2019re So Happy to See You&#8221; admin_label=&#8221;Heading&#8221; _builder_version=&#8221;4.27.4&#8243; _module_preset=&#8221;default&#8221; title_level=&#8221;h2&#8243; title_font=&#8221;|600|||||||&#8221; title_text_align=&#8221;center&#8221; title_text_color=&#8221;#ffffff&#8221; title_font_size=&#8221;42px&#8221; width=&#8221;70%&#8221; max_width=&#8221;70%&#8221; module_alignment=&#8221;center&#8221; custom_padding=&#8221;||||false|false&#8221; hover_enabled=&#8221;0&#8243; global_colors_info=&#8221;{}&#8221; text_shadow_style=&#8221;preset3&#8243; sticky_enabled=&#8221;0&#8243;][\/et_pb_heading][et_pb_text _builder_version=&#8221;4.27.4&#8243; _module_preset=&#8221;default&#8221; text_text_color=&#8221;#ffffff&#8221; text_font_size=&#8221;20px&#8221; header_font=&#8221;||||||||&#8221; header_text_color=&#8221;#67636b&#8221; max_width=&#8221;70%&#8221; hover_enabled=&#8221;0&#8243; global_colors_info=&#8221;{}&#8221; text_text_shadow_style=&#8221;preset3&#8243; sticky_enabled=&#8221;0&#8243;]<p><b><span data-contrast=\"auto\">Welcome to Tropic Seas\u2122.<\/span><\/b><span data-contrast=\"auto\"> You\u2019re one step closer to a sunny future! We see incredible potential in your market, and believe you share our passion for high-quality products with unbeatable value. As we begin this tour together, our team will take good care of you.<\/span><span data-ccp-props=\"{&quot;201341983&quot;:0,&quot;335559739&quot;:0,&quot;335559740&quot;:240}\">\u00a0<\/span><\/p>\n<p><span data-ccp-props=\"{&quot;201341983&quot;:0,&quot;335559739&quot;:0,&quot;335559740&quot;:240}\">\u00a0<\/span><b><span data-contrast=\"auto\">The sooner we connect the better.<\/span><\/b><span data-contrast=\"auto\"> Available sales territories are filling up quickly and may not open again for years. To schedule a personal consultation, please fill out the form below and a Tropic Sales Manager will reach out to you directly.<\/span><span data-ccp-props=\"{&quot;201341983&quot;:0,&quot;335559739&quot;:0,&quot;335559740&quot;:240}\">\u00a0<\/span><\/p>[\/et_pb_text][\/et_pb_column][\/et_pb_row][et_pb_row admin_label=&#8221;Form &#8211; Row&#8221; module_id=&#8221;form&#8221; _builder_version=&#8221;4.25.2&#8243; _module_preset=&#8221;default&#8221; global_colors_info=&#8221;{}&#8221;][et_pb_column type=&#8221;4_4&#8243; admin_label=&#8221;Form &#8211; Column&#8221; _builder_version=&#8221;4.21.0&#8243; _module_preset=&#8221;default&#8221; global_colors_info=&#8221;{}&#8221;][et_pb_code admin_label=&#8221;Form &#8211; Code&#8221; module_id=&#8221;form&#8221; _builder_version=&#8221;4.25.2&#8243; _module_preset=&#8221;default&#8221; global_colors_info=&#8221;{}&#8221;]<script charset=\"utf-8\" type=\"text\/javascript\" src=\"\/\/js.hsforms.net\/forms\/embed\/v2.js\"><\/script><!-- [et_pb_line_break_holder] --><script><!-- [et_pb_line_break_holder] -->  hbspt.forms.create({<!-- [et_pb_line_break_holder] -->    portalId: \"398534\",<!-- [et_pb_line_break_holder] -->    formId: \"14b5944d-c933-4100-9a38-6089975fc22d\",<!-- [et_pb_line_break_holder] -->    sfdcCampaignId: \"7014v000002LgRVAA0\"<!-- [et_pb_line_break_holder] -->  });<!-- [et_pb_line_break_holder] --><\/script>[\/et_pb_code][\/et_pb_column][\/et_pb_row][\/et_pb_section]\n","protected":false},"excerpt":{"rendered":"<p>Bienvenue chez Tropic Seas\u2122. Un pas de plus vers un avenir radieux ! Nous percevons un potentiel incroyable sur votre march\u00e9 et sommes convaincus que vous partagez notre passion pour les produits de haute qualit\u00e9 \u00e0 un prix imbattable. D\u00e8s le d\u00e9but de cette tourn\u00e9e, notre \u00e9quipe prendra soin de vous. Plus t\u00f4t nous vous contacterons, mieux ce sera. Les territoires de vente disponibles se remplissent rapidement et pourraient ne pas rouvrir avant plusieurs ann\u00e9es. Pour planifier une consultation personnalis\u00e9e, veuillez remplir le formulaire ci-dessous et un responsable commercial Tropic vous contactera directement.\u00a0<\/p>","protected":false},"author":3,"featured_media":0,"parent":0,"menu_order":0,"comment_status":"closed","ping_status":"closed","template":"","meta":{"_acf_changed":false,"_et_pb_use_builder":"on","_et_pb_old_content":"","_et_gb_content_width":"","footnotes":""},"wf_page_folders":[],"class_list":["post-341248","page","type-page","status-publish","hentry"],"acf":[],"yoast_head":"<!-- This site is optimized with the Yoast SEO plugin v27.3 - https:\/\/yoast.com\/product\/yoast-seo-wordpress\/ -->\n<title>Atlantic City Show - Tropic Seas Spas<\/title>\n<meta name=\"description\" content=\"Tropic Seas Spas Atlantic City Show south seas spas, las vegas spas, las vegas hottub, hottub manufacturer, deluxe spa, hydrotherapy benefits, mental clairity, stress tension relief, relaxation\" \/>\n<meta name=\"robots\" content=\"index, follow, max-snippet:-1, max-image-preview:large, max-video-preview:-1\" \/>\n<link rel=\"canonical\" href=\"https:\/\/tropicseasspas.com\/fr\/atlanticcity\/\" \/>\n<meta property=\"og:locale\" content=\"fr_FR\" \/>\n<meta property=\"og:type\" content=\"article\" \/>\n<meta property=\"og:title\" content=\"Atlantic City Show - Tropic Seas Spas\" \/>\n<meta property=\"og:description\" content=\"Tropic Seas Spas Atlantic City Show south seas spas, las vegas spas, las vegas hottub, hottub manufacturer, deluxe spa, hydrotherapy benefits, mental clairity, stress tension relief, relaxation\" \/>\n<meta property=\"og:url\" content=\"https:\/\/tropicseasspas.com\/fr\/atlanticcity\/\" \/>\n<meta property=\"og:site_name\" content=\"Tropic Seas Spas\" \/>\n<meta property=\"article:modified_time\" content=\"2025-08-07T17:41:02+00:00\" \/>\n<meta name=\"twitter:card\" content=\"summary_large_image\" \/>\n<meta name=\"twitter:label1\" content=\"Dur\u00e9e de lecture estim\u00e9e\" \/>\n\t<meta name=\"twitter:data1\" content=\"1 minute\" \/>\n<script type=\"application\/ld+json\" class=\"yoast-schema-graph\">{\"@context\":\"https:\\\/\\\/schema.org\",\"@graph\":[{\"@type\":\"WebPage\",\"@id\":\"https:\\\/\\\/tropicseasspas.com\\\/atlanticcity\\\/\",\"url\":\"https:\\\/\\\/tropicseasspas.com\\\/atlanticcity\\\/\",\"name\":\"Atlantic City Show - Tropic Seas Spas\",\"isPartOf\":{\"@id\":\"https:\\\/\\\/tropicseasspas.com\\\/#website\"},\"datePublished\":\"2023-12-14T16:20:41+00:00\",\"dateModified\":\"2025-08-07T17:41:02+00:00\",\"description\":\"Tropic Seas Spas Atlantic City Show south seas spas, las vegas spas, las vegas hottub, hottub manufacturer, deluxe spa, hydrotherapy benefits, mental clairity, stress tension relief, relaxation\",\"breadcrumb\":{\"@id\":\"https:\\\/\\\/tropicseasspas.com\\\/atlanticcity\\\/#breadcrumb\"},\"inLanguage\":\"fr-FR\",\"potentialAction\":[{\"@type\":\"ReadAction\",\"target\":[\"https:\\\/\\\/tropicseasspas.com\\\/atlanticcity\\\/\"]}]},{\"@type\":\"BreadcrumbList\",\"@id\":\"https:\\\/\\\/tropicseasspas.com\\\/atlanticcity\\\/#breadcrumb\",\"itemListElement\":[{\"@type\":\"ListItem\",\"position\":1,\"name\":\"Home\",\"item\":\"https:\\\/\\\/tropicseasspas.com\\\/\"},{\"@type\":\"ListItem\",\"position\":2,\"name\":\"Atlantic City Show\"}]},{\"@type\":\"WebSite\",\"@id\":\"https:\\\/\\\/tropicseasspas.com\\\/#website\",\"url\":\"https:\\\/\\\/tropicseasspas.com\\\/\",\"name\":\"Tropic Seas Spas\",\"description\":\"Hot tubs handcrafted with artistry and ergonomic design.\",\"publisher\":{\"@id\":\"https:\\\/\\\/tropicseasspas.com\\\/#organization\"},\"potentialAction\":[{\"@type\":\"SearchAction\",\"target\":{\"@type\":\"EntryPoint\",\"urlTemplate\":\"https:\\\/\\\/tropicseasspas.com\\\/?s={search_term_string}\"},\"query-input\":{\"@type\":\"PropertyValueSpecification\",\"valueRequired\":true,\"valueName\":\"search_term_string\"}}],\"inLanguage\":\"fr-FR\"},{\"@type\":\"Organization\",\"@id\":\"https:\\\/\\\/tropicseasspas.com\\\/#organization\",\"name\":\"South Seas Spas\",\"url\":\"https:\\\/\\\/tropicseasspas.com\\\/\",\"logo\":{\"@type\":\"ImageObject\",\"inLanguage\":\"fr-FR\",\"@id\":\"https:\\\/\\\/tropicseasspas.com\\\/#\\\/schema\\\/logo\\\/image\\\/\",\"url\":\"https:\\\/\\\/tropicseasspas.com\\\/wp-content\\\/uploads\\\/2019\\\/02\\\/SouthSeas_AS_Logo_vertical_blue-1.png\",\"contentUrl\":\"https:\\\/\\\/tropicseasspas.com\\\/wp-content\\\/uploads\\\/2019\\\/02\\\/SouthSeas_AS_Logo_vertical_blue-1.png\",\"width\":379,\"height\":184,\"caption\":\"South Seas Spas\"},\"image\":{\"@id\":\"https:\\\/\\\/tropicseasspas.com\\\/#\\\/schema\\\/logo\\\/image\\\/\"}}]}<\/script>\n<!-- \/ Yoast SEO plugin. -->","yoast_head_json":{"title":"Atlantic City Show - Tropic Seas Spas","description":"Tropic Seas Spas Atlantic City Show south seas spas, las vegas spas, las vegas hottub, hottub manufacturer, deluxe spa, hydrotherapy benefits, mental clairity, stress tension relief, relaxation","robots":{"index":"index","follow":"follow","max-snippet":"max-snippet:-1","max-image-preview":"max-image-preview:large","max-video-preview":"max-video-preview:-1"},"canonical":"https:\/\/tropicseasspas.com\/fr\/atlanticcity\/","og_locale":"fr_FR","og_type":"article","og_title":"Atlantic City Show - Tropic Seas Spas","og_description":"Tropic Seas Spas Atlantic City Show south seas spas, las vegas spas, las vegas hottub, hottub manufacturer, deluxe spa, hydrotherapy benefits, mental clairity, stress tension relief, relaxation","og_url":"https:\/\/tropicseasspas.com\/fr\/atlanticcity\/","og_site_name":"Tropic Seas Spas","article_modified_time":"2025-08-07T17:41:02+00:00","twitter_card":"summary_large_image","twitter_misc":{"Dur\u00e9e de lecture estim\u00e9e":"1 minute"},"schema":{"@context":"https:\/\/schema.org","@graph":[{"@type":"WebPage","@id":"https:\/\/tropicseasspas.com\/atlanticcity\/","url":"https:\/\/tropicseasspas.com\/atlanticcity\/","name":"Atlantic City Show - Tropic Seas Spas","isPartOf":{"@id":"https:\/\/tropicseasspas.com\/#website"},"datePublished":"2023-12-14T16:20:41+00:00","dateModified":"2025-08-07T17:41:02+00:00","description":"Tropic Seas Spas Atlantic City Show south seas spas, las vegas spas, las vegas hottub, hottub manufacturer, deluxe spa, hydrotherapy benefits, mental clairity, stress tension relief, relaxation","breadcrumb":{"@id":"https:\/\/tropicseasspas.com\/atlanticcity\/#breadcrumb"},"inLanguage":"fr-FR","potentialAction":[{"@type":"ReadAction","target":["https:\/\/tropicseasspas.com\/atlanticcity\/"]}]},{"@type":"BreadcrumbList","@id":"https:\/\/tropicseasspas.com\/atlanticcity\/#breadcrumb","itemListElement":[{"@type":"ListItem","position":1,"name":"Home","item":"https:\/\/tropicseasspas.com\/"},{"@type":"ListItem","position":2,"name":"Atlantic City Show"}]},{"@type":"WebSite","@id":"https:\/\/tropicseasspas.com\/#website","url":"https:\/\/tropicseasspas.com\/","name":"Spas des mers tropicales","description":"Spas fabriqu\u00e9s \u00e0 la main avec un design artistique et ergonomique.","publisher":{"@id":"https:\/\/tropicseasspas.com\/#organization"},"potentialAction":[{"@type":"SearchAction","target":{"@type":"EntryPoint","urlTemplate":"https:\/\/tropicseasspas.com\/?s={search_term_string}"},"query-input":{"@type":"PropertyValueSpecification","valueRequired":true,"valueName":"search_term_string"}}],"inLanguage":"fr-FR"},{"@type":"Organization","@id":"https:\/\/tropicseasspas.com\/#organization","name":"Spas des mers du Sud","url":"https:\/\/tropicseasspas.com\/","logo":{"@type":"ImageObject","inLanguage":"fr-FR","@id":"https:\/\/tropicseasspas.com\/#\/schema\/logo\/image\/","url":"https:\/\/tropicseasspas.com\/wp-content\/uploads\/2019\/02\/SouthSeas_AS_Logo_vertical_blue-1.png","contentUrl":"https:\/\/tropicseasspas.com\/wp-content\/uploads\/2019\/02\/SouthSeas_AS_Logo_vertical_blue-1.png","width":379,"height":184,"caption":"South Seas Spas"},"image":{"@id":"https:\/\/tropicseasspas.com\/#\/schema\/logo\/image\/"}}]}},"_links":{"self":[{"href":"https:\/\/tropicseasspas.com\/fr\/wp-json\/wp\/v2\/pages\/341248","targetHints":{"allow":["GET"]}}],"collection":[{"href":"https:\/\/tropicseasspas.com\/fr\/wp-json\/wp\/v2\/pages"}],"about":[{"href":"https:\/\/tropicseasspas.com\/fr\/wp-json\/wp\/v2\/types\/page"}],"author":[{"embeddable":true,"href":"https:\/\/tropicseasspas.com\/fr\/wp-json\/wp\/v2\/users\/3"}],"replies":[{"embeddable":true,"href":"https:\/\/tropicseasspas.com\/fr\/wp-json\/wp\/v2\/comments?post=341248"}],"version-history":[{"count":2,"href":"https:\/\/tropicseasspas.com\/fr\/wp-json\/wp\/v2\/pages\/341248\/revisions"}],"predecessor-version":[{"id":345456,"href":"https:\/\/tropicseasspas.com\/fr\/wp-json\/wp\/v2\/pages\/341248\/revisions\/345456"}],"wp:attachment":[{"href":"https:\/\/tropicseasspas.com\/fr\/wp-json\/wp\/v2\/media?parent=341248"}],"wp:term":[{"taxonomy":"wf_page_folders","embeddable":true,"href":"https:\/\/tropicseasspas.com\/fr\/wp-json\/wp\/v2\/wf_page_folders?post=341248"}],"curies":[{"name":"wp","href":"https:\/\/api.w.org\/{rel}","templated":true}]}}