{"id":340488,"date":"2023-06-28T17:59:53","date_gmt":"2023-06-28T17:59:53","guid":{"rendered":"https:\/\/stage.tropicseasspas.com\/?page_id=340488"},"modified":"2025-12-01T22:50:01","modified_gmt":"2025-12-01T22:50:01","slug":"get-pricing","status":"publish","type":"page","link":"https:\/\/tropicseasspas.com\/fr\/support\/get-pricing\/","title":{"rendered":"Obtenir les tarifs"},"content":{"rendered":"<p>[et_pb_section fb_built=&#8221;1&#8243; _builder_version=&#8221;4.21.0&#8243; _module_preset=&#8221;default&#8221; background_color=&#8221;#005476&#8243; background_image=&#8221;https:\/\/tropicseasspas.com\/wp-content\/uploads\/2019\/12\/5N1A0043.jpg&#8221; background_blend=&#8221;multiply&#8221; module_alignment=&#8221;center&#8221; height=&#8221;525px&#8221; height_tablet=&#8221;520px&#8221; height_phone=&#8221;440px&#8221; height_last_edited=&#8221;on|tablet&#8221; custom_margin=&#8221;-100px||||false|false&#8221; custom_padding=&#8221;|||0px||&#8221; scroll_blur_enable=&#8221;on&#8221; global_colors_info=&#8221;{}&#8221;][et_pb_row _builder_version=&#8221;4.21.0&#8243; _module_preset=&#8221;default&#8221; width_tablet=&#8221;90%&#8221; width_phone=&#8221;90%&#8221; width_last_edited=&#8221;on|tablet&#8221; custom_margin=&#8221;100px||||false|false&#8221; custom_margin_tablet=&#8221;90px||||false|false&#8221; custom_margin_phone=&#8221;70px||||false|false&#8221; custom_margin_last_edited=&#8221;on|tablet&#8221; global_colors_info=&#8221;{}&#8221;][et_pb_column type=&#8221;4_4&#8243; _builder_version=&#8221;4.21.0&#8243; _module_preset=&#8221;default&#8221; global_colors_info=&#8221;{}&#8221;][et_pb_text _builder_version=&#8221;4.21.0&#8243; _module_preset=&#8221;default&#8221; text_text_color=&#8221;#FFFFFF&#8221; text_font_size=&#8221;16px&#8221; header_text_color=&#8221;#FFFFFF&#8221; header_font_size=&#8221;56px&#8221; header_2_text_color=&#8221;#f7931d&#8221; header_2_font_size=&#8221;24px&#8221; header_2_line_height=&#8221;1.2em&#8221; header_3_font=&#8221;|300|||||||&#8221; header_3_text_color=&#8221;#f7931d&#8221; header_3_font_size=&#8221;18px&#8221; text_orientation=&#8221;center&#8221; width_tablet=&#8221;100%&#8221; width_phone=&#8221;100%&#8221; width_last_edited=&#8221;on|tablet&#8221; header_font_size_tablet=&#8221;&#8221; header_font_size_phone=&#8221;&#8221; header_font_size_last_edited=&#8221;on|tablet&#8221; header_line_height_tablet=&#8221;&#8221; header_line_height_phone=&#8221;1.2em&#8221; header_line_height_last_edited=&#8221;on|phone&#8221; header_2_font_size_tablet=&#8221;36px&#8221; header_2_font_size_phone=&#8221;18px&#8221; header_2_font_size_last_edited=&#8221;on|phone&#8221; global_colors_info=&#8221;{}&#8221;]<\/p>\n<h1 style=\"text-align: center;\">Get pricing<\/h1>\n<h2>Starting your path to wellness is as simple as filling out a form!<\/h2>\n<p>[\/et_pb_text][et_pb_icon font_icon=&#8221;&#x33;||divi||400&#8243; icon_width=&#8221;56px&#8221; url=&#8221;#form&#8221; _builder_version=&#8221;4.21.0&#8243; _module_preset=&#8221;default&#8221; global_colors_info=&#8221;{}&#8221;][\/et_pb_icon][\/et_pb_column][\/et_pb_row][\/et_pb_section][et_pb_section fb_built=&#8221;1&#8243; module_class=&#8221;manuals&#8221; _builder_version=&#8221;4.21.0&#8243; _module_preset=&#8221;default&#8221; background_color=&#8221;RGBA(255,255,255,0)&#8221; custom_padding=&#8221;0px||||false|false&#8221; global_colors_info=&#8221;{}&#8221;][et_pb_row _builder_version=&#8221;4.21.0&#8243; _module_preset=&#8221;default&#8221; width_tablet=&#8221;90%&#8221; width_phone=&#8221;90%&#8221; width_last_edited=&#8221;on|tablet&#8221; global_colors_info=&#8221;{}&#8221;][et_pb_column type=&#8221;4_4&#8243; _builder_version=&#8221;4.21.0&#8243; _module_preset=&#8221;default&#8221; global_colors_info=&#8221;{}&#8221;][et_pb_text _builder_version=&#8221;4.24.0&#8243; _module_preset=&#8221;default&#8221; header_2_text_color=&#8221;#00adee&#8221; width_tablet=&#8221;100%&#8221; width_phone=&#8221;100%&#8221; width_last_edited=&#8221;on|tablet&#8221; custom_margin=&#8221;||0px||false|false&#8221; custom_padding=&#8221;||30px||false|false&#8221; global_colors_info=&#8221;{}&#8221;]<\/p>\n<div class=\"group w-full text-gray-800 dark:text-gray-100 border-b border-black\/10 dark:border-gray-900\/50 bg-gray-50 dark:bg-[#444654]\"><\/div>\n<div class=\"group w-full text-gray-800 dark:text-gray-100 border-b border-black\/10 dark:border-gray-900\/50 bg-gray-50 dark:bg-[#444654]\">\n<div class=\"flex p-4 gap-4 text-base md:gap-6 md:max-w-2xl lg:max-w-[38rem] xl:max-w-3xl md:py-6 lg:px-0 m-auto\">\n<div class=\"relative flex w-[calc(100%-50px)] flex-col gap-1 md:gap-3 lg:w-[calc(100%-115px)]\">\n<div class=\"flex flex-grow flex-col gap-3\">\n<div class=\"min-h-[20px] flex items-start overflow-x-auto whitespace-pre-wrap break-words flex-col gap-4\">\n<div class=\"markdown prose w-full break-words dark:prose-invert light\">\n<p>Once you provide your information, we will swiftly connect you with a local Tropic Seas dealer who can provide you with accurate pricing and answer any questions you may have. This personalized connection ensures that you receive the best assistance and guidance in your hot tub buying process, allowing you to make an informed decision and find the perfect Tropic Seas hot tub to meet your needs and budget. Get started today &#8211; take the first step towards enjoying the ultimate relaxation of a Tropic Seas Spa!<\/p>\n<p><span>Please note: Our team typically processes these within 24 business hours. Response time depends upon the dealer &amp; may be delayed during holidays. Rest assured, we value your time and are committed to providing you with the best possible experience.<\/span><\/p>\n<\/div>\n<\/div>\n<\/div>\n<\/div>\n<\/div>\n<\/div>\n<p>[\/et_pb_text][et_pb_code module_id=&#8221;form&#8221; module_class=&#8221;form&#8221; _builder_version=&#8221;4.27.4&#8243; _module_preset=&#8221;default&#8221; width=&#8221;70%&#8221; module_alignment=&#8221;center&#8221; custom_margin=&#8221;0px||0px||true|false&#8221; custom_padding=&#8221;0px||0px||true|false&#8221; hover_enabled=&#8221;0&#8243; global_colors_info=&#8221;{}&#8221; sticky_enabled=&#8221;0&#8243;]<script charset=\"utf-8\" type=\"text\/javascript\" src=\"\/\/js.hsforms.net\/forms\/embed\/v2.js\"><\/script><!-- [et_pb_line_break_holder] --><script><!-- [et_pb_line_break_holder] -->  hbspt.forms.create({<!-- [et_pb_line_break_holder] -->    region: \"na1\",<!-- [et_pb_line_break_holder] -->    portalId: \"398534\",<!-- [et_pb_line_break_holder] -->    formId: \"21d52e70-a10a-4a0d-9bd3-0d3aedce2252\"<!-- [et_pb_line_break_holder] -->  });<!-- [et_pb_line_break_holder] --><\/script>[\/et_pb_code][\/et_pb_column][\/et_pb_row][\/et_pb_section][et_pb_section fb_built=&#8221;1&#8243; module_class=&#8221;pa-inline-buttons&#8221; _builder_version=&#8221;4.21.0&#8243; _module_preset=&#8221;default&#8221; custom_margin=&#8221;0px||||false|false&#8221; custom_padding=&#8221;0px||0px||false|false&#8221; global_colors_info=&#8221;{}&#8221;][et_pb_row column_structure=&#8221;1_3,1_3,1_3&#8243; use_custom_gutter=&#8221;on&#8221; custom_padding_last_edited=&#8221;on|tablet&#8221; _builder_version=&#8221;4.21.0&#8243; _module_preset=&#8221;default&#8221; background_color=&#8221;#00adee&#8221; use_background_color_gradient=&#8221;on&#8221; background_color_gradient_stops=&#8221;#00adee 0%|#005476 100%&#8221; background_enable_pattern_style=&#8221;on&#8221; background_pattern_style=&#8221;waves&#8221; background_pattern_color=&#8221;rgba(255,255,255,0.05)&#8221; background_pattern_size=&#8221;custom&#8221; background_pattern_width=&#8221;180px&#8221; background_pattern_height=&#8221;12px&#8221; background_pattern_horizontal_offset=&#8221;-10%&#8221; background_pattern_blend_mode=&#8221;overlay&#8221; width=&#8221;100%&#8221; max_width=&#8221;100%&#8221; module_alignment=&#8221;center&#8221; custom_margin=&#8221;||||false|true&#8221; custom_padding=&#8221;|300px||300px|false|true&#8221; custom_padding_tablet=&#8221;30px|0px|0px|0px|false|true&#8221; custom_padding_phone=&#8221;19px||||false|true&#8221; global_colors_info=&#8221;{}&#8221; custom_css_main_element_last_edited=&#8221;on|tablet&#8221; custom_css_main_element_tablet=&#8221;display:flex;&#8221; custom_css_main_element_phone=&#8221;display:flex;&#8221;][et_pb_column type=&#8221;1_3&#8243; _builder_version=&#8221;4.21.0&#8243; _module_preset=&#8221;default&#8221; custom_padding=&#8221;|4px||4px|false|true&#8221; global_colors_info=&#8221;{}&#8221;][et_pb_text _builder_version=&#8221;4.21.0&#8243; _module_preset=&#8221;default&#8221; text_font=&#8221;|800|on||||||&#8221; text_text_color=&#8221;#FFFFFF&#8221; text_font_size=&#8221;54px&#8221; text_orientation=&#8221;center&#8221; custom_margin=&#8221;0px||0px||true|false&#8221; custom_padding=&#8221;12px||12px||true|false&#8221; custom_padding_tablet=&#8221;12px||12px||true|false&#8221; custom_padding_phone=&#8221;||2px||false|false&#8221; custom_padding_last_edited=&#8221;on|desktop&#8221; text_font_size_tablet=&#8221;54px&#8221; text_font_size_phone=&#8221;28px&#8221; global_colors_info=&#8221;{}&#8221;]<\/p>\n<p>100K<\/p>\n<p>[\/et_pb_text][et_pb_text _builder_version=&#8221;4.21.0&#8243; _module_preset=&#8221;default&#8221; text_text_color=&#8221;#FFFFFF&#8221; text_line_height=&#8221;1.2em&#8221; text_orientation=&#8221;center&#8221; custom_margin=&#8221;0px||0px||true|false&#8221; custom_padding=&#8221;0px||0px||true|false&#8221; global_colors_info=&#8221;{}&#8221;]<\/p>\n<p>Happy Tropic Seas owners<\/p>\n<p>[\/et_pb_text][\/et_pb_column][et_pb_column type=&#8221;1_3&#8243; _builder_version=&#8221;4.21.0&#8243; _module_preset=&#8221;default&#8221; custom_padding=&#8221;|4px||4px|false|true&#8221; global_colors_info=&#8221;{}&#8221;][et_pb_text _builder_version=&#8221;4.21.0&#8243; _module_preset=&#8221;default&#8221; text_font=&#8221;|800|on||||||&#8221; text_text_color=&#8221;#FFFFFF&#8221; text_font_size=&#8221;54px&#8221; text_orientation=&#8221;center&#8221; custom_margin=&#8221;0px||0px||true|false&#8221; custom_padding=&#8221;12px||12px||true|false&#8221; custom_padding_tablet=&#8221;12px||12px||true|false&#8221; custom_padding_phone=&#8221;||2px||false|false&#8221; custom_padding_last_edited=&#8221;on|tablet&#8221; text_font_size_tablet=&#8221;54px&#8221; text_font_size_phone=&#8221;28px&#8221; global_colors_info=&#8221;{}&#8221;]<\/p>\n<p>100+<\/p>\n<p>[\/et_pb_text][et_pb_text _builder_version=&#8221;4.21.0&#8243; _module_preset=&#8221;default&#8221; text_text_color=&#8221;#FFFFFF&#8221; text_line_height=&#8221;1.2em&#8221; text_orientation=&#8221;center&#8221; custom_margin=&#8221;0px||0px||true|false&#8221; custom_padding=&#8221;0px||0px||true|false&#8221; global_colors_info=&#8221;{}&#8221;]<\/p>\n<p>Authorized Tropic Seas dealers<\/p>\n<p>[\/et_pb_text][\/et_pb_column][et_pb_column type=&#8221;1_3&#8243; _builder_version=&#8221;4.21.0&#8243; _module_preset=&#8221;default&#8221; custom_padding_tablet=&#8221;&#8221; custom_padding_phone=&#8221;|4px||4px|false|true&#8221; custom_padding_last_edited=&#8221;on|phone&#8221; global_colors_info=&#8221;{}&#8221;][et_pb_text _builder_version=&#8221;4.21.0&#8243; _module_preset=&#8221;default&#8221; text_font=&#8221;|800|on||||||&#8221; text_text_color=&#8221;#FFFFFF&#8221; text_font_size=&#8221;54px&#8221; text_orientation=&#8221;center&#8221; custom_margin=&#8221;0px||0px||true|false&#8221; custom_padding=&#8221;12px||12px||true|false&#8221; custom_padding_tablet=&#8221;12px||12px||true|false&#8221; custom_padding_phone=&#8221;12px||2px||false|false&#8221; custom_padding_last_edited=&#8221;on|phone&#8221; text_font_size_tablet=&#8221;54px&#8221; text_font_size_phone=&#8221;28px&#8221; global_colors_info=&#8221;{}&#8221;]<\/p>\n<p>15<\/p>\n<p>[\/et_pb_text][et_pb_text _builder_version=&#8221;4.21.0&#8243; _module_preset=&#8221;default&#8221; text_text_color=&#8221;#FFFFFF&#8221; text_line_height=&#8221;1.2em&#8221; text_orientation=&#8221;center&#8221; custom_margin=&#8221;0px||0px||true|false&#8221; custom_padding=&#8221;0px||0px||true|false&#8221; global_colors_info=&#8221;{}&#8221;]<\/p>\n<p>Years of industry experience<\/p>\n<p>[\/et_pb_text][\/et_pb_column][\/et_pb_row][\/et_pb_section]<\/p>\n","protected":false},"excerpt":{"rendered":"<p>Obtenez les prix Commencer votre chemin vers le bien-\u00eatre est aussi simple que de remplir un formulaire\u00a0! Une fois que vous aurez fourni vos informations, nous vous mettrons rapidement en contact avec un revendeur Tropic Seas local qui pourra vous fournir des prix pr\u00e9cis et r\u00e9pondre \u00e0 toutes vos questions. Cette connexion personnalis\u00e9e garantit que vous recevez la meilleure assistance et les meilleurs conseils dans le processus d&#039;achat de votre spa, vous permettant de prendre une d\u00e9cision \u00e9clair\u00e9e et de trouver le spa Tropic Seas parfait pour r\u00e9pondre \u00e0 vos besoins et \u00e0 votre budget. Commencez d\u00e8s aujourd\u2019hui \u2013 faites le premier pas vers la relaxation ultime d\u2019un spa Tropic Seas\u00a0! Remarque : notre \u00e9quipe les traite g\u00e9n\u00e9ralement dans les 24 heures ouvrables. Le temps de r\u00e9ponse d\u00e9pend du concessionnaire et peut \u00eatre retard\u00e9 pendant les vacances. Rassurez-vous, nous appr\u00e9cions votre temps et nous nous engageons \u00e0 vous offrir la meilleure exp\u00e9rience possible. 100KHeureux propri\u00e9taires de Tropic Seas100+concessionnaires Tropic Seas agr\u00e9\u00e9s15 ans d&#039;exp\u00e9rience dans l&#039;industrie<\/p>","protected":false},"author":3,"featured_media":0,"parent":2535,"menu_order":0,"comment_status":"closed","ping_status":"closed","template":"","meta":{"_acf_changed":false,"_et_pb_use_builder":"on","_et_pb_old_content":"","_et_gb_content_width":"","footnotes":""},"wf_page_folders":[],"class_list":["post-340488","page","type-page","status-publish","hentry"],"acf":[],"yoast_head":"<!-- This site is optimized with the Yoast SEO plugin v27.4 - https:\/\/yoast.com\/product\/yoast-seo-wordpress\/ -->\n<title>Get pricing - Tropic Seas Spas<\/title>\n<meta name=\"description\" content=\"Tropic Seas Spas Get pricing south seas spas, las vegas spas, las vegas hottub, hottub manufacturer, deluxe spa, hydrotherapy benefits, mental clairity, stress tension relief, relaxation\" \/>\n<meta name=\"robots\" content=\"index, follow, max-snippet:-1, max-image-preview:large, max-video-preview:-1\" \/>\n<link rel=\"canonical\" href=\"https:\/\/tropicseasspas.com\/fr\/support\/get-pricing\/\" \/>\n<meta property=\"og:locale\" content=\"fr_FR\" \/>\n<meta property=\"og:type\" content=\"article\" \/>\n<meta property=\"og:title\" content=\"Get pricing - Tropic Seas Spas\" \/>\n<meta property=\"og:description\" content=\"Tropic Seas Spas Get pricing south seas spas, las vegas spas, las vegas hottub, hottub manufacturer, deluxe spa, hydrotherapy benefits, mental clairity, stress tension relief, relaxation\" \/>\n<meta property=\"og:url\" content=\"https:\/\/tropicseasspas.com\/fr\/support\/get-pricing\/\" \/>\n<meta property=\"og:site_name\" content=\"Tropic Seas Spas\" \/>\n<meta property=\"article:modified_time\" content=\"2025-12-01T22:50:01+00:00\" \/>\n<meta name=\"twitter:card\" content=\"summary_large_image\" \/>\n<script type=\"application\/ld+json\" class=\"yoast-schema-graph\">{\"@context\":\"https:\\\/\\\/schema.org\",\"@graph\":[{\"@type\":\"WebPage\",\"@id\":\"https:\\\/\\\/tropicseasspas.com\\\/support\\\/get-pricing\\\/\",\"url\":\"https:\\\/\\\/tropicseasspas.com\\\/support\\\/get-pricing\\\/\",\"name\":\"Get pricing - Tropic Seas Spas\",\"isPartOf\":{\"@id\":\"https:\\\/\\\/tropicseasspas.com\\\/#website\"},\"datePublished\":\"2023-06-28T17:59:53+00:00\",\"dateModified\":\"2025-12-01T22:50:01+00:00\",\"description\":\"Tropic Seas Spas Get pricing south seas spas, las vegas spas, las vegas hottub, hottub manufacturer, deluxe spa, hydrotherapy benefits, mental clairity, stress tension relief, relaxation\",\"breadcrumb\":{\"@id\":\"https:\\\/\\\/tropicseasspas.com\\\/support\\\/get-pricing\\\/#breadcrumb\"},\"inLanguage\":\"fr-FR\",\"potentialAction\":[{\"@type\":\"ReadAction\",\"target\":[\"https:\\\/\\\/tropicseasspas.com\\\/support\\\/get-pricing\\\/\"]}]},{\"@type\":\"BreadcrumbList\",\"@id\":\"https:\\\/\\\/tropicseasspas.com\\\/support\\\/get-pricing\\\/#breadcrumb\",\"itemListElement\":[{\"@type\":\"ListItem\",\"position\":1,\"name\":\"Home\",\"item\":\"https:\\\/\\\/tropicseasspas.com\\\/\"},{\"@type\":\"ListItem\",\"position\":2,\"name\":\"Support\",\"item\":\"https:\\\/\\\/tropicseasspas.com\\\/support\\\/\"},{\"@type\":\"ListItem\",\"position\":3,\"name\":\"Get pricing\"}]},{\"@type\":\"WebSite\",\"@id\":\"https:\\\/\\\/tropicseasspas.com\\\/#website\",\"url\":\"https:\\\/\\\/tropicseasspas.com\\\/\",\"name\":\"Tropic Seas Spas\",\"description\":\"Hot tubs handcrafted with artistry and ergonomic design.\",\"publisher\":{\"@id\":\"https:\\\/\\\/tropicseasspas.com\\\/#organization\"},\"potentialAction\":[{\"@type\":\"SearchAction\",\"target\":{\"@type\":\"EntryPoint\",\"urlTemplate\":\"https:\\\/\\\/tropicseasspas.com\\\/?s={search_term_string}\"},\"query-input\":{\"@type\":\"PropertyValueSpecification\",\"valueRequired\":true,\"valueName\":\"search_term_string\"}}],\"inLanguage\":\"fr-FR\"},{\"@type\":\"Organization\",\"@id\":\"https:\\\/\\\/tropicseasspas.com\\\/#organization\",\"name\":\"South Seas Spas\",\"url\":\"https:\\\/\\\/tropicseasspas.com\\\/\",\"logo\":{\"@type\":\"ImageObject\",\"inLanguage\":\"fr-FR\",\"@id\":\"https:\\\/\\\/tropicseasspas.com\\\/#\\\/schema\\\/logo\\\/image\\\/\",\"url\":\"https:\\\/\\\/tropicseasspas.com\\\/wp-content\\\/uploads\\\/2019\\\/02\\\/SouthSeas_AS_Logo_vertical_blue-1.png\",\"contentUrl\":\"https:\\\/\\\/tropicseasspas.com\\\/wp-content\\\/uploads\\\/2019\\\/02\\\/SouthSeas_AS_Logo_vertical_blue-1.png\",\"width\":379,\"height\":184,\"caption\":\"South Seas Spas\"},\"image\":{\"@id\":\"https:\\\/\\\/tropicseasspas.com\\\/#\\\/schema\\\/logo\\\/image\\\/\"}}]}<\/script>\n<!-- \/ Yoast SEO plugin. -->","yoast_head_json":{"title":"Get pricing - Tropic Seas Spas","description":"Tropic Seas Spas Get pricing south seas spas, las vegas spas, las vegas hottub, hottub manufacturer, deluxe spa, hydrotherapy benefits, mental clairity, stress tension relief, relaxation","robots":{"index":"index","follow":"follow","max-snippet":"max-snippet:-1","max-image-preview":"max-image-preview:large","max-video-preview":"max-video-preview:-1"},"canonical":"https:\/\/tropicseasspas.com\/fr\/support\/get-pricing\/","og_locale":"fr_FR","og_type":"article","og_title":"Get pricing - Tropic Seas Spas","og_description":"Tropic Seas Spas Get pricing south seas spas, las vegas spas, las vegas hottub, hottub manufacturer, deluxe spa, hydrotherapy benefits, mental clairity, stress tension relief, relaxation","og_url":"https:\/\/tropicseasspas.com\/fr\/support\/get-pricing\/","og_site_name":"Tropic Seas Spas","article_modified_time":"2025-12-01T22:50:01+00:00","twitter_card":"summary_large_image","schema":{"@context":"https:\/\/schema.org","@graph":[{"@type":"WebPage","@id":"https:\/\/tropicseasspas.com\/support\/get-pricing\/","url":"https:\/\/tropicseasspas.com\/support\/get-pricing\/","name":"Get pricing - Tropic Seas Spas","isPartOf":{"@id":"https:\/\/tropicseasspas.com\/#website"},"datePublished":"2023-06-28T17:59:53+00:00","dateModified":"2025-12-01T22:50:01+00:00","description":"Tropic Seas Spas Get pricing south seas spas, las vegas spas, las vegas hottub, hottub manufacturer, deluxe spa, hydrotherapy benefits, mental clairity, stress tension relief, relaxation","breadcrumb":{"@id":"https:\/\/tropicseasspas.com\/support\/get-pricing\/#breadcrumb"},"inLanguage":"fr-FR","potentialAction":[{"@type":"ReadAction","target":["https:\/\/tropicseasspas.com\/support\/get-pricing\/"]}]},{"@type":"BreadcrumbList","@id":"https:\/\/tropicseasspas.com\/support\/get-pricing\/#breadcrumb","itemListElement":[{"@type":"ListItem","position":1,"name":"Home","item":"https:\/\/tropicseasspas.com\/"},{"@type":"ListItem","position":2,"name":"Support","item":"https:\/\/tropicseasspas.com\/support\/"},{"@type":"ListItem","position":3,"name":"Get pricing"}]},{"@type":"WebSite","@id":"https:\/\/tropicseasspas.com\/#website","url":"https:\/\/tropicseasspas.com\/","name":"Spas des mers tropicales","description":"Spas fabriqu\u00e9s \u00e0 la main avec un design artistique et ergonomique.","publisher":{"@id":"https:\/\/tropicseasspas.com\/#organization"},"potentialAction":[{"@type":"SearchAction","target":{"@type":"EntryPoint","urlTemplate":"https:\/\/tropicseasspas.com\/?s={search_term_string}"},"query-input":{"@type":"PropertyValueSpecification","valueRequired":true,"valueName":"search_term_string"}}],"inLanguage":"fr-FR"},{"@type":"Organization","@id":"https:\/\/tropicseasspas.com\/#organization","name":"Spas des mers du Sud","url":"https:\/\/tropicseasspas.com\/","logo":{"@type":"ImageObject","inLanguage":"fr-FR","@id":"https:\/\/tropicseasspas.com\/#\/schema\/logo\/image\/","url":"https:\/\/tropicseasspas.com\/wp-content\/uploads\/2019\/02\/SouthSeas_AS_Logo_vertical_blue-1.png","contentUrl":"https:\/\/tropicseasspas.com\/wp-content\/uploads\/2019\/02\/SouthSeas_AS_Logo_vertical_blue-1.png","width":379,"height":184,"caption":"South Seas Spas"},"image":{"@id":"https:\/\/tropicseasspas.com\/#\/schema\/logo\/image\/"}}]}},"_links":{"self":[{"href":"https:\/\/tropicseasspas.com\/fr\/wp-json\/wp\/v2\/pages\/340488","targetHints":{"allow":["GET"]}}],"collection":[{"href":"https:\/\/tropicseasspas.com\/fr\/wp-json\/wp\/v2\/pages"}],"about":[{"href":"https:\/\/tropicseasspas.com\/fr\/wp-json\/wp\/v2\/types\/page"}],"author":[{"embeddable":true,"href":"https:\/\/tropicseasspas.com\/fr\/wp-json\/wp\/v2\/users\/3"}],"replies":[{"embeddable":true,"href":"https:\/\/tropicseasspas.com\/fr\/wp-json\/wp\/v2\/comments?post=340488"}],"version-history":[{"count":1,"href":"https:\/\/tropicseasspas.com\/fr\/wp-json\/wp\/v2\/pages\/340488\/revisions"}],"predecessor-version":[{"id":345696,"href":"https:\/\/tropicseasspas.com\/fr\/wp-json\/wp\/v2\/pages\/340488\/revisions\/345696"}],"up":[{"embeddable":true,"href":"https:\/\/tropicseasspas.com\/fr\/wp-json\/wp\/v2\/pages\/2535"}],"wp:attachment":[{"href":"https:\/\/tropicseasspas.com\/fr\/wp-json\/wp\/v2\/media?parent=340488"}],"wp:term":[{"taxonomy":"wf_page_folders","embeddable":true,"href":"https:\/\/tropicseasspas.com\/fr\/wp-json\/wp\/v2\/wf_page_folders?post=340488"}],"curies":[{"name":"wp","href":"https:\/\/api.w.org\/{rel}","templated":true}]}}