{"id":340480,"date":"2023-06-28T17:47:45","date_gmt":"2023-06-28T17:47:45","guid":{"rendered":"https:\/\/stage.tropicseasspas.com\/?page_id=340480"},"modified":"2024-03-05T22:33:57","modified_gmt":"2024-03-05T22:33:57","slug":"download-a-brochure","status":"publish","type":"page","link":"https:\/\/tropicseasspas.com\/fr\/support\/download-a-brochure\/","title":{"rendered":"T\u00e9l\u00e9chargez une brochure"},"content":{"rendered":"<p>[et_pb_section fb_built=&#8221;1&#8243; _builder_version=&#8221;4.21.0&#8243; _module_preset=&#8221;default&#8221; background_color=&#8221;#005476&#8243; background_image=&#8221;https:\/\/tropicseasspas.com\/wp-content\/uploads\/2019\/12\/Wide-shot-no-model-1.jpg&#8221; background_blend=&#8221;multiply&#8221; module_alignment=&#8221;center&#8221; height=&#8221;525px&#8221; height_tablet=&#8221;520px&#8221; height_phone=&#8221;520px&#8221; height_last_edited=&#8221;on|tablet&#8221; custom_margin=&#8221;-100px||||false|false&#8221; custom_padding=&#8221;|||0px||&#8221; scroll_blur_enable=&#8221;on&#8221; global_colors_info=&#8221;{}&#8221;][et_pb_row _builder_version=&#8221;4.21.0&#8243; _module_preset=&#8221;default&#8221; width_tablet=&#8221;90%&#8221; width_phone=&#8221;90%&#8221; width_last_edited=&#8221;on|tablet&#8221; custom_margin=&#8221;100px||||false|false&#8221; custom_margin_tablet=&#8221;90px||||false|false&#8221; custom_margin_phone=&#8221;60px||||false|false&#8221; custom_margin_last_edited=&#8221;on|tablet&#8221; global_colors_info=&#8221;{}&#8221;][et_pb_column type=&#8221;4_4&#8243; _builder_version=&#8221;4.21.0&#8243; _module_preset=&#8221;default&#8221; global_colors_info=&#8221;{}&#8221;][et_pb_text _builder_version=&#8221;4.21.0&#8243; _module_preset=&#8221;default&#8221; text_text_color=&#8221;#FFFFFF&#8221; text_font_size=&#8221;16px&#8221; header_text_color=&#8221;#FFFFFF&#8221; header_font_size=&#8221;56px&#8221; header_2_text_color=&#8221;#f7931d&#8221; header_2_font_size=&#8221;24px&#8221; header_3_font=&#8221;|300|||||||&#8221; header_3_text_color=&#8221;#f7931d&#8221; header_3_font_size=&#8221;18px&#8221; text_orientation=&#8221;center&#8221; width_tablet=&#8221;100%&#8221; width_phone=&#8221;100%&#8221; width_last_edited=&#8221;on|tablet&#8221; header_font_size_tablet=&#8221;&#8221; header_font_size_phone=&#8221;52px&#8221; header_font_size_last_edited=&#8221;on|tablet&#8221; header_line_height_tablet=&#8221;&#8221; header_line_height_phone=&#8221;1.2em&#8221; header_line_height_last_edited=&#8221;on|phone&#8221; header_2_font_size_tablet=&#8221;36px&#8221; header_2_font_size_phone=&#8221;16px&#8221; header_2_font_size_last_edited=&#8221;on|phone&#8221; global_colors_info=&#8221;{}&#8221;]<\/p>\n<h1 style=\"text-align: center;\">Download a brochure<\/h1>\n<h2>Discover luxury right at your fingertips.<\/h2>\n<h2>Download our Tropic Seas Spas brochure today!<\/h2>\n<p>[\/et_pb_text][et_pb_icon font_icon=&#8221;&#x33;||divi||400&#8243; icon_width=&#8221;56px&#8221; _builder_version=&#8221;4.21.0&#8243; _module_preset=&#8221;default&#8221; global_colors_info=&#8221;{}&#8221;][\/et_pb_icon][\/et_pb_column][\/et_pb_row][\/et_pb_section][et_pb_section fb_built=&#8221;1&#8243; module_class=&#8221;manuals&#8221; _builder_version=&#8221;4.21.0&#8243; _module_preset=&#8221;default&#8221; background_color=&#8221;RGBA(255,255,255,0)&#8221; custom_padding=&#8221;0px||||false|false&#8221; global_colors_info=&#8221;{}&#8221;][et_pb_row _builder_version=&#8221;4.21.0&#8243; _module_preset=&#8221;default&#8221; width_tablet=&#8221;90%&#8221; width_phone=&#8221;90%&#8221; width_last_edited=&#8221;on|tablet&#8221; global_colors_info=&#8221;{}&#8221;][et_pb_column type=&#8221;4_4&#8243; _builder_version=&#8221;4.21.0&#8243; _module_preset=&#8221;default&#8221; global_colors_info=&#8221;{}&#8221;][et_pb_text _builder_version=&#8221;4.21.0&#8243; _module_preset=&#8221;default&#8221; header_2_text_color=&#8221;#00adee&#8221; width_tablet=&#8221;100%&#8221; width_phone=&#8221;100%&#8221; width_last_edited=&#8221;on|tablet&#8221; custom_margin=&#8221;||16px||false|false&#8221; custom_margin_tablet=&#8221;||16px||false|false&#8221; custom_margin_phone=&#8221;||0px||false|false&#8221; custom_margin_last_edited=&#8221;on|phone&#8221; custom_padding=&#8221;||0px||false|false&#8221; global_colors_info=&#8221;{}&#8221;]<\/p>\n<div class=\"group w-full text-gray-800 dark:text-gray-100 border-b border-black\/10 dark:border-gray-900\/50 bg-gray-50 dark:bg-[#444654]\">\n<div class=\"flex p-4 gap-4 text-base md:gap-6 md:max-w-2xl lg:max-w-[38rem] xl:max-w-3xl md:py-6 lg:px-0 m-auto\">\n<div class=\"relative flex w-[calc(100%-50px)] flex-col gap-1 md:gap-3 lg:w-[calc(100%-115px)]\">\n<div class=\"flex flex-grow flex-col gap-3\">\n<div class=\"min-h-[20px] flex items-start overflow-x-auto whitespace-pre-wrap break-words flex-col gap-4\">\n<div class=\"markdown prose w-full break-words dark:prose-invert light\">\n<p>Our Tropic Seas Spas brochure is an invaluable resource that contains all the pertinent information needed to guide you through the hot tub buying process. Packed with comprehensive details about our spa models, features, and customization options, our brochure provides a complete overview of what Tropic Seas Spas has to offer. From specifications and dimensions to available upgrades and warranty information, this brochure equips you with the necessary knowledge to make an informed decision.<\/p>\n<p>Whether you&#8217;re exploring different hot tub models or comparing options, the Tropic Seas Spas brochure ensures that you have all the essential information at your fingertips, simplifying your hot tub buying journey and helping you choose the perfect spa for your needs and preferences.<\/p>\n<p>Simply fill out the form below and we will send a downloadable brochure to your email address!<\/p>\n<\/div>\n<\/div>\n<\/div>\n<\/div>\n<\/div>\n<\/div>\n<p>[\/et_pb_text][et_pb_code _builder_version=&#8221;4.24.0&#8243; _module_preset=&#8221;default&#8221; custom_margin=&#8221;0px||0px||true|false&#8221; custom_padding=&#8221;30px||30px||true|false&#8221; hover_enabled=&#8221;0&#8243; global_colors_info=&#8221;{}&#8221; width=&#8221;70%&#8221; sticky_enabled=&#8221;0&#8243; module_alignment=&#8221;center&#8221;]<script charset=\"utf-8\" type=\"text\/javascript\" src=\"\/\/js.hsforms.net\/forms\/embed\/v2.js\"><\/script><!-- [et_pb_line_break_holder] --><script><!-- [et_pb_line_break_holder] -->  hbspt.forms.create({<!-- [et_pb_line_break_holder] -->    region: \"na1\",<!-- [et_pb_line_break_holder] -->    portalId: \"398534\",<!-- [et_pb_line_break_holder] -->    formId: \"e8cb567b-3e0a-4611-88b8-5de14a69f6b7\"<!-- [et_pb_line_break_holder] -->  });<!-- [et_pb_line_break_holder] --><\/script>[\/et_pb_code][\/et_pb_column][\/et_pb_row][\/et_pb_section][et_pb_section fb_built=&#8221;1&#8243; module_class=&#8221;pa-inline-buttons&#8221; _builder_version=&#8221;4.21.0&#8243; _module_preset=&#8221;default&#8221; custom_margin=&#8221;0px||||false|false&#8221; custom_padding=&#8221;0px||0px||false|false&#8221; global_colors_info=&#8221;{}&#8221;][et_pb_row column_structure=&#8221;1_3,1_3,1_3&#8243; use_custom_gutter=&#8221;on&#8221; custom_padding_last_edited=&#8221;on|tablet&#8221; _builder_version=&#8221;4.21.0&#8243; _module_preset=&#8221;default&#8221; background_color=&#8221;#00adee&#8221; use_background_color_gradient=&#8221;on&#8221; background_color_gradient_stops=&#8221;#00adee 0%|#005476 100%&#8221; background_enable_pattern_style=&#8221;on&#8221; background_pattern_style=&#8221;waves&#8221; background_pattern_color=&#8221;rgba(255,255,255,0.05)&#8221; background_pattern_size=&#8221;custom&#8221; background_pattern_width=&#8221;180px&#8221; background_pattern_height=&#8221;12px&#8221; background_pattern_horizontal_offset=&#8221;-10%&#8221; background_pattern_blend_mode=&#8221;overlay&#8221; width=&#8221;100%&#8221; max_width=&#8221;100%&#8221; module_alignment=&#8221;center&#8221; custom_margin=&#8221;||||false|true&#8221; custom_padding=&#8221;|300px||300px|false|true&#8221; custom_padding_tablet=&#8221;30px|0px|0px|0px|false|true&#8221; custom_padding_phone=&#8221;19px||||false|true&#8221; global_colors_info=&#8221;{}&#8221; custom_css_main_element_last_edited=&#8221;on|tablet&#8221; custom_css_main_element_tablet=&#8221;display:flex;&#8221; custom_css_main_element_phone=&#8221;display:flex;&#8221;][et_pb_column type=&#8221;1_3&#8243; _builder_version=&#8221;4.21.0&#8243; _module_preset=&#8221;default&#8221; custom_padding=&#8221;|4px||4px|false|true&#8221; global_colors_info=&#8221;{}&#8221;][et_pb_text _builder_version=&#8221;4.21.0&#8243; _module_preset=&#8221;default&#8221; text_font=&#8221;|800|on||||||&#8221; text_text_color=&#8221;#FFFFFF&#8221; text_font_size=&#8221;54px&#8221; text_orientation=&#8221;center&#8221; custom_margin=&#8221;0px||0px||true|false&#8221; custom_padding=&#8221;12px||12px||true|false&#8221; custom_padding_tablet=&#8221;12px||12px||true|false&#8221; custom_padding_phone=&#8221;||2px||false|false&#8221; custom_padding_last_edited=&#8221;on|desktop&#8221; text_font_size_tablet=&#8221;54px&#8221; text_font_size_phone=&#8221;28px&#8221; global_colors_info=&#8221;{}&#8221;]<\/p>\n<p>100K<\/p>\n<p>[\/et_pb_text][et_pb_text _builder_version=&#8221;4.21.0&#8243; _module_preset=&#8221;default&#8221; text_text_color=&#8221;#FFFFFF&#8221; text_line_height=&#8221;1.2em&#8221; text_orientation=&#8221;center&#8221; custom_margin=&#8221;0px||0px||true|false&#8221; custom_padding=&#8221;0px||0px||true|false&#8221; global_colors_info=&#8221;{}&#8221;]<\/p>\n<p>Happy Tropic Seas owners<\/p>\n<p>[\/et_pb_text][\/et_pb_column][et_pb_column type=&#8221;1_3&#8243; _builder_version=&#8221;4.21.0&#8243; _module_preset=&#8221;default&#8221; custom_padding=&#8221;|4px||4px|false|true&#8221; global_colors_info=&#8221;{}&#8221;][et_pb_text _builder_version=&#8221;4.21.0&#8243; _module_preset=&#8221;default&#8221; text_font=&#8221;|800|on||||||&#8221; text_text_color=&#8221;#FFFFFF&#8221; text_font_size=&#8221;54px&#8221; text_orientation=&#8221;center&#8221; custom_margin=&#8221;0px||0px||true|false&#8221; custom_padding=&#8221;12px||12px||true|false&#8221; custom_padding_tablet=&#8221;12px||12px||true|false&#8221; custom_padding_phone=&#8221;||2px||false|false&#8221; custom_padding_last_edited=&#8221;on|tablet&#8221; text_font_size_tablet=&#8221;54px&#8221; text_font_size_phone=&#8221;28px&#8221; global_colors_info=&#8221;{}&#8221;]<\/p>\n<p>100+<\/p>\n<p>[\/et_pb_text][et_pb_text _builder_version=&#8221;4.21.0&#8243; _module_preset=&#8221;default&#8221; text_text_color=&#8221;#FFFFFF&#8221; text_line_height=&#8221;1.2em&#8221; text_orientation=&#8221;center&#8221; custom_margin=&#8221;0px||0px||true|false&#8221; custom_padding=&#8221;0px||0px||true|false&#8221; global_colors_info=&#8221;{}&#8221;]<\/p>\n<p>Authorized Tropic Seas dealers<\/p>\n<p>[\/et_pb_text][\/et_pb_column][et_pb_column type=&#8221;1_3&#8243; _builder_version=&#8221;4.21.0&#8243; _module_preset=&#8221;default&#8221; custom_padding_tablet=&#8221;&#8221; custom_padding_phone=&#8221;|4px||4px|false|true&#8221; custom_padding_last_edited=&#8221;on|phone&#8221; global_colors_info=&#8221;{}&#8221;][et_pb_text _builder_version=&#8221;4.21.0&#8243; _module_preset=&#8221;default&#8221; text_font=&#8221;|800|on||||||&#8221; text_text_color=&#8221;#FFFFFF&#8221; text_font_size=&#8221;54px&#8221; text_orientation=&#8221;center&#8221; custom_margin=&#8221;0px||0px||true|false&#8221; custom_padding=&#8221;12px||12px||true|false&#8221; custom_padding_tablet=&#8221;12px||12px||true|false&#8221; custom_padding_phone=&#8221;12px||2px||false|false&#8221; custom_padding_last_edited=&#8221;on|phone&#8221; text_font_size_tablet=&#8221;54px&#8221; text_font_size_phone=&#8221;28px&#8221; global_colors_info=&#8221;{}&#8221;]<\/p>\n<p>15<\/p>\n<p>[\/et_pb_text][et_pb_text _builder_version=&#8221;4.21.0&#8243; _module_preset=&#8221;default&#8221; text_text_color=&#8221;#FFFFFF&#8221; text_line_height=&#8221;1.2em&#8221; text_orientation=&#8221;center&#8221; custom_margin=&#8221;0px||0px||true|false&#8221; custom_padding=&#8221;0px||0px||true|false&#8221; global_colors_info=&#8221;{}&#8221;]<\/p>\n<p>Years of industry experience<\/p>\n<p>[\/et_pb_text][\/et_pb_column][\/et_pb_row][\/et_pb_section]<\/p>\n","protected":false},"excerpt":{"rendered":"<p>T\u00e9l\u00e9chargez une brochure D\u00e9couvrez le luxe \u00e0 port\u00e9e de main. T\u00e9l\u00e9chargez notre brochure Tropic Seas Spas d\u00e8s aujourd&#039;hui\u00a0! Notre brochure Tropic Seas Spas est une ressource inestimable qui contient toutes les informations pertinentes n\u00e9cessaires pour vous guider tout au long du processus d&#039;achat d&#039;un spa. Remplie de d\u00e9tails complets sur nos mod\u00e8les de spa, leurs fonctionnalit\u00e9s et nos options de personnalisation, notre brochure fournit un aper\u00e7u complet de ce que Tropic Seas Spas a \u00e0 offrir. Des sp\u00e9cifications et dimensions aux mises \u00e0 niveau disponibles et aux informations sur la garantie, cette brochure vous fournit les connaissances n\u00e9cessaires pour prendre une d\u00e9cision \u00e9clair\u00e9e. Que vous exploriez diff\u00e9rents mod\u00e8les de spas ou que vous compariez les options, la brochure Tropic Seas Spas garantit que vous avez toutes les informations essentielles \u00e0 port\u00e9e de main, simplifiant ainsi votre parcours d&#039;achat de spa et vous aidant \u00e0 choisir le spa parfait pour vos besoins et pr\u00e9f\u00e9rences. Remplissez simplement le formulaire ci-dessous et nous vous enverrons une brochure t\u00e9l\u00e9chargeable \u00e0 votre adresse e-mail ! 100KHeureux propri\u00e9taires de Tropic Seas100+concessionnaires Tropic Seas agr\u00e9\u00e9s15 ans d&#039;exp\u00e9rience dans l&#039;industrie<\/p>","protected":false},"author":3,"featured_media":0,"parent":2535,"menu_order":0,"comment_status":"closed","ping_status":"closed","template":"","meta":{"_acf_changed":false,"_et_pb_use_builder":"on","_et_pb_old_content":"","_et_gb_content_width":"","footnotes":""},"wf_page_folders":[],"class_list":["post-340480","page","type-page","status-publish","hentry"],"acf":[],"yoast_head":"<!-- This site is optimized with the Yoast SEO plugin v27.4 - https:\/\/yoast.com\/product\/yoast-seo-wordpress\/ -->\n<title>Download a brochure - Tropic Seas Spas<\/title>\n<meta name=\"description\" content=\"Tropic Seas Spas Download a brochure south seas spas, las vegas spas, las vegas hottub, hottub manufacturer, deluxe spa, hydrotherapy benefits, mental clairity, stress tension relief, relaxation\" \/>\n<meta name=\"robots\" content=\"index, follow, max-snippet:-1, max-image-preview:large, max-video-preview:-1\" \/>\n<link rel=\"canonical\" href=\"https:\/\/tropicseasspas.com\/fr\/support\/download-a-brochure\/\" \/>\n<meta property=\"og:locale\" content=\"fr_FR\" \/>\n<meta property=\"og:type\" content=\"article\" \/>\n<meta property=\"og:title\" content=\"Download a brochure - Tropic Seas Spas\" \/>\n<meta property=\"og:description\" content=\"Tropic Seas Spas Download a brochure south seas spas, las vegas spas, las vegas hottub, hottub manufacturer, deluxe spa, hydrotherapy benefits, mental clairity, stress tension relief, relaxation\" \/>\n<meta property=\"og:url\" content=\"https:\/\/tropicseasspas.com\/fr\/support\/download-a-brochure\/\" \/>\n<meta property=\"og:site_name\" content=\"Tropic Seas Spas\" \/>\n<meta property=\"article:modified_time\" content=\"2024-03-05T22:33:57+00:00\" \/>\n<meta name=\"twitter:card\" content=\"summary_large_image\" \/>\n<meta name=\"twitter:label1\" content=\"Dur\u00e9e de lecture estim\u00e9e\" \/>\n\t<meta name=\"twitter:data1\" content=\"3 minutes\" \/>\n<script type=\"application\/ld+json\" class=\"yoast-schema-graph\">{\"@context\":\"https:\\\/\\\/schema.org\",\"@graph\":[{\"@type\":\"WebPage\",\"@id\":\"https:\\\/\\\/tropicseasspas.com\\\/support\\\/download-a-brochure\\\/\",\"url\":\"https:\\\/\\\/tropicseasspas.com\\\/support\\\/download-a-brochure\\\/\",\"name\":\"Download a brochure - Tropic Seas Spas\",\"isPartOf\":{\"@id\":\"https:\\\/\\\/tropicseasspas.com\\\/#website\"},\"datePublished\":\"2023-06-28T17:47:45+00:00\",\"dateModified\":\"2024-03-05T22:33:57+00:00\",\"description\":\"Tropic Seas Spas Download a brochure south seas spas, las vegas spas, las vegas hottub, hottub manufacturer, deluxe spa, hydrotherapy benefits, mental clairity, stress tension relief, relaxation\",\"breadcrumb\":{\"@id\":\"https:\\\/\\\/tropicseasspas.com\\\/support\\\/download-a-brochure\\\/#breadcrumb\"},\"inLanguage\":\"fr-FR\",\"potentialAction\":[{\"@type\":\"ReadAction\",\"target\":[\"https:\\\/\\\/tropicseasspas.com\\\/support\\\/download-a-brochure\\\/\"]}]},{\"@type\":\"BreadcrumbList\",\"@id\":\"https:\\\/\\\/tropicseasspas.com\\\/support\\\/download-a-brochure\\\/#breadcrumb\",\"itemListElement\":[{\"@type\":\"ListItem\",\"position\":1,\"name\":\"Home\",\"item\":\"https:\\\/\\\/tropicseasspas.com\\\/\"},{\"@type\":\"ListItem\",\"position\":2,\"name\":\"Support\",\"item\":\"https:\\\/\\\/tropicseasspas.com\\\/support\\\/\"},{\"@type\":\"ListItem\",\"position\":3,\"name\":\"Download a brochure\"}]},{\"@type\":\"WebSite\",\"@id\":\"https:\\\/\\\/tropicseasspas.com\\\/#website\",\"url\":\"https:\\\/\\\/tropicseasspas.com\\\/\",\"name\":\"Tropic Seas Spas\",\"description\":\"Hot tubs handcrafted with artistry and ergonomic design.\",\"publisher\":{\"@id\":\"https:\\\/\\\/tropicseasspas.com\\\/#organization\"},\"potentialAction\":[{\"@type\":\"SearchAction\",\"target\":{\"@type\":\"EntryPoint\",\"urlTemplate\":\"https:\\\/\\\/tropicseasspas.com\\\/?s={search_term_string}\"},\"query-input\":{\"@type\":\"PropertyValueSpecification\",\"valueRequired\":true,\"valueName\":\"search_term_string\"}}],\"inLanguage\":\"fr-FR\"},{\"@type\":\"Organization\",\"@id\":\"https:\\\/\\\/tropicseasspas.com\\\/#organization\",\"name\":\"South Seas Spas\",\"url\":\"https:\\\/\\\/tropicseasspas.com\\\/\",\"logo\":{\"@type\":\"ImageObject\",\"inLanguage\":\"fr-FR\",\"@id\":\"https:\\\/\\\/tropicseasspas.com\\\/#\\\/schema\\\/logo\\\/image\\\/\",\"url\":\"https:\\\/\\\/tropicseasspas.com\\\/wp-content\\\/uploads\\\/2019\\\/02\\\/SouthSeas_AS_Logo_vertical_blue-1.png\",\"contentUrl\":\"https:\\\/\\\/tropicseasspas.com\\\/wp-content\\\/uploads\\\/2019\\\/02\\\/SouthSeas_AS_Logo_vertical_blue-1.png\",\"width\":379,\"height\":184,\"caption\":\"South Seas Spas\"},\"image\":{\"@id\":\"https:\\\/\\\/tropicseasspas.com\\\/#\\\/schema\\\/logo\\\/image\\\/\"}}]}<\/script>\n<!-- \/ Yoast SEO plugin. -->","yoast_head_json":{"title":"Download a brochure - Tropic Seas Spas","description":"Tropic Seas Spas Download a brochure south seas spas, las vegas spas, las vegas hottub, hottub manufacturer, deluxe spa, hydrotherapy benefits, mental clairity, stress tension relief, relaxation","robots":{"index":"index","follow":"follow","max-snippet":"max-snippet:-1","max-image-preview":"max-image-preview:large","max-video-preview":"max-video-preview:-1"},"canonical":"https:\/\/tropicseasspas.com\/fr\/support\/download-a-brochure\/","og_locale":"fr_FR","og_type":"article","og_title":"Download a brochure - Tropic Seas Spas","og_description":"Tropic Seas Spas Download a brochure south seas spas, las vegas spas, las vegas hottub, hottub manufacturer, deluxe spa, hydrotherapy benefits, mental clairity, stress tension relief, relaxation","og_url":"https:\/\/tropicseasspas.com\/fr\/support\/download-a-brochure\/","og_site_name":"Tropic Seas Spas","article_modified_time":"2024-03-05T22:33:57+00:00","twitter_card":"summary_large_image","twitter_misc":{"Dur\u00e9e de lecture estim\u00e9e":"3 minutes"},"schema":{"@context":"https:\/\/schema.org","@graph":[{"@type":"WebPage","@id":"https:\/\/tropicseasspas.com\/support\/download-a-brochure\/","url":"https:\/\/tropicseasspas.com\/support\/download-a-brochure\/","name":"Download a brochure - Tropic Seas Spas","isPartOf":{"@id":"https:\/\/tropicseasspas.com\/#website"},"datePublished":"2023-06-28T17:47:45+00:00","dateModified":"2024-03-05T22:33:57+00:00","description":"Tropic Seas Spas Download a brochure south seas spas, las vegas spas, las vegas hottub, hottub manufacturer, deluxe spa, hydrotherapy benefits, mental clairity, stress tension relief, relaxation","breadcrumb":{"@id":"https:\/\/tropicseasspas.com\/support\/download-a-brochure\/#breadcrumb"},"inLanguage":"fr-FR","potentialAction":[{"@type":"ReadAction","target":["https:\/\/tropicseasspas.com\/support\/download-a-brochure\/"]}]},{"@type":"BreadcrumbList","@id":"https:\/\/tropicseasspas.com\/support\/download-a-brochure\/#breadcrumb","itemListElement":[{"@type":"ListItem","position":1,"name":"Home","item":"https:\/\/tropicseasspas.com\/"},{"@type":"ListItem","position":2,"name":"Support","item":"https:\/\/tropicseasspas.com\/support\/"},{"@type":"ListItem","position":3,"name":"Download a brochure"}]},{"@type":"WebSite","@id":"https:\/\/tropicseasspas.com\/#website","url":"https:\/\/tropicseasspas.com\/","name":"Spas des mers tropicales","description":"Spas fabriqu\u00e9s \u00e0 la main avec un design artistique et ergonomique.","publisher":{"@id":"https:\/\/tropicseasspas.com\/#organization"},"potentialAction":[{"@type":"SearchAction","target":{"@type":"EntryPoint","urlTemplate":"https:\/\/tropicseasspas.com\/?s={search_term_string}"},"query-input":{"@type":"PropertyValueSpecification","valueRequired":true,"valueName":"search_term_string"}}],"inLanguage":"fr-FR"},{"@type":"Organization","@id":"https:\/\/tropicseasspas.com\/#organization","name":"Spas des mers du Sud","url":"https:\/\/tropicseasspas.com\/","logo":{"@type":"ImageObject","inLanguage":"fr-FR","@id":"https:\/\/tropicseasspas.com\/#\/schema\/logo\/image\/","url":"https:\/\/tropicseasspas.com\/wp-content\/uploads\/2019\/02\/SouthSeas_AS_Logo_vertical_blue-1.png","contentUrl":"https:\/\/tropicseasspas.com\/wp-content\/uploads\/2019\/02\/SouthSeas_AS_Logo_vertical_blue-1.png","width":379,"height":184,"caption":"South Seas Spas"},"image":{"@id":"https:\/\/tropicseasspas.com\/#\/schema\/logo\/image\/"}}]}},"_links":{"self":[{"href":"https:\/\/tropicseasspas.com\/fr\/wp-json\/wp\/v2\/pages\/340480","targetHints":{"allow":["GET"]}}],"collection":[{"href":"https:\/\/tropicseasspas.com\/fr\/wp-json\/wp\/v2\/pages"}],"about":[{"href":"https:\/\/tropicseasspas.com\/fr\/wp-json\/wp\/v2\/types\/page"}],"author":[{"embeddable":true,"href":"https:\/\/tropicseasspas.com\/fr\/wp-json\/wp\/v2\/users\/3"}],"replies":[{"embeddable":true,"href":"https:\/\/tropicseasspas.com\/fr\/wp-json\/wp\/v2\/comments?post=340480"}],"version-history":[{"count":0,"href":"https:\/\/tropicseasspas.com\/fr\/wp-json\/wp\/v2\/pages\/340480\/revisions"}],"up":[{"embeddable":true,"href":"https:\/\/tropicseasspas.com\/fr\/wp-json\/wp\/v2\/pages\/2535"}],"wp:attachment":[{"href":"https:\/\/tropicseasspas.com\/fr\/wp-json\/wp\/v2\/media?parent=340480"}],"wp:term":[{"taxonomy":"wf_page_folders","embeddable":true,"href":"https:\/\/tropicseasspas.com\/fr\/wp-json\/wp\/v2\/wf_page_folders?post=340480"}],"curies":[{"name":"wp","href":"https:\/\/api.w.org\/{rel}","templated":true}]}}