{"id":2346,"date":"2019-06-12T20:23:47","date_gmt":"2019-06-12T20:23:47","guid":{"rendered":"https:\/\/tropicseasspas.com\/?page_id=2346"},"modified":"2025-11-18T17:27:20","modified_gmt":"2025-11-18T17:27:20","slug":"locate-a-dealer","status":"publish","type":"page","link":"https:\/\/tropicseasspas.com\/fr\/locate-a-dealer\/","title":{"rendered":"Trouver un revendeur"},"content":{"rendered":"<p>[et_pb_section fb_built=&#8221;1&#8243; _builder_version=&#8221;4.21.0&#8243; _module_preset=&#8221;default&#8221; background_color=&#8221;#005476&#8243; background_image=&#8221;https:\/\/tropicseasspas.com\/wp-content\/uploads\/2019\/12\/Backyard-1-scaled.jpg&#8221; background_blend=&#8221;multiply&#8221; module_alignment=&#8221;center&#8221; height=&#8221;525px&#8221; height_tablet=&#8221;520px&#8221; height_phone=&#8221;520px&#8221; height_last_edited=&#8221;on|tablet&#8221; custom_margin=&#8221;-100px||||false|false&#8221; custom_padding=&#8221;|||0px||&#8221; scroll_blur_enable=&#8221;on&#8221; global_colors_info=&#8221;{}&#8221;][et_pb_row _builder_version=&#8221;4.21.0&#8243; _module_preset=&#8221;default&#8221; custom_margin=&#8221;100px||||false|false&#8221; custom_margin_tablet=&#8221;60px||||false|false&#8221; custom_margin_phone=&#8221;40px||||false|false&#8221; custom_margin_last_edited=&#8221;on|tablet&#8221; global_colors_info=&#8221;{}&#8221;][et_pb_column type=&#8221;4_4&#8243; _builder_version=&#8221;4.21.0&#8243; _module_preset=&#8221;default&#8221; global_colors_info=&#8221;{}&#8221;][et_pb_text _builder_version=&#8221;4.21.0&#8243; _module_preset=&#8221;default&#8221; text_text_color=&#8221;#FFFFFF&#8221; text_font_size=&#8221;16px&#8221; header_text_color=&#8221;#FFFFFF&#8221; header_font_size=&#8221;56px&#8221; header_2_text_color=&#8221;#FFFFFF&#8221; header_2_font_size=&#8221;24px&#8221; header_2_line_height=&#8221;1.5em&#8221; header_3_font=&#8221;|300|||||||&#8221; header_3_text_color=&#8221;#f7931d&#8221; header_3_font_size=&#8221;16px&#8221; text_orientation=&#8221;center&#8221; custom_margin_tablet=&#8221;&#8221; custom_margin_phone=&#8221;||0px||false|false&#8221; custom_margin_last_edited=&#8221;on|phone&#8221; header_font_size_tablet=&#8221;56px&#8221; header_font_size_phone=&#8221;&#8221; header_font_size_last_edited=&#8221;on|tablet&#8221; header_2_font_size_tablet=&#8221;26px&#8221; header_2_font_size_phone=&#8221;18px&#8221; header_2_font_size_last_edited=&#8221;on|phone&#8221; header_2_line_height_tablet=&#8221;1.2em&#8221; header_2_line_height_phone=&#8221;1.2em&#8221; header_2_line_height_last_edited=&#8221;on|tablet&#8221; global_colors_info=&#8221;{}&#8221;]<\/p>\n<h1 style=\"text-align: center;\">Locate a hot tub dealer<\/h1>\n<h2>Search for an authorized Tropic Seas Spas dealer below by entering your ZIP code<\/h2>\n<h3>Proudly serving customers in North America and Europe<\/h3>\n<p>[\/et_pb_text][et_pb_icon font_icon=&#8221;&#x33;||divi||400&#8243; icon_width=&#8221;56px&#8221; url=&#8221;#map&#8221; _builder_version=&#8221;4.21.0&#8243; _module_preset=&#8221;default&#8221; custom_margin_tablet=&#8221;&#8221; custom_margin_phone=&#8221;0px||||false|false&#8221; custom_margin_last_edited=&#8221;on|phone&#8221; custom_padding_tablet=&#8221;&#8221; custom_padding_phone=&#8221;0px||||false|false&#8221; custom_padding_last_edited=&#8221;on|phone&#8221; global_colors_info=&#8221;{}&#8221;][\/et_pb_icon][\/et_pb_column][\/et_pb_row][\/et_pb_section][et_pb_section fb_built=&#8221;1&#8243; admin_label=&#8221;section&#8221; module_id=&#8221;map&#8221; _builder_version=&#8221;4.21.0&#8243; custom_padding=&#8221;||0px|||&#8221; global_colors_info=&#8221;{}&#8221;][et_pb_row admin_label=&#8221;row&#8221; _builder_version=&#8221;4.16&#8243; background_size=&#8221;initial&#8221; background_position=&#8221;top_left&#8221; background_repeat=&#8221;repeat&#8221; custom_padding=&#8221;0px||0px|||&#8221; global_colors_info=&#8221;{}&#8221;][et_pb_column type=&#8221;4_4&#8243; _builder_version=&#8221;4.16&#8243; custom_padding=&#8221;|||&#8221; global_colors_info=&#8221;{}&#8221; custom_padding__hover=&#8221;|||&#8221;][et_pb_text _builder_version=&#8221;4.21.0&#8243; _module_preset=&#8221;default&#8221; global_colors_info=&#8221;{}&#8221;]<\/p>\n<h4 style=\"text-align: center;\">Start your hydrotherapy journey today and get in touch with a hot tub dealer near you<\/h4>\n<p>Each location carries our exceptional Tropic Seas Spas line of hot tubs and swim spas, designed to provide you with the ultimate relaxation and rejuvenation experience. Whether you&#8217;re looking to soothe tired muscles, relieve stress, or create memorable moments with loved ones, our hydrotherapy products are crafted to meet your every need.<\/p>\n<p>[\/et_pb_text][et_pb_code _builder_version=&#8221;4.21.0&#8243; _module_preset=&#8221;default&#8221; width=&#8221;70%&#8221; module_alignment=&#8221;center&#8221; custom_margin=&#8221;||82px|||&#8221; global_colors_info=&#8221;{}&#8221;]<\/p>\n<div id='storerocket-widget' style='width:100%;' data-storerocket-env='p' data-storerocket-id='Ly8GEXO4r0'><pee style='text-align:center;font-size:13px;padding:10px;'>Store locator is loading from StoreRocket <a target='_blank' href='https:\/\/storerocket.io' style='font-size:13px;' rel=\"noopener\">Store Locator App<\/a>..<\/pee><\/div>\n<p><script>(function(){var a=document.createElement('script');a.type='text\/javascript';a.async=!0;a.src='https:\/\/cdn.storerocket.io\/js\/widget-mb.js';var b=document.getElementsByTagName('script')[0];b.parentNode.insertBefore(a,b);}());<\/script>[\/et_pb_code][et_pb_divider _builder_version=&#8221;4.21.0&#8243; _module_preset=&#8221;default&#8221; width=&#8221;70%&#8221; module_alignment=&#8221;center&#8221; global_colors_info=&#8221;{}&#8221;][\/et_pb_divider][\/et_pb_column][\/et_pb_row][\/et_pb_section][et_pb_section fb_built=&#8221;1&#8243; module_class=&#8221;pa-inline-buttons&#8221; _builder_version=&#8221;4.21.0&#8243; _module_preset=&#8221;default&#8221; custom_margin=&#8221;0px||||false|false&#8221; custom_padding=&#8221;0px||0px||false|false&#8221; global_colors_info=&#8221;{}&#8221;][et_pb_row _builder_version=&#8221;4.27.4&#8243; _module_preset=&#8221;default&#8221; custom_padding=&#8221;58px|||||&#8221; hover_enabled=&#8221;0&#8243; global_colors_info=&#8221;{}&#8221; module_alignment=&#8221;center&#8221; sticky_enabled=&#8221;0&#8243;][et_pb_column type=&#8221;4_4&#8243; _builder_version=&#8221;4.21.0&#8243; _module_preset=&#8221;default&#8221; global_colors_info=&#8221;{}&#8221;][et_pb_text _builder_version=&#8221;4.27.4&#8243; _module_preset=&#8221;default&#8221; custom_margin=&#8221;||0px||false|false&#8221; custom_padding=&#8221;||10px||false|false&#8221; hover_enabled=&#8221;0&#8243; global_colors_info=&#8221;{}&#8221; sticky_enabled=&#8221;0&#8243;]<\/p>\n<h3 style=\"text-align: center;\">Contact Us<\/h3>\n<p><span>Whether you&#8217;re interested in obtaining pricing, downloading our hot tub brochure, seeking support, or simply making a general inquiry, we&#8217;re here to assist you!\u00a0<\/span><span>Please fill out the form below with your information, and our knowledgeable team will promptly address your request.<\/span><span> <\/span><\/p>\n<p><span><strong>Please note:<\/strong> We typically respond within 48-72 hours. Response time may be delayed during holidays. Rest assured, we value your time and are committed to providing you with the best possible experience.<\/span><\/p>\n<p>[\/et_pb_text][et_pb_code _builder_version=&#8221;4.27.4&#8243; _module_preset=&#8221;default&#8221; custom_margin=&#8221;0px||30px||false|false&#8221; custom_padding=&#8221;0px||||false|false&#8221; hover_enabled=&#8221;0&#8243; border_radii=&#8221;on|50px|50px|50px|50px&#8221; global_colors_info=&#8221;{}&#8221; sticky_enabled=&#8221;0&#8243; width=&#8221;70%&#8221; module_alignment=&#8221;center&#8221;]<script src=\"https:\/\/js-na2.hsforms.net\/forms\/embed\/398534.js\" defer><\/script><!-- [et_pb_line_break_holder] --><\/p>\n<div class=\"hs-form-frame\" data-region=\"na2\" data-form-id=\"baab3ce6-5a7e-41a4-b71a-690d5254e8c2\" data-portal-id=\"398534\"><\/div>\n<p><!-- [et_pb_line_break_holder] -->[\/et_pb_code][\/et_pb_column][\/et_pb_row][et_pb_row column_structure=&#8221;1_3,1_3,1_3&#8243; use_custom_gutter=&#8221;on&#8221; custom_padding_last_edited=&#8221;on|tablet&#8221; _builder_version=&#8221;4.21.0&#8243; _module_preset=&#8221;default&#8221; background_color=&#8221;#00adee&#8221; use_background_color_gradient=&#8221;on&#8221; background_color_gradient_stops=&#8221;#00adee 0%|#005476 100%&#8221; background_enable_pattern_style=&#8221;on&#8221; background_pattern_style=&#8221;waves&#8221; background_pattern_color=&#8221;rgba(255,255,255,0.05)&#8221; background_pattern_size=&#8221;custom&#8221; background_pattern_width=&#8221;180px&#8221; background_pattern_height=&#8221;12px&#8221; background_pattern_horizontal_offset=&#8221;-10%&#8221; background_pattern_blend_mode=&#8221;overlay&#8221; width=&#8221;100%&#8221; max_width=&#8221;100%&#8221; module_alignment=&#8221;center&#8221; custom_margin=&#8221;||||false|true&#8221; custom_padding=&#8221;|300px||300px|false|true&#8221; custom_padding_tablet=&#8221;30px|0px|0px|0px|false|true&#8221; custom_padding_phone=&#8221;19px||||false|true&#8221; global_colors_info=&#8221;{}&#8221; custom_css_main_element_last_edited=&#8221;on|tablet&#8221; custom_css_main_element_tablet=&#8221;display:flex;&#8221; custom_css_main_element_phone=&#8221;display:flex;&#8221;][et_pb_column type=&#8221;1_3&#8243; _builder_version=&#8221;4.21.0&#8243; _module_preset=&#8221;default&#8221; custom_padding=&#8221;|4px||4px|false|true&#8221; global_colors_info=&#8221;{}&#8221;][et_pb_text _builder_version=&#8221;4.21.0&#8243; _module_preset=&#8221;default&#8221; text_font=&#8221;|800|on||||||&#8221; text_text_color=&#8221;#FFFFFF&#8221; text_font_size=&#8221;54px&#8221; text_orientation=&#8221;center&#8221; custom_margin=&#8221;0px||0px||true|false&#8221; custom_padding=&#8221;12px||12px||true|false&#8221; custom_padding_tablet=&#8221;12px||12px||true|false&#8221; custom_padding_phone=&#8221;||2px||false|false&#8221; custom_padding_last_edited=&#8221;on|desktop&#8221; text_font_size_tablet=&#8221;54px&#8221; text_font_size_phone=&#8221;28px&#8221; global_colors_info=&#8221;{}&#8221;]<\/p>\n<p>100K<\/p>\n<p>[\/et_pb_text][et_pb_text _builder_version=&#8221;4.21.0&#8243; _module_preset=&#8221;default&#8221; text_text_color=&#8221;#FFFFFF&#8221; text_line_height=&#8221;1.2em&#8221; text_orientation=&#8221;center&#8221; custom_margin=&#8221;0px||0px||true|false&#8221; custom_padding=&#8221;0px||0px||true|false&#8221; global_colors_info=&#8221;{}&#8221;]<\/p>\n<p>Happy Tropic Seas owners<\/p>\n<p>[\/et_pb_text][\/et_pb_column][et_pb_column type=&#8221;1_3&#8243; _builder_version=&#8221;4.21.0&#8243; _module_preset=&#8221;default&#8221; custom_padding=&#8221;|4px||4px|false|true&#8221; global_colors_info=&#8221;{}&#8221;][et_pb_text _builder_version=&#8221;4.21.0&#8243; _module_preset=&#8221;default&#8221; text_font=&#8221;|800|on||||||&#8221; text_text_color=&#8221;#FFFFFF&#8221; text_font_size=&#8221;54px&#8221; text_orientation=&#8221;center&#8221; custom_margin=&#8221;0px||0px||true|false&#8221; custom_padding=&#8221;12px||12px||true|false&#8221; custom_padding_tablet=&#8221;12px||12px||true|false&#8221; custom_padding_phone=&#8221;||2px||false|false&#8221; custom_padding_last_edited=&#8221;on|tablet&#8221; text_font_size_tablet=&#8221;54px&#8221; text_font_size_phone=&#8221;28px&#8221; global_colors_info=&#8221;{}&#8221;]<\/p>\n<p>100+<\/p>\n<p>[\/et_pb_text][et_pb_text _builder_version=&#8221;4.21.0&#8243; _module_preset=&#8221;default&#8221; text_text_color=&#8221;#FFFFFF&#8221; text_line_height=&#8221;1.2em&#8221; text_orientation=&#8221;center&#8221; custom_margin=&#8221;0px||0px||true|false&#8221; custom_padding=&#8221;0px||0px||true|false&#8221; global_colors_info=&#8221;{}&#8221;]<\/p>\n<p>Authorized Tropic Seas dealers<\/p>\n<p>[\/et_pb_text][\/et_pb_column][et_pb_column type=&#8221;1_3&#8243; _builder_version=&#8221;4.21.0&#8243; _module_preset=&#8221;default&#8221; custom_padding_tablet=&#8221;&#8221; custom_padding_phone=&#8221;|4px||4px|false|true&#8221; custom_padding_last_edited=&#8221;on|phone&#8221; global_colors_info=&#8221;{}&#8221;][et_pb_text _builder_version=&#8221;4.21.0&#8243; _module_preset=&#8221;default&#8221; text_font=&#8221;|800|on||||||&#8221; text_text_color=&#8221;#FFFFFF&#8221; text_font_size=&#8221;54px&#8221; text_orientation=&#8221;center&#8221; custom_margin=&#8221;0px||0px||true|false&#8221; custom_padding=&#8221;12px||12px||true|false&#8221; custom_padding_tablet=&#8221;12px||12px||true|false&#8221; custom_padding_phone=&#8221;12px||2px||false|false&#8221; custom_padding_last_edited=&#8221;on|phone&#8221; text_font_size_tablet=&#8221;54px&#8221; text_font_size_phone=&#8221;28px&#8221; global_colors_info=&#8221;{}&#8221;]<\/p>\n<p>15<\/p>\n<p>[\/et_pb_text][et_pb_text _builder_version=&#8221;4.21.0&#8243; _module_preset=&#8221;default&#8221; text_text_color=&#8221;#FFFFFF&#8221; text_line_height=&#8221;1.2em&#8221; text_orientation=&#8221;center&#8221; custom_margin=&#8221;0px||0px||true|false&#8221; custom_padding=&#8221;0px||0px||true|false&#8221; global_colors_info=&#8221;{}&#8221;]<\/p>\n<p>Years of industry experience<\/p>\n<p>[\/et_pb_text][\/et_pb_column][\/et_pb_row][\/et_pb_section]<\/p>\n","protected":false},"excerpt":{"rendered":"<p>Trouvez un revendeur de spas Recherchez ci-dessous un revendeur agr\u00e9\u00e9 Tropic Seas Spas en entrant votre code postal. Nous sommes fiers de servir nos clients en Am\u00e9rique du Nord et en Europe. Commencez votre voyage d&#039;hydroth\u00e9rapie d\u00e8s aujourd&#039;hui et contactez un revendeur de spas pr\u00e8s de chez vous. Chaque emplacement propose nos spas Tropic Seas exceptionnels. gamme de spas et de spas de nage, con\u00e7ue pour vous offrir une exp\u00e9rience de relaxation et de rajeunissement ultime. Que vous cherchiez \u00e0 apaiser des muscles fatigu\u00e9s, \u00e0 soulager le stress ou \u00e0 cr\u00e9er des moments m\u00e9morables avec vos proches, nos produits d&#039;hydroth\u00e9rapie sont con\u00e7us pour r\u00e9pondre \u00e0 tous vos besoins. Contactez-nous Que vous souhaitiez obtenir les prix, t\u00e9l\u00e9charger notre brochure sur les spas, rechercher support, ou simplement faire une demande g\u00e9n\u00e9rale, nous sommes l\u00e0 pour vous aider\u00a0! Veuillez remplir le formulaire ci-dessous avec vos informations et notre \u00e9quipe comp\u00e9tente r\u00e9pondra rapidement \u00e0 votre demande. Attention : nous r\u00e9pondons g\u00e9n\u00e9ralement sous 48 \u00e0 72 heures. Le temps de r\u00e9ponse peut \u00eatre retard\u00e9 pendant les vacances. Rassurez-vous, nous appr\u00e9cions votre temps et nous nous engageons \u00e0 vous offrir la meilleure exp\u00e9rience possible.100KHeureux propri\u00e9taires de Tropic Seas100+concessionnaires Tropic Seas agr\u00e9\u00e9s15 ans d&#039;exp\u00e9rience dans l&#039;industrie<\/p>","protected":false},"author":3,"featured_media":0,"parent":0,"menu_order":0,"comment_status":"closed","ping_status":"closed","template":"","meta":{"_acf_changed":false,"_et_pb_use_builder":"on","_et_pb_old_content":"<h1>LOCATE A DEALER<\/h1>\n<h2>SEARCH FOR AN AUTHORIZED TROPIC SEAS SPAS DEALER BELOW<\/h2>\t\t\n\t\t\t<p style='text-align:center;font-size:13px;padding:10px;'>Store locator is loading from StoreRocket <a target='_blank' href='https:\/\/storerocket.io' style='font-size:13px;' rel=\"noopener\">Store Locator App<\/a>..<\/p>\t\t\n\t\t\t<iframe src=\"https:\/\/tropicseasspas.com\/locator\/locator-searcher.html\" width=\"100%\" height=\"500\" frameborder=\"0\"><\/iframe>\t\t\n\t\t<p>\u00a0<\/p><p>\u00a0<\/p><h2 style=\"text-align: center;\">Contact Us<\/h2>\n<p style=\"text-align: center;\">Please note: Response time may be delayed during holidays.<br>We appreciate your understanding.<\/p>[wbcr_php_snippet id=\"4357\"]","_et_gb_content_width":"","footnotes":""},"wf_page_folders":[],"class_list":["post-2346","page","type-page","status-publish","hentry"],"acf":[],"yoast_head":"<!-- This site is optimized with the Yoast SEO plugin v27.5 - https:\/\/yoast.com\/product\/yoast-seo-wordpress\/ -->\n<title>Locate Dealer Near Me - Locate a Dealer - Tropic Seas Spas<\/title>\n<meta name=\"description\" content=\"Locate a Tropic Seas Spas dealer near you, purchase your luxury spa hottub for health benefits and family.\" \/>\n<meta name=\"robots\" content=\"index, follow, max-snippet:-1, max-image-preview:large, max-video-preview:-1\" \/>\n<link rel=\"canonical\" href=\"https:\/\/tropicseasspas.com\/fr\/locate-a-dealer\/\" \/>\n<meta property=\"og:locale\" content=\"fr_FR\" \/>\n<meta property=\"og:type\" content=\"article\" \/>\n<meta property=\"og:title\" content=\"Locate Dealer Near Me - Locate a Dealer - Tropic Seas Spas\" \/>\n<meta property=\"og:description\" content=\"Locate a Tropic Seas Spas dealer near you, purchase your luxury spa hottub for health benefits and family.\" \/>\n<meta property=\"og:url\" content=\"https:\/\/tropicseasspas.com\/fr\/locate-a-dealer\/\" \/>\n<meta property=\"og:site_name\" content=\"Tropic Seas Spas\" \/>\n<meta property=\"article:modified_time\" content=\"2025-11-18T17:27:20+00:00\" \/>\n<meta name=\"twitter:card\" content=\"summary_large_image\" \/>\n<meta name=\"twitter:label1\" content=\"Dur\u00e9e de lecture estim\u00e9e\" \/>\n\t<meta name=\"twitter:data1\" content=\"6 minutes\" \/>\n<script type=\"application\/ld+json\" class=\"yoast-schema-graph\">{\"@context\":\"https:\\\/\\\/schema.org\",\"@graph\":[{\"@type\":\"WebPage\",\"@id\":\"https:\\\/\\\/tropicseasspas.com\\\/locate-a-dealer\\\/\",\"url\":\"https:\\\/\\\/tropicseasspas.com\\\/locate-a-dealer\\\/\",\"name\":\"Locate Dealer Near Me - Locate a Dealer - Tropic Seas Spas\",\"isPartOf\":{\"@id\":\"https:\\\/\\\/tropicseasspas.com\\\/#website\"},\"datePublished\":\"2019-06-12T20:23:47+00:00\",\"dateModified\":\"2025-11-18T17:27:20+00:00\",\"description\":\"Locate a Tropic Seas Spas dealer near you, purchase your luxury spa hottub for health benefits and family.\",\"breadcrumb\":{\"@id\":\"https:\\\/\\\/tropicseasspas.com\\\/locate-a-dealer\\\/#breadcrumb\"},\"inLanguage\":\"fr-FR\",\"potentialAction\":[{\"@type\":\"ReadAction\",\"target\":[\"https:\\\/\\\/tropicseasspas.com\\\/locate-a-dealer\\\/\"]}]},{\"@type\":\"BreadcrumbList\",\"@id\":\"https:\\\/\\\/tropicseasspas.com\\\/locate-a-dealer\\\/#breadcrumb\",\"itemListElement\":[{\"@type\":\"ListItem\",\"position\":1,\"name\":\"Home\",\"item\":\"https:\\\/\\\/tropicseasspas.com\\\/\"},{\"@type\":\"ListItem\",\"position\":2,\"name\":\"Locate a Dealer\"}]},{\"@type\":\"WebSite\",\"@id\":\"https:\\\/\\\/tropicseasspas.com\\\/#website\",\"url\":\"https:\\\/\\\/tropicseasspas.com\\\/\",\"name\":\"Tropic Seas Spas\",\"description\":\"Hot tubs handcrafted with artistry and ergonomic design.\",\"publisher\":{\"@id\":\"https:\\\/\\\/tropicseasspas.com\\\/#organization\"},\"potentialAction\":[{\"@type\":\"SearchAction\",\"target\":{\"@type\":\"EntryPoint\",\"urlTemplate\":\"https:\\\/\\\/tropicseasspas.com\\\/?s={search_term_string}\"},\"query-input\":{\"@type\":\"PropertyValueSpecification\",\"valueRequired\":true,\"valueName\":\"search_term_string\"}}],\"inLanguage\":\"fr-FR\"},{\"@type\":\"Organization\",\"@id\":\"https:\\\/\\\/tropicseasspas.com\\\/#organization\",\"name\":\"South Seas Spas\",\"url\":\"https:\\\/\\\/tropicseasspas.com\\\/\",\"logo\":{\"@type\":\"ImageObject\",\"inLanguage\":\"fr-FR\",\"@id\":\"https:\\\/\\\/tropicseasspas.com\\\/#\\\/schema\\\/logo\\\/image\\\/\",\"url\":\"https:\\\/\\\/tropicseasspas.com\\\/wp-content\\\/uploads\\\/2019\\\/02\\\/SouthSeas_AS_Logo_vertical_blue-1.png\",\"contentUrl\":\"https:\\\/\\\/tropicseasspas.com\\\/wp-content\\\/uploads\\\/2019\\\/02\\\/SouthSeas_AS_Logo_vertical_blue-1.png\",\"width\":379,\"height\":184,\"caption\":\"South Seas Spas\"},\"image\":{\"@id\":\"https:\\\/\\\/tropicseasspas.com\\\/#\\\/schema\\\/logo\\\/image\\\/\"}}]}<\/script>\n<!-- \/ Yoast SEO plugin. -->","yoast_head_json":{"title":"Locate Dealer Near Me - Locate a Dealer - Tropic Seas Spas","description":"Locate a Tropic Seas Spas dealer near you, purchase your luxury spa hottub for health benefits and family.","robots":{"index":"index","follow":"follow","max-snippet":"max-snippet:-1","max-image-preview":"max-image-preview:large","max-video-preview":"max-video-preview:-1"},"canonical":"https:\/\/tropicseasspas.com\/fr\/locate-a-dealer\/","og_locale":"fr_FR","og_type":"article","og_title":"Locate Dealer Near Me - Locate a Dealer - Tropic Seas Spas","og_description":"Locate a Tropic Seas Spas dealer near you, purchase your luxury spa hottub for health benefits and family.","og_url":"https:\/\/tropicseasspas.com\/fr\/locate-a-dealer\/","og_site_name":"Tropic Seas Spas","article_modified_time":"2025-11-18T17:27:20+00:00","twitter_card":"summary_large_image","twitter_misc":{"Dur\u00e9e de lecture estim\u00e9e":"6 minutes"},"schema":{"@context":"https:\/\/schema.org","@graph":[{"@type":"WebPage","@id":"https:\/\/tropicseasspas.com\/locate-a-dealer\/","url":"https:\/\/tropicseasspas.com\/locate-a-dealer\/","name":"Locate Dealer Near Me - Locate a Dealer - Tropic Seas Spas","isPartOf":{"@id":"https:\/\/tropicseasspas.com\/#website"},"datePublished":"2019-06-12T20:23:47+00:00","dateModified":"2025-11-18T17:27:20+00:00","description":"Locate a Tropic Seas Spas dealer near you, purchase your luxury spa hottub for health benefits and family.","breadcrumb":{"@id":"https:\/\/tropicseasspas.com\/locate-a-dealer\/#breadcrumb"},"inLanguage":"fr-FR","potentialAction":[{"@type":"ReadAction","target":["https:\/\/tropicseasspas.com\/locate-a-dealer\/"]}]},{"@type":"BreadcrumbList","@id":"https:\/\/tropicseasspas.com\/locate-a-dealer\/#breadcrumb","itemListElement":[{"@type":"ListItem","position":1,"name":"Home","item":"https:\/\/tropicseasspas.com\/"},{"@type":"ListItem","position":2,"name":"Locate a Dealer"}]},{"@type":"WebSite","@id":"https:\/\/tropicseasspas.com\/#website","url":"https:\/\/tropicseasspas.com\/","name":"Spas des mers tropicales","description":"Spas fabriqu\u00e9s \u00e0 la main avec un design artistique et ergonomique.","publisher":{"@id":"https:\/\/tropicseasspas.com\/#organization"},"potentialAction":[{"@type":"SearchAction","target":{"@type":"EntryPoint","urlTemplate":"https:\/\/tropicseasspas.com\/?s={search_term_string}"},"query-input":{"@type":"PropertyValueSpecification","valueRequired":true,"valueName":"search_term_string"}}],"inLanguage":"fr-FR"},{"@type":"Organization","@id":"https:\/\/tropicseasspas.com\/#organization","name":"Spas des mers du Sud","url":"https:\/\/tropicseasspas.com\/","logo":{"@type":"ImageObject","inLanguage":"fr-FR","@id":"https:\/\/tropicseasspas.com\/#\/schema\/logo\/image\/","url":"https:\/\/tropicseasspas.com\/wp-content\/uploads\/2019\/02\/SouthSeas_AS_Logo_vertical_blue-1.png","contentUrl":"https:\/\/tropicseasspas.com\/wp-content\/uploads\/2019\/02\/SouthSeas_AS_Logo_vertical_blue-1.png","width":379,"height":184,"caption":"South Seas Spas"},"image":{"@id":"https:\/\/tropicseasspas.com\/#\/schema\/logo\/image\/"}}]}},"_links":{"self":[{"href":"https:\/\/tropicseasspas.com\/fr\/wp-json\/wp\/v2\/pages\/2346","targetHints":{"allow":["GET"]}}],"collection":[{"href":"https:\/\/tropicseasspas.com\/fr\/wp-json\/wp\/v2\/pages"}],"about":[{"href":"https:\/\/tropicseasspas.com\/fr\/wp-json\/wp\/v2\/types\/page"}],"author":[{"embeddable":true,"href":"https:\/\/tropicseasspas.com\/fr\/wp-json\/wp\/v2\/users\/3"}],"replies":[{"embeddable":true,"href":"https:\/\/tropicseasspas.com\/fr\/wp-json\/wp\/v2\/comments?post=2346"}],"version-history":[{"count":4,"href":"https:\/\/tropicseasspas.com\/fr\/wp-json\/wp\/v2\/pages\/2346\/revisions"}],"predecessor-version":[{"id":345683,"href":"https:\/\/tropicseasspas.com\/fr\/wp-json\/wp\/v2\/pages\/2346\/revisions\/345683"}],"wp:attachment":[{"href":"https:\/\/tropicseasspas.com\/fr\/wp-json\/wp\/v2\/media?parent=2346"}],"wp:term":[{"taxonomy":"wf_page_folders","embeddable":true,"href":"https:\/\/tropicseasspas.com\/fr\/wp-json\/wp\/v2\/wf_page_folders?post=2346"}],"curies":[{"name":"wp","href":"https:\/\/api.w.org\/{rel}","templated":true}]}}